{"id":52218,"date":"2025-11-06T16:13:16","date_gmt":"2025-11-06T16:13:16","guid":{"rendered":"https:\/\/www.newyorkinfo.nl\/inseln-in-new-york-city-tipps-und-infos\/"},"modified":"2025-11-10T17:22:29","modified_gmt":"2025-11-10T17:22:29","slug":"inseln-in-new-york-city","status":"publish","type":"page","link":"https:\/\/www.newyorkinfo.nl\/de\/inseln-in-new-york-city\/","title":{"rendered":"Inseln in New York City: Tipps und Infos"},"content":{"rendered":"\t\t<div data-elementor-type=\"wp-page\" data-elementor-id=\"52218\" class=\"elementor elementor-52218 elementor-52164\" data-elementor-post-type=\"page\">\n\t\t\t\t<div class=\"elementor-element elementor-element-893e521 e-flex e-con-boxed e-con e-parent\" data-id=\"893e521\" data-element_type=\"container\" data-e-type=\"container\">\n\t\t\t\t\t<div class=\"e-con-inner\">\n\t\t\t\t<div class=\"elementor-element elementor-element-df9abb1 elementor-widget elementor-widget-heading\" data-id=\"df9abb1\" data-element_type=\"widget\" data-e-type=\"widget\" data-widget_type=\"heading.default\">\n\t\t\t\t<div class=\"elementor-widget-container\">\n\t\t\t\t\t<h1 class=\"elementor-heading-title elementor-size-default\">Inseln in New York<\/h1>\t\t\t\t<\/div>\n\t\t\t\t<\/div>\n\t\t\t\t\t<\/div>\n\t\t\t\t<\/div>\n\t\t<div class=\"elementor-element elementor-element-f63731f e-flex e-con-boxed e-con e-parent\" data-id=\"f63731f\" data-element_type=\"container\" data-e-type=\"container\">\n\t\t\t\t\t<div class=\"e-con-inner\">\n\t\t\t\t<div class=\"elementor-element elementor-element-6c78552 elementor-widget elementor-widget-text-editor\" data-id=\"6c78552\" data-element_type=\"widget\" data-e-type=\"widget\" data-widget_type=\"text-editor.default\">\n\t\t\t\t<div class=\"elementor-widget-container\">\n\t\t\t\t\t\t\t\t\t<p>New York ist nicht nur eine Stadt der Wolkenkratzer und Menschenmassen, sondern auch eine Stadt voller Inseln. Insgesamt gibt es in New York mehr als 200 Inseln, die von klein und ruhig bis hin zu gro\u00df und \u00fcberlaufen reichen. Unter all diesen Inseln gibt es einige, die besonders beliebt und auf jeden Fall einen Besuch wert sind, wegen ihrer Geschichte, Natur oder einzigartigen Sehensw\u00fcrdigkeiten.  <\/p>\t\t\t\t\t\t\t\t<\/div>\n\t\t\t\t<\/div>\n\t\t\t\t\t<\/div>\n\t\t\t\t<\/div>\n\t\t<div class=\"elementor-element elementor-element-f2c1110 e-flex e-con-boxed e-con e-parent\" data-id=\"f2c1110\" data-element_type=\"container\" data-e-type=\"container\">\n\t\t\t\t\t<div class=\"e-con-inner\">\n\t\t\t\t<div class=\"elementor-element elementor-element-8bc67e3 elementor-widget elementor-widget-heading\" data-id=\"8bc67e3\" data-element_type=\"widget\" data-e-type=\"widget\" data-widget_type=\"heading.default\">\n\t\t\t\t<div class=\"elementor-widget-container\">\n\t\t\t\t\t<h2 class=\"elementor-heading-title elementor-size-default\">Die sch\u00f6nsten Inseln in New York<\/h2>\t\t\t\t<\/div>\n\t\t\t\t<\/div>\n\t\t\t\t\t<\/div>\n\t\t\t\t<\/div>\n\t\t<div class=\"elementor-element elementor-element-376fd6e e-flex e-con-boxed e-con e-parent\" data-id=\"376fd6e\" data-element_type=\"container\" data-e-type=\"container\">\n\t\t\t\t\t<div class=\"e-con-inner\">\n\t\t\t\t<div class=\"elementor-element elementor-element-13fb1c7 elementor-widget elementor-widget-text-editor\" data-id=\"13fb1c7\" data-element_type=\"widget\" data-e-type=\"widget\" data-widget_type=\"text-editor.default\">\n\t\t\t\t<div class=\"elementor-widget-container\">\n\t\t\t\t\t\t\t\t\t<h3>1. Gouverneursinsel<\/h3><p>Governors Island ist eine der beliebtesten Inseln in der N\u00e4he von Manhattan. Sie ist ideal f\u00fcr einen entspannten Tagesausflug. Sie k\u00f6nnen dort spazieren gehen, Rad fahren und die sch\u00f6ne Aussicht auf die Stadt und den Fluss genie\u00dfen. Auf der Insel gibt es gem\u00fctliche Caf\u00e9s, Kunstausstellungen und manchmal Live-Musik oder M\u00e4rkte.   <\/p><h3>2. Roosevelt Insel<\/h3><p>Roosevelt Island liegt in der Mitte des East River und ist mit der Seilbahn oder der U-Bahn zu erreichen. Es ist eine friedliche Insel mit gr\u00fcnen Parks und einem atemberaubenden Blick auf Manhattan. Ideal f\u00fcr einen Spaziergang oder einen ruhigen Moment abseits des Trubels der Stadt.  <\/p><h3>3. Ellis-Insel<\/h3><p>Eine weitere ber\u00fchmte Insel ist Ellis Island, die eine wichtige Rolle in der Geschichte der Einwanderung in Amerika spielte. Auf der Insel gibt es ein Museum, in dem Sie alles \u00fcber die Millionen von Menschen erfahren k\u00f6nnen, die \u00fcber Ellis Island in die Vereinigten Staaten kamen. <\/p><h3>4. Freiheitsinsel<\/h3><p>Liberty Island ist ber\u00fchmt f\u00fcr die Freiheitsstatue, ein weltweites Symbol der Freiheit. Besucher k\u00f6nnen sich der Statue n\u00e4hern, Fotos machen und den Sockel oder die Krone besuchen, wenn sie Tickets buchen. <\/p><h3>5. Staten Island<\/h3><p>Staten Island ist eine gr\u00f6\u00dfere Insel, die vor allem f\u00fcr ihre Natur, Parks und ruhigen Viertel bekannt ist. Es ist ein sch\u00f6ner Ort, um dem Trubel von Manhattan f\u00fcr eine Weile zu entkommen. Mit der kostenlosen Staten Island Ferry hat man au\u00dferdem einen tollen Blick auf die Skyline und die Freiheitsstatue.  <\/p><h3>6. Kleine Insel<\/h3><p>Ein modernes und einzigartiges Ausflugsziel ist Little Island, ein schwimmender Park mit ungew\u00f6hnlicher Architektur, Gr\u00fcnfl\u00e4chen und h\u00e4ufigen Live-Auftritten. Ein toller Ort zum Spazierengehen, Fotografieren oder um eine Auff\u00fchrung im Freien zu genie\u00dfen. <\/p><h3>7. Coney Island<\/h3><p>Coney Island ist eine der ber\u00fchmtesten Freizeitinseln New Yorks und im Sommer ein echtes Muss. Hier finden Sie einen Strand, einen Pier, einen Vergn\u00fcgungspark und die ber\u00fchmten Hot Dogs. Es ist ein Ort voller Spa\u00df, Geschichte und klassischer amerikanischer Fahrgesch\u00e4fte. Perfekt f\u00fcr Familien, Freunde oder diejenigen, die einfach nur einen sch\u00f6nen Tag am Strand verbringen wollen.   <\/p><p>Diese Inseln sind nur einige der vielen Inseln in New York, aber sie geh\u00f6ren zu den beliebtesten Ausflugszielen. Wenn Sie neugierig sind und mehr \u00fcber die verschiedenen Inseln in New York erfahren m\u00f6chten, k\u00f6nnen Sie in meinen Blogs unten weitere Tipps und Informationen lesen. <\/p>\t\t\t\t\t\t\t\t<\/div>\n\t\t\t\t<\/div>\n\t\t\t\t\t<\/div>\n\t\t\t\t<\/div>\n\t\t<div class=\"elementor-element elementor-element-483846d e-flex e-con-boxed e-con e-parent\" data-id=\"483846d\" data-element_type=\"container\" data-e-type=\"container\">\n\t\t\t\t\t<div class=\"e-con-inner\">\n\t\t<div class=\"elementor-element elementor-element-8cbda04 e-con-full e-flex e-con e-child\" data-id=\"8cbda04\" data-element_type=\"container\" data-e-type=\"container\">\n\t\t\t\t<div class=\"elementor-element elementor-element-05817fd elementor-cta--skin-cover elementor-animated-content elementor-bg-transform elementor-bg-transform-zoom-in elementor-widget elementor-widget-call-to-action\" data-id=\"05817fd\" data-element_type=\"widget\" data-e-type=\"widget\" data-widget_type=\"call-to-action.default\">\n\t\t\t\t<div class=\"elementor-widget-container\">\n\t\t\t\t\t\t\t<div class=\"elementor-cta\">\n\t\t\t\t\t<div class=\"elementor-cta__bg-wrapper\">\n\t\t\t\t<div class=\"elementor-cta__bg elementor-bg\" style=\"background-image: url(https:\/\/i0.wp.com\/www.newyorkinfo.nl\/wp-content\/uploads\/2025\/01\/Governors-Island-scaled.webp?fit=1024%2C572&#038;ssl=1);\" role=\"img\" aria-label=\"Stadtviertel New York, Gouverneursinsel\"><\/div>\n\t\t\t\t<div class=\"elementor-cta__bg-overlay\"><\/div>\n\t\t\t<\/div>\n\t\t\t\t\t\t\t<div class=\"elementor-cta__content\">\n\t\t\t\t\n\t\t\t\t\n\t\t\t\t\n\t\t\t\t\t\t\t\t\t<div class=\"elementor-cta__button-wrapper elementor-cta__content-item elementor-content-item elementor-animated-item--grow\">\n\t\t\t\t\t<a class=\"elementor-cta__button elementor-button elementor-size-\" href=\"https:\/\/www.newyorkinfo.nl\/de\/sehenswurdigkeiten-in-new-york\/governors-island\/\" target=\"_blank\">\n\t\t\t\t\t\tGouverneursinsel\t\t\t\t\t<\/a>\n\t\t\t\t\t<\/div>\n\t\t\t\t\t\t\t<\/div>\n\t\t\t\t\t\t<\/div>\n\t\t\t\t\t\t<\/div>\n\t\t\t\t<\/div>\n\t\t\t\t<\/div>\n\t\t<div class=\"elementor-element elementor-element-69a300c e-con-full e-flex e-con e-child\" data-id=\"69a300c\" data-element_type=\"container\" data-e-type=\"container\">\n\t\t\t\t<div class=\"elementor-element elementor-element-5b607b0 elementor-cta--skin-cover elementor-animated-content elementor-bg-transform elementor-bg-transform-zoom-in elementor-widget elementor-widget-call-to-action\" data-id=\"5b607b0\" data-element_type=\"widget\" data-e-type=\"widget\" data-widget_type=\"call-to-action.default\">\n\t\t\t\t<div class=\"elementor-widget-container\">\n\t\t\t\t\t\t\t<div class=\"elementor-cta\">\n\t\t\t\t\t<div class=\"elementor-cta__bg-wrapper\">\n\t\t\t\t<div class=\"elementor-cta__bg elementor-bg\" style=\"background-image: url(https:\/\/i0.wp.com\/www.newyorkinfo.nl\/wp-content\/uploads\/2024\/07\/Roosevelt-Island-in-New-Yoek-scaled.webp?fit=1024%2C572&#038;ssl=1);\" role=\"img\" aria-label=\"Stadtviertel New York, Roosevelt Island\"><\/div>\n\t\t\t\t<div class=\"elementor-cta__bg-overlay\"><\/div>\n\t\t\t<\/div>\n\t\t\t\t\t\t\t<div class=\"elementor-cta__content\">\n\t\t\t\t\n\t\t\t\t\n\t\t\t\t\n\t\t\t\t\t\t\t\t\t<div class=\"elementor-cta__button-wrapper elementor-cta__content-item elementor-content-item elementor-animated-item--grow\">\n\t\t\t\t\t<a class=\"elementor-cta__button elementor-button elementor-size-\" href=\"https:\/\/www.newyorkinfo.nl\/de\/sehenswurdigkeiten-in-new-york\/roosevelt-island-tram-in-new-york\/\" target=\"_blank\">\n\t\t\t\t\t\tRoosevelt Island\t\t\t\t\t<\/a>\n\t\t\t\t\t<\/div>\n\t\t\t\t\t\t\t<\/div>\n\t\t\t\t\t\t<\/div>\n\t\t\t\t\t\t<\/div>\n\t\t\t\t<\/div>\n\t\t\t\t<\/div>\n\t\t<div class=\"elementor-element elementor-element-c0f68b5 e-con-full e-flex e-con e-child\" data-id=\"c0f68b5\" data-element_type=\"container\" data-e-type=\"container\">\n\t\t\t\t<div class=\"elementor-element elementor-element-833b8c8 elementor-cta--skin-cover elementor-animated-content elementor-bg-transform elementor-bg-transform-zoom-in elementor-widget elementor-widget-call-to-action\" data-id=\"833b8c8\" data-element_type=\"widget\" data-e-type=\"widget\" data-widget_type=\"call-to-action.default\">\n\t\t\t\t<div class=\"elementor-widget-container\">\n\t\t\t\t\t\t\t<div class=\"elementor-cta\">\n\t\t\t\t\t<div class=\"elementor-cta__bg-wrapper\">\n\t\t\t\t<div class=\"elementor-cta__bg elementor-bg\" style=\"background-image: url(https:\/\/i0.wp.com\/www.newyorkinfo.nl\/wp-content\/uploads\/2025\/04\/Ellis-Island-in-New-York-City-scaled.webp?fit=1024%2C572&#038;ssl=1);\" role=\"img\" aria-label=\"Ellis Island in New York\"><\/div>\n\t\t\t\t<div class=\"elementor-cta__bg-overlay\"><\/div>\n\t\t\t<\/div>\n\t\t\t\t\t\t\t<div class=\"elementor-cta__content\">\n\t\t\t\t\n\t\t\t\t\n\t\t\t\t\n\t\t\t\t\t\t\t\t\t<div class=\"elementor-cta__button-wrapper elementor-cta__content-item elementor-content-item elementor-animated-item--grow\">\n\t\t\t\t\t<a class=\"elementor-cta__button elementor-button elementor-size-\" href=\"https:\/\/www.newyorkinfo.nl\/de\/sehenswurdigkeiten-in-new-york\/ellis-island-in-new-york-besuchen\/\" target=\"_blank\">\n\t\t\t\t\t\tEllis Island  \t\t\t\t\t<\/a>\n\t\t\t\t\t<\/div>\n\t\t\t\t\t\t\t<\/div>\n\t\t\t\t\t\t<\/div>\n\t\t\t\t\t\t<\/div>\n\t\t\t\t<\/div>\n\t\t\t\t<\/div>\n\t\t\t\t\t<\/div>\n\t\t\t\t<\/div>\n\t\t<div class=\"elementor-element elementor-element-be5c5e0 e-flex e-con-boxed e-con e-parent\" data-id=\"be5c5e0\" data-element_type=\"container\" data-e-type=\"container\">\n\t\t\t\t\t<div class=\"e-con-inner\">\n\t\t<div class=\"elementor-element elementor-element-99ff789 e-con-full e-flex e-con e-child\" data-id=\"99ff789\" data-element_type=\"container\" data-e-type=\"container\">\n\t\t\t\t<div class=\"elementor-element elementor-element-38ffb98 elementor-cta--skin-cover elementor-animated-content elementor-bg-transform elementor-bg-transform-zoom-in elementor-widget elementor-widget-call-to-action\" data-id=\"38ffb98\" data-element_type=\"widget\" data-e-type=\"widget\" data-widget_type=\"call-to-action.default\">\n\t\t\t\t<div class=\"elementor-widget-container\">\n\t\t\t\t\t\t\t<div class=\"elementor-cta\">\n\t\t\t\t\t<div class=\"elementor-cta__bg-wrapper\">\n\t\t\t\t<div class=\"elementor-cta__bg elementor-bg\" style=\"background-image: url(https:\/\/i0.wp.com\/www.newyorkinfo.nl\/wp-content\/uploads\/2025\/11\/Liberty-Island-in-New-York-City-scaled.webp?fit=1024%2C572&#038;ssl=1);\" role=\"img\" aria-label=\"Liberty Island in New York City\"><\/div>\n\t\t\t\t<div class=\"elementor-cta__bg-overlay\"><\/div>\n\t\t\t<\/div>\n\t\t\t\t\t\t\t<div class=\"elementor-cta__content\">\n\t\t\t\t\n\t\t\t\t\n\t\t\t\t\n\t\t\t\t\t\t\t\t\t<div class=\"elementor-cta__button-wrapper elementor-cta__content-item elementor-content-item elementor-animated-item--grow\">\n\t\t\t\t\t<a class=\"elementor-cta__button elementor-button elementor-size-\" href=\"https:\/\/www.newyorkinfo.nl\/de\/sehenswurdigkeiten-in-new-york\/liberty-island-new-york\/\" target=\"_blank\">\n\t\t\t\t\t\tFreiheitsinsel\t\t\t\t\t<\/a>\n\t\t\t\t\t<\/div>\n\t\t\t\t\t\t\t<\/div>\n\t\t\t\t\t\t<\/div>\n\t\t\t\t\t\t<\/div>\n\t\t\t\t<\/div>\n\t\t\t\t<\/div>\n\t\t<div class=\"elementor-element elementor-element-93b9888 e-con-full e-flex e-con e-child\" data-id=\"93b9888\" data-element_type=\"container\" data-e-type=\"container\">\n\t\t\t\t<div class=\"elementor-element elementor-element-2997c90 elementor-cta--skin-cover elementor-animated-content elementor-bg-transform elementor-bg-transform-zoom-in elementor-widget elementor-widget-call-to-action\" data-id=\"2997c90\" data-element_type=\"widget\" data-e-type=\"widget\" data-widget_type=\"call-to-action.default\">\n\t\t\t\t<div class=\"elementor-widget-container\">\n\t\t\t\t\t\t\t<div class=\"elementor-cta\">\n\t\t\t\t\t<div class=\"elementor-cta__bg-wrapper\">\n\t\t\t\t<div class=\"elementor-cta__bg elementor-bg\" style=\"background-image: url(https:\/\/i0.wp.com\/www.newyorkinfo.nl\/wp-content\/uploads\/2024\/07\/Staten-Island-in-New-York-scaled.webp?fit=1024%2C572&#038;ssl=1);\" role=\"img\" aria-label=\"Staten Island in New York Die f\u00fcnf Stadtbezirke von New York City Die f\u00fcnf Bezirke von New York City\"><\/div>\n\t\t\t\t<div class=\"elementor-cta__bg-overlay\"><\/div>\n\t\t\t<\/div>\n\t\t\t\t\t\t\t<div class=\"elementor-cta__content\">\n\t\t\t\t\n\t\t\t\t\n\t\t\t\t\n\t\t\t\t\t\t\t\t\t<div class=\"elementor-cta__button-wrapper elementor-cta__content-item elementor-content-item elementor-animated-item--grow\">\n\t\t\t\t\t<a class=\"elementor-cta__button elementor-button elementor-size-\" href=\"https:\/\/www.newyorkinfo.nl\/de\/sehenswurdigkeiten-in-new-york\/staten-island-in-new-york\/\" target=\"_blank\">\n\t\t\t\t\t\tStaten Island\t\t\t\t\t<\/a>\n\t\t\t\t\t<\/div>\n\t\t\t\t\t\t\t<\/div>\n\t\t\t\t\t\t<\/div>\n\t\t\t\t\t\t<\/div>\n\t\t\t\t<\/div>\n\t\t\t\t<\/div>\n\t\t<div class=\"elementor-element elementor-element-269fa1d e-con-full e-flex e-con e-child\" data-id=\"269fa1d\" data-element_type=\"container\" data-e-type=\"container\">\n\t\t\t\t<div class=\"elementor-element elementor-element-4996d8d elementor-cta--skin-cover elementor-animated-content elementor-bg-transform elementor-bg-transform-zoom-in elementor-widget elementor-widget-call-to-action\" data-id=\"4996d8d\" data-element_type=\"widget\" data-e-type=\"widget\" data-widget_type=\"call-to-action.default\">\n\t\t\t\t<div class=\"elementor-widget-container\">\n\t\t\t\t\t\t\t<div class=\"elementor-cta\">\n\t\t\t\t\t<div class=\"elementor-cta__bg-wrapper\">\n\t\t\t\t<div class=\"elementor-cta__bg elementor-bg\" style=\"background-image: url(https:\/\/i0.wp.com\/www.newyorkinfo.nl\/wp-content\/uploads\/2024\/02\/High-Line-Park-scaled.jpg?fit=1024%2C684&#038;ssl=1);\" role=\"img\" aria-label=\"Kleine Insel\"><\/div>\n\t\t\t\t<div class=\"elementor-cta__bg-overlay\"><\/div>\n\t\t\t<\/div>\n\t\t\t\t\t\t\t<div class=\"elementor-cta__content\">\n\t\t\t\t\n\t\t\t\t\n\t\t\t\t\n\t\t\t\t\t\t\t\t\t<div class=\"elementor-cta__button-wrapper elementor-cta__content-item elementor-content-item elementor-animated-item--grow\">\n\t\t\t\t\t<a class=\"elementor-cta__button elementor-button elementor-size-\" href=\"https:\/\/www.newyorkinfo.nl\/de\/sehenswurdigkeiten-in-new-york\/little-island-in-new-york\/\" target=\"_blank\">\n\t\t\t\t\t\tKleine Insel\t\t\t\t\t<\/a>\n\t\t\t\t\t<\/div>\n\t\t\t\t\t\t\t<\/div>\n\t\t\t\t\t\t<\/div>\n\t\t\t\t\t\t<\/div>\n\t\t\t\t<\/div>\n\t\t\t\t<\/div>\n\t\t\t\t\t<\/div>\n\t\t\t\t<\/div>\n\t\t<div class=\"elementor-element elementor-element-5fbc8e6 e-flex e-con-boxed e-con e-parent\" data-id=\"5fbc8e6\" data-element_type=\"container\" data-e-type=\"container\">\n\t\t\t\t\t<div class=\"e-con-inner\">\n\t\t<div class=\"elementor-element elementor-element-e1238e3 e-con-full e-flex e-con e-child\" data-id=\"e1238e3\" data-element_type=\"container\" data-e-type=\"container\">\n\t\t\t\t<div class=\"elementor-element elementor-element-c2c89b7 elementor-cta--skin-cover elementor-animated-content elementor-bg-transform elementor-bg-transform-zoom-in elementor-widget elementor-widget-call-to-action\" data-id=\"c2c89b7\" data-element_type=\"widget\" data-e-type=\"widget\" data-widget_type=\"call-to-action.default\">\n\t\t\t\t<div class=\"elementor-widget-container\">\n\t\t\t\t\t\t\t<div class=\"elementor-cta\">\n\t\t\t\t\t<div class=\"elementor-cta__bg-wrapper\">\n\t\t\t\t<div class=\"elementor-cta__bg elementor-bg\" style=\"background-image: url(https:\/\/i0.wp.com\/www.newyorkinfo.nl\/wp-content\/uploads\/2024\/05\/Coney-Island-in-New-York-scaled.webp?fit=1024%2C572&#038;ssl=1);\" role=\"img\" aria-label=\"Stadtviertel New York, Coney Island\"><\/div>\n\t\t\t\t<div class=\"elementor-cta__bg-overlay\"><\/div>\n\t\t\t<\/div>\n\t\t\t\t\t\t\t<div class=\"elementor-cta__content\">\n\t\t\t\t\n\t\t\t\t\n\t\t\t\t\n\t\t\t\t\t\t\t\t\t<div class=\"elementor-cta__button-wrapper elementor-cta__content-item elementor-content-item elementor-animated-item--grow\">\n\t\t\t\t\t<a class=\"elementor-cta__button elementor-button elementor-size-\" href=\"https:\/\/www.newyorkinfo.nl\/de\/sehenswurdigkeiten-in-new-york\/coney-island-in-new-york-lohnt-sich-ein-besuch\/\" target=\"_blank\">\n\t\t\t\t\t\tConey Island\t\t\t\t\t<\/a>\n\t\t\t\t\t<\/div>\n\t\t\t\t\t\t\t<\/div>\n\t\t\t\t\t\t<\/div>\n\t\t\t\t\t\t<\/div>\n\t\t\t\t<\/div>\n\t\t\t\t<\/div>\n\t\t<div class=\"elementor-element elementor-element-9c4e644 e-con-full e-flex e-con e-child\" data-id=\"9c4e644\" data-element_type=\"container\" data-e-type=\"container\">\n\t\t\t\t<\/div>\n\t\t<div class=\"elementor-element elementor-element-9581e59 e-con-full e-flex e-con e-child\" data-id=\"9581e59\" data-element_type=\"container\" data-e-type=\"container\">\n\t\t\t\t<\/div>\n\t\t\t\t\t<\/div>\n\t\t\t\t<\/div>\n\t\t<div class=\"elementor-element elementor-element-5188bfa e-flex e-con-boxed e-con e-parent\" data-id=\"5188bfa\" data-element_type=\"container\" data-e-type=\"container\">\n\t\t\t\t\t<div class=\"e-con-inner\">\n\t\t\t\t<div class=\"elementor-element elementor-element-58fac84 elementor-widget elementor-widget-author-box\" data-id=\"58fac84\" data-element_type=\"widget\" data-e-type=\"widget\" data-widget_type=\"author-box.default\">\n\t\t\t\t<div class=\"elementor-widget-container\">\n\t\t\t\t\t\t\t<div class=\"elementor-author-box\">\n\t\t\t\t\t\t\t<div  class=\"elementor-author-box__avatar\">\n\t\t\t\t\t<img data-recalc-dims=\"1\" decoding=\"async\" src=\"https:\/\/i0.wp.com\/www.newyorkinfo.nl\/wp-content\/uploads\/2024\/01\/edward-New-York-info.webp?w=1140&#038;ssl=1\" alt=\"Bild von New York Info\" loading=\"lazy\">\n\t\t\t\t<\/div>\n\t\t\t\n\t\t\t<div class=\"elementor-author-box__text\">\n\t\t\t\t\t\t\t\t\t<div >\n\t\t\t\t\t\t<h4 class=\"elementor-author-box__name\">\n\t\t\t\t\t\t\tNew York Info\t\t\t\t\t\t<\/h4>\n\t\t\t\t\t<\/div>\n\t\t\t\t\n\t\t\t\t\t\t\t\t\t<div class=\"elementor-author-box__bio\">\n\t\t\t\t\t\t<p>Hallo, ich bin Edward, verr\u00fcckt nach New York und allem, was diese Stadt so besonders macht. Auf New York Info finden Sie meine besten Tipps und Empfehlungen f\u00fcr Ihre Reise! <\/p>\n\t\t\t\t\t<\/div>\n\t\t\t\t\n\t\t\t\t\t\t\t\t\t<a class=\"elementor-author-box__button elementor-button elementor-size-xs\" href=\"https:\/\/www.newyorkinfo.nl\/de\/ueber-uns\/\">\n\t\t\t\t\t\tMehr \u00fcber mich\t\t\t\t\t<\/a>\n\t\t\t\t\t\t\t<\/div>\n\t\t<\/div>\n\t\t\t\t\t\t<\/div>\n\t\t\t\t<\/div>\n\t\t\t\t\t<\/div>\n\t\t\t\t<\/div>\n\t\t\t\t<\/div>\n\t\t","protected":false},"excerpt":{"rendered":"<p>Inseln in New York New York ist nicht nur eine Stadt der Wolkenkratzer und Menschenmassen, sondern auch eine Stadt voller Inseln. Insgesamt gibt es in New York mehr als 200 Inseln, die von klein und ruhig bis hin zu gro\u00df und \u00fcberlaufen reichen. Unter all diesen Inseln gibt es einige, die besonders beliebt und auf [&hellip;]<\/p>\n","protected":false},"author":1,"featured_media":0,"parent":0,"menu_order":0,"comment_status":"closed","ping_status":"closed","template":"","meta":{"footnotes":""},"class_list":["post-52218","page","type-page","status-publish","hentry"],"aioseo_notices":[],"_links":{"self":[{"href":"https:\/\/www.newyorkinfo.nl\/de\/wp-json\/wp\/v2\/pages\/52218","targetHints":{"allow":["GET"]}}],"collection":[{"href":"https:\/\/www.newyorkinfo.nl\/de\/wp-json\/wp\/v2\/pages"}],"about":[{"href":"https:\/\/www.newyorkinfo.nl\/de\/wp-json\/wp\/v2\/types\/page"}],"author":[{"embeddable":true,"href":"https:\/\/www.newyorkinfo.nl\/de\/wp-json\/wp\/v2\/users\/1"}],"replies":[{"embeddable":true,"href":"https:\/\/www.newyorkinfo.nl\/de\/wp-json\/wp\/v2\/comments?post=52218"}],"version-history":[{"count":0,"href":"https:\/\/www.newyorkinfo.nl\/de\/wp-json\/wp\/v2\/pages\/52218\/revisions"}],"wp:attachment":[{"href":"https:\/\/www.newyorkinfo.nl\/de\/wp-json\/wp\/v2\/media?parent=52218"}],"curies":[{"name":"wp","href":"https:\/\/api.w.org\/{rel}","templated":true}]}}