{"id":52135,"date":"2025-11-06T14:49:26","date_gmt":"2025-11-06T14:49:26","guid":{"rendered":"https:\/\/www.newyorkinfo.nl\/little-italy-in-new-york-city-tipps-und-infos\/"},"modified":"2025-11-06T14:59:59","modified_gmt":"2025-11-06T14:59:59","slug":"little-italy-in-new-york-reisefuhrer","status":"publish","type":"page","link":"https:\/\/www.newyorkinfo.nl\/de\/little-italy-in-new-york-reisefuhrer\/","title":{"rendered":"Little Italy in New York City: Tipps und Infos"},"content":{"rendered":"\t\t<div data-elementor-type=\"wp-page\" data-elementor-id=\"52135\" class=\"elementor elementor-52135 elementor-52109\" data-elementor-post-type=\"page\">\n\t\t\t\t<div class=\"elementor-element elementor-element-03ace75 e-flex e-con-boxed e-con e-parent\" data-id=\"03ace75\" data-element_type=\"container\" data-e-type=\"container\">\n\t\t\t\t\t<div class=\"e-con-inner\">\n\t\t\t\t<div class=\"elementor-element elementor-element-b603df1 elementor-widget elementor-widget-heading\" data-id=\"b603df1\" data-element_type=\"widget\" data-e-type=\"widget\" data-widget_type=\"heading.default\">\n\t\t\t\t<div class=\"elementor-widget-container\">\n\t\t\t\t\t<h1 class=\"elementor-heading-title elementor-size-default\">Klein-Italien in New York<\/h1>\t\t\t\t<\/div>\n\t\t\t\t<\/div>\n\t\t\t\t\t<\/div>\n\t\t\t\t<\/div>\n\t\t<div class=\"elementor-element elementor-element-847ab6f e-flex e-con-boxed e-con e-parent\" data-id=\"847ab6f\" data-element_type=\"container\" data-e-type=\"container\">\n\t\t\t\t\t<div class=\"e-con-inner\">\n\t\t\t\t<div class=\"elementor-element elementor-element-1e18b5f elementor-widget elementor-widget-text-editor\" data-id=\"1e18b5f\" data-element_type=\"widget\" data-e-type=\"widget\" data-widget_type=\"text-editor.default\">\n\t\t\t\t<div class=\"elementor-widget-container\">\n\t\t\t\t\t\t\t\t\t<p data-start=\"359\" data-end=\"876\">Das im Herzen Manhattans gelegene Little Italy in New York ist eines der ber\u00fchmtesten italienischen Viertel der Stadt. Touristen kommen hierher, um die Atmosph\u00e4re des alten New York mit seinen engen Gassen, klassischen Fassaden und gem\u00fctlichen Lokalen aufzusaugen. Die Hauptstra\u00dfe Mulberry Street ist das Zentrum des Viertels. Hier finden Sie beliebte Restaurants, in denen Sie frische Pasta, Pizza und Cannoli genie\u00dfen k\u00f6nnen. In vielen Gesch\u00e4ften werden noch immer italienische Produkte verkauft, von Oliven\u00f6l bis zu handgefertigten Souvenirs.    <\/p><p data-start=\"878\" data-end=\"1313\">Eine der bekanntesten Veranstaltungen ist das Fest von San Gennaro, das jedes Jahr im September stattfindet. Dieses Stra\u00dfenfest lockt Tausende von Besuchern mit Live-Musik, Paraden und Stra\u00dfenst\u00e4nden voller italienischer Speisen an. Little Italy liegt in der N\u00e4he von Chinatown und SoHo und l\u00e4sst sich daher leicht mit anderen beliebten Vierteln kombinieren. Sie k\u00f6nnen Little Italy bequem mit der U-Bahn erreichen &#8211; steigen Sie an der Canal Street oder Spring Street aus.   <\/p>\t\t\t\t\t\t\t\t<\/div>\n\t\t\t\t<\/div>\n\t\t\t\t\t<\/div>\n\t\t\t\t<\/div>\n\t\t<div class=\"elementor-element elementor-element-edcb8ff e-flex e-con-boxed e-con e-parent\" data-id=\"edcb8ff\" data-element_type=\"container\" data-e-type=\"container\">\n\t\t\t\t\t<div class=\"e-con-inner\">\n\t\t\t\t<div class=\"elementor-element elementor-element-c858270 elementor-widget elementor-widget-heading\" data-id=\"c858270\" data-element_type=\"widget\" data-e-type=\"widget\" data-widget_type=\"heading.default\">\n\t\t\t\t<div class=\"elementor-widget-container\">\n\t\t\t\t\t<h2 class=\"elementor-heading-title elementor-size-default\">Weitere italienische Stadtteile in New York<\/h2>\t\t\t\t<\/div>\n\t\t\t\t<\/div>\n\t\t\t\t\t<\/div>\n\t\t\t\t<\/div>\n\t\t<div class=\"elementor-element elementor-element-b5cf470 e-flex e-con-boxed e-con e-parent\" data-id=\"b5cf470\" data-element_type=\"container\" data-e-type=\"container\">\n\t\t\t\t\t<div class=\"e-con-inner\">\n\t\t\t\t<div class=\"elementor-element elementor-element-142227d elementor-widget elementor-widget-text-editor\" data-id=\"142227d\" data-element_type=\"widget\" data-e-type=\"widget\" data-widget_type=\"text-editor.default\">\n\t\t\t\t<div class=\"elementor-widget-container\">\n\t\t\t\t\t\t\t\t\t<p>Wenn Sie mehr italienische Atmosph\u00e4re in New York erleben wollen, gibt es noch andere Viertel, die einen Besuch wert sind:<\/p><p><strong>1. Arthur Avenue (The Bronx) &#8211;<\/strong> Diese Gegend wird oft als das &#8220;wahre Little Italy&#8221; bezeichnet. Es liegt im Belmont-Viertel der Bronx und ist f\u00fcr seine frischen italienischen Produkte bekannt. Hier finden Sie B\u00e4ckereien, Metzgereien und Feinkostl\u00e4den, in denen viele Einheimische ihre Eink\u00e4ufe erledigen. Der Arthur Avenue Retail Market ist ein Muss f\u00fcr Liebhaber der italienischen K\u00fcche.   <\/p><p><strong>2. Bensonhurst (Brooklyn) &#8211;<\/strong> Ein historisches Viertel, in dem noch viele italienische Familien leben. Hier finden Sie authentische italienische B\u00e4ckereien, Pizzerien und Eisdielen, die es schon seit Jahrzehnten gibt. Bensonhurst ist auch f\u00fcr alte Filme und Fernsehserien bekannt, die hier gedreht wurden. Es ist ein sch\u00f6ner Ort, um eine weniger touristische Seite von New York zu entdecken.   <\/p><p><strong>3. Howard Beach (Queens) &#8211;<\/strong> Eine ruhige Wohngegend mit starkem italienischem Hintergrund. Hier finden Sie lokale Restaurants, italienische Caf\u00e9s mit S\u00fc\u00dfspeisen und Familienbetriebe, die schon seit Generationen bestehen. Howard Beach liegt in der N\u00e4he der Jamaica Bay, so dass Sie einen Besuch in diesem Viertel leicht mit einem Spaziergang am Wasser verbinden k\u00f6nnen.  <\/p><p>M\u00f6chten Sie mehr \u00fcber diese italienischen Viertel in New York erfahren? Dann lesen Sie meine folgenden Blogs und erfahren Sie, wo Sie die beste italienische Kultur, Geschichte und K\u00fcche der Stadt finden. <\/p>\t\t\t\t\t\t\t\t<\/div>\n\t\t\t\t<\/div>\n\t\t\t\t\t<\/div>\n\t\t\t\t<\/div>\n\t\t<div class=\"elementor-element elementor-element-5aeeebd e-flex e-con-boxed e-con e-parent\" data-id=\"5aeeebd\" data-element_type=\"container\" data-e-type=\"container\">\n\t\t\t\t\t<div class=\"e-con-inner\">\n\t\t<div class=\"elementor-element elementor-element-8d2b6f3 e-con-full e-flex e-con e-child\" data-id=\"8d2b6f3\" data-element_type=\"container\" data-e-type=\"container\">\n\t\t\t\t<div class=\"elementor-element elementor-element-97c9dc8 elementor-cta--skin-cover elementor-animated-content elementor-bg-transform elementor-bg-transform-zoom-in elementor-widget elementor-widget-call-to-action\" data-id=\"97c9dc8\" data-element_type=\"widget\" data-e-type=\"widget\" data-widget_type=\"call-to-action.default\">\n\t\t\t\t<div class=\"elementor-widget-container\">\n\t\t\t\t\t\t\t<div class=\"elementor-cta\">\n\t\t\t\t\t<div class=\"elementor-cta__bg-wrapper\">\n\t\t\t\t<div class=\"elementor-cta__bg elementor-bg\" style=\"background-image: url(https:\/\/i0.wp.com\/www.newyorkinfo.nl\/wp-content\/uploads\/2024\/04\/Little-Italy-in-New-York-scaled.webp?fit=1024%2C572&#038;ssl=1);\" role=\"img\" aria-label=\"Stadtviertel New York, Little Italy , manhattan\"><\/div>\n\t\t\t\t<div class=\"elementor-cta__bg-overlay\"><\/div>\n\t\t\t<\/div>\n\t\t\t\t\t\t\t<div class=\"elementor-cta__content\">\n\t\t\t\t\n\t\t\t\t\n\t\t\t\t\n\t\t\t\t\t\t\t\t\t<div class=\"elementor-cta__button-wrapper elementor-cta__content-item elementor-content-item elementor-animated-item--grow\">\n\t\t\t\t\t<a class=\"elementor-cta__button elementor-button elementor-size-\" href=\"https:\/\/www.newyorkinfo.nl\/de\/sehenswurdigkeiten-in-new-york\/little-italy-in-new-york\/\" target=\"_blank\">\n\t\t\t\t\t\tKlein-Italien in Manhattan\t\t\t\t\t<\/a>\n\t\t\t\t\t<\/div>\n\t\t\t\t\t\t\t<\/div>\n\t\t\t\t\t\t<\/div>\n\t\t\t\t\t\t<\/div>\n\t\t\t\t<\/div>\n\t\t\t\t<\/div>\n\t\t<div class=\"elementor-element elementor-element-786a94c e-con-full e-flex e-con e-child\" data-id=\"786a94c\" data-element_type=\"container\" data-e-type=\"container\">\n\t\t\t\t<div class=\"elementor-element elementor-element-f705163 elementor-cta--skin-cover elementor-animated-content elementor-bg-transform elementor-bg-transform-zoom-in elementor-widget elementor-widget-call-to-action\" data-id=\"f705163\" data-element_type=\"widget\" data-e-type=\"widget\" data-widget_type=\"call-to-action.default\">\n\t\t\t\t<div class=\"elementor-widget-container\">\n\t\t\t\t\t\t\t<div class=\"elementor-cta\">\n\t\t\t\t\t<div class=\"elementor-cta__bg-wrapper\">\n\t\t\t\t<div class=\"elementor-cta__bg elementor-bg\" style=\"background-image: url(https:\/\/i0.wp.com\/www.newyorkinfo.nl\/wp-content\/uploads\/2025\/01\/Little-Italy-in-The-Bronx-scaled.webp?fit=1024%2C572&#038;ssl=1);\" role=\"img\" aria-label=\"Arthur Avenue in Little Italy in der Bronx\"><\/div>\n\t\t\t\t<div class=\"elementor-cta__bg-overlay\"><\/div>\n\t\t\t<\/div>\n\t\t\t\t\t\t\t<div class=\"elementor-cta__content\">\n\t\t\t\t\n\t\t\t\t\n\t\t\t\t\n\t\t\t\t\t\t\t\t\t<div class=\"elementor-cta__button-wrapper elementor-cta__content-item elementor-content-item elementor-animated-item--grow\">\n\t\t\t\t\t<a class=\"elementor-cta__button elementor-button elementor-size-\" href=\"https:\/\/www.newyorkinfo.nl\/de\/sehenswurdigkeiten-in-new-york\/little-italy-in-der-bronx-lohnt-sich-ein-besuch\/\" target=\"_blank\">\n\t\t\t\t\t\tKlein-Italien in der Bronx\t\t\t\t\t<\/a>\n\t\t\t\t\t<\/div>\n\t\t\t\t\t\t\t<\/div>\n\t\t\t\t\t\t<\/div>\n\t\t\t\t\t\t<\/div>\n\t\t\t\t<\/div>\n\t\t\t\t<\/div>\n\t\t<div class=\"elementor-element elementor-element-508abbb e-con-full e-flex e-con e-child\" data-id=\"508abbb\" data-element_type=\"container\" data-e-type=\"container\">\n\t\t\t\t<\/div>\n\t\t\t\t\t<\/div>\n\t\t\t\t<\/div>\n\t\t<div class=\"elementor-element elementor-element-7e22a08 e-flex e-con-boxed e-con e-parent\" data-id=\"7e22a08\" data-element_type=\"container\" data-e-type=\"container\">\n\t\t\t\t\t<div class=\"e-con-inner\">\n\t\t\t\t<div class=\"elementor-element elementor-element-c78c363 elementor-widget elementor-widget-author-box\" data-id=\"c78c363\" data-element_type=\"widget\" data-e-type=\"widget\" data-widget_type=\"author-box.default\">\n\t\t\t\t<div class=\"elementor-widget-container\">\n\t\t\t\t\t\t\t<div class=\"elementor-author-box\">\n\t\t\t\t\t\t\t<div  class=\"elementor-author-box__avatar\">\n\t\t\t\t\t<img data-recalc-dims=\"1\" decoding=\"async\" src=\"https:\/\/i0.wp.com\/www.newyorkinfo.nl\/wp-content\/uploads\/2024\/01\/edward-New-York-info.webp?w=1140&#038;ssl=1\" alt=\"Bild von New York Info\" loading=\"lazy\">\n\t\t\t\t<\/div>\n\t\t\t\n\t\t\t<div class=\"elementor-author-box__text\">\n\t\t\t\t\t\t\t\t\t<div >\n\t\t\t\t\t\t<h4 class=\"elementor-author-box__name\">\n\t\t\t\t\t\t\tNew York Info\t\t\t\t\t\t<\/h4>\n\t\t\t\t\t<\/div>\n\t\t\t\t\n\t\t\t\t\t\t\t\t\t<div class=\"elementor-author-box__bio\">\n\t\t\t\t\t\t<p>Hallo, ich bin Edward, verr\u00fcckt nach New York und allem, was diese Stadt so besonders macht. Auf New York Info finden Sie meine besten Tipps und Empfehlungen f\u00fcr Ihre Reise! <\/p>\n\t\t\t\t\t<\/div>\n\t\t\t\t\n\t\t\t\t\t\t\t\t\t<a class=\"elementor-author-box__button elementor-button elementor-size-xs\" href=\"https:\/\/www.newyorkinfo.nl\/de\/ueber-uns\/\">\n\t\t\t\t\t\tMehr \u00fcber mich\t\t\t\t\t<\/a>\n\t\t\t\t\t\t\t<\/div>\n\t\t<\/div>\n\t\t\t\t\t\t<\/div>\n\t\t\t\t<\/div>\n\t\t\t\t\t<\/div>\n\t\t\t\t<\/div>\n\t\t\t\t<\/div>\n\t\t","protected":false},"excerpt":{"rendered":"<p>Klein-Italien in New York Das im Herzen Manhattans gelegene Little Italy in New York ist eines der ber\u00fchmtesten italienischen Viertel der Stadt. Touristen kommen hierher, um die Atmosph\u00e4re des alten New York mit seinen engen Gassen, klassischen Fassaden und gem\u00fctlichen Lokalen aufzusaugen. Die Hauptstra\u00dfe Mulberry Street ist das Zentrum des Viertels. Hier finden Sie beliebte [&hellip;]<\/p>\n","protected":false},"author":1,"featured_media":0,"parent":0,"menu_order":0,"comment_status":"closed","ping_status":"closed","template":"","meta":{"footnotes":""},"class_list":["post-52135","page","type-page","status-publish","hentry"],"aioseo_notices":[],"_links":{"self":[{"href":"https:\/\/www.newyorkinfo.nl\/de\/wp-json\/wp\/v2\/pages\/52135","targetHints":{"allow":["GET"]}}],"collection":[{"href":"https:\/\/www.newyorkinfo.nl\/de\/wp-json\/wp\/v2\/pages"}],"about":[{"href":"https:\/\/www.newyorkinfo.nl\/de\/wp-json\/wp\/v2\/types\/page"}],"author":[{"embeddable":true,"href":"https:\/\/www.newyorkinfo.nl\/de\/wp-json\/wp\/v2\/users\/1"}],"replies":[{"embeddable":true,"href":"https:\/\/www.newyorkinfo.nl\/de\/wp-json\/wp\/v2\/comments?post=52135"}],"version-history":[{"count":0,"href":"https:\/\/www.newyorkinfo.nl\/de\/wp-json\/wp\/v2\/pages\/52135\/revisions"}],"wp:attachment":[{"href":"https:\/\/www.newyorkinfo.nl\/de\/wp-json\/wp\/v2\/media?parent=52135"}],"curies":[{"name":"wp","href":"https:\/\/api.w.org\/{rel}","templated":true}]}}