{"id":52080,"date":"2025-11-02T20:11:15","date_gmt":"2025-11-02T20:11:15","guid":{"rendered":"https:\/\/www.newyorkinfo.nl\/nachbarschaften-in-der-bronx-tipps-und-infos\/"},"modified":"2025-11-02T20:17:34","modified_gmt":"2025-11-02T20:17:34","slug":"nachbarschaften-in-der-bronx","status":"publish","type":"page","link":"https:\/\/www.newyorkinfo.nl\/de\/nachbarschaften-in-der-bronx\/","title":{"rendered":"Nachbarschaften in der Bronx: Tipps und Infos"},"content":{"rendered":"\t\t<div data-elementor-type=\"wp-page\" data-elementor-id=\"52080\" class=\"elementor elementor-52080 elementor-52065\" data-elementor-post-type=\"page\">\n\t\t\t\t<div class=\"elementor-element elementor-element-8137674 e-flex e-con-boxed e-con e-parent\" data-id=\"8137674\" data-element_type=\"container\" data-e-type=\"container\">\n\t\t\t\t\t<div class=\"e-con-inner\">\n\t\t\t\t<div class=\"elementor-element elementor-element-3d2a7b9 elementor-widget elementor-widget-heading\" data-id=\"3d2a7b9\" data-element_type=\"widget\" data-e-type=\"widget\" data-widget_type=\"heading.default\">\n\t\t\t\t<div class=\"elementor-widget-container\">\n\t\t\t\t\t<h1 class=\"elementor-heading-title elementor-size-default\">Die besten Stadtviertel in der Bronx<\/h1>\t\t\t\t<\/div>\n\t\t\t\t<\/div>\n\t\t\t\t\t<\/div>\n\t\t\t\t<\/div>\n\t\t<div class=\"elementor-element elementor-element-d923176 e-flex e-con-boxed e-con e-parent\" data-id=\"d923176\" data-element_type=\"container\" data-e-type=\"container\">\n\t\t\t\t\t<div class=\"e-con-inner\">\n\t\t\t\t<div class=\"elementor-element elementor-element-1a4f6d2 elementor-widget elementor-widget-text-editor\" data-id=\"1a4f6d2\" data-element_type=\"widget\" data-e-type=\"widget\" data-widget_type=\"text-editor.default\">\n\t\t\t\t<div class=\"elementor-widget-container\">\n\t\t\t\t\t\t\t\t\t<p data-start=\"177\" data-end=\"524\">Die Bronx ist einer der einzigartigsten Stadtteile New Yorks und bekannt f\u00fcr ihre reiche Kultur, ihre Sportgeschichte und ihre gr\u00fcnen Parks. Die verschiedenen Viertel in der Bronx haben alle ihren eigenen Charakter &#8211; von der lebhaften South Bronx mit Stra\u00dfenkunst und angesagten Caf\u00e9s \u00fcber das historische Yankee Stadium bis hin zu den ruhigen Vororten von Riverdale. <\/p><p data-start=\"526\" data-end=\"877\">Was die Bronx so besonders macht, ist ihre Kombination aus Kultur, Natur und Geschichte. Sie finden hier wundersch\u00f6ne Parks wie den Bronx Park und den Pelham Bay Park, lokale M\u00e4rkte, Kunst und Live-Musik. Egal, ob Sie sich f\u00fcr Sport, Kunst und Essen interessieren oder einfach nur die authentische Atmosph\u00e4re erleben wollen, in den Vierteln der Bronx werden Sie das echte New Yorker Leben entdecken.  <\/p><p data-start=\"879\" data-end=\"1061\">Nachfolgend habe ich einige Blogs \u00fcber die beliebtesten Viertel in der Bronx verfasst, so dass Sie leicht ausw\u00e4hlen k\u00f6nnen, welche Sie bei Ihrem Besuch in New York auf keinen Fall verpassen sollten.<\/p>\t\t\t\t\t\t\t\t<\/div>\n\t\t\t\t<\/div>\n\t\t\t\t\t<\/div>\n\t\t\t\t<\/div>\n\t\t<div class=\"elementor-element elementor-element-e621408 e-flex e-con-boxed e-con e-parent\" data-id=\"e621408\" data-element_type=\"container\" data-e-type=\"container\">\n\t\t\t\t\t<div class=\"e-con-inner\">\n\t\t<div class=\"elementor-element elementor-element-1e8ef56 e-con-full e-flex e-con e-child\" data-id=\"1e8ef56\" data-element_type=\"container\" data-e-type=\"container\">\n\t\t\t\t<div class=\"elementor-element elementor-element-36f3999 elementor-cta--skin-cover elementor-animated-content elementor-bg-transform elementor-bg-transform-zoom-in elementor-widget elementor-widget-call-to-action\" data-id=\"36f3999\" data-element_type=\"widget\" data-e-type=\"widget\" data-widget_type=\"call-to-action.default\">\n\t\t\t\t<div class=\"elementor-widget-container\">\n\t\t\t\t\t\t\t<div class=\"elementor-cta\">\n\t\t\t\t\t<div class=\"elementor-cta__bg-wrapper\">\n\t\t\t\t<div class=\"elementor-cta__bg elementor-bg\" style=\"background-image: url(https:\/\/i0.wp.com\/www.newyorkinfo.nl\/wp-content\/uploads\/2025\/01\/Arthur-Avenue-in-Little-Italy-in-The-Bronx-scaled.webp?fit=1024%2C572&#038;ssl=1);\" role=\"img\" aria-label=\"Arthur Avenue in Little Italy in der Bronx\"><\/div>\n\t\t\t\t<div class=\"elementor-cta__bg-overlay\"><\/div>\n\t\t\t<\/div>\n\t\t\t\t\t\t\t<div class=\"elementor-cta__content\">\n\t\t\t\t\n\t\t\t\t\n\t\t\t\t\n\t\t\t\t\t\t\t\t\t<div class=\"elementor-cta__button-wrapper elementor-cta__content-item elementor-content-item elementor-animated-item--grow\">\n\t\t\t\t\t<a class=\"elementor-cta__button elementor-button elementor-size-\" href=\"https:\/\/www.newyorkinfo.nl\/de\/sehenswurdigkeiten-in-new-york\/little-italy-in-der-bronx-lohnt-sich-ein-besuch\/\" target=\"_blank\">\n\t\t\t\t\t\tLittle Italy in der Bronx\t\t\t\t\t<\/a>\n\t\t\t\t\t<\/div>\n\t\t\t\t\t\t\t<\/div>\n\t\t\t\t\t\t<\/div>\n\t\t\t\t\t\t<\/div>\n\t\t\t\t<\/div>\n\t\t\t\t<\/div>\n\t\t<div class=\"elementor-element elementor-element-f8240da e-con-full e-flex e-con e-child\" data-id=\"f8240da\" data-element_type=\"container\" data-e-type=\"container\">\n\t\t\t\t<\/div>\n\t\t<div class=\"elementor-element elementor-element-539ecb2 e-con-full e-flex e-con e-child\" data-id=\"539ecb2\" data-element_type=\"container\" data-e-type=\"container\">\n\t\t\t\t<\/div>\n\t\t\t\t\t<\/div>\n\t\t\t\t<\/div>\n\t\t<div class=\"elementor-element elementor-element-38ac8fc e-flex e-con-boxed e-con e-parent\" data-id=\"38ac8fc\" data-element_type=\"container\" data-e-type=\"container\">\n\t\t\t\t\t<div class=\"e-con-inner\">\n\t\t\t\t<div class=\"elementor-element elementor-element-f932063 elementor-widget elementor-widget-author-box\" data-id=\"f932063\" data-element_type=\"widget\" data-e-type=\"widget\" data-widget_type=\"author-box.default\">\n\t\t\t\t<div class=\"elementor-widget-container\">\n\t\t\t\t\t\t\t<div class=\"elementor-author-box\">\n\t\t\t\t\t\t\t<div  class=\"elementor-author-box__avatar\">\n\t\t\t\t\t<img data-recalc-dims=\"1\" decoding=\"async\" src=\"https:\/\/i0.wp.com\/www.newyorkinfo.nl\/wp-content\/uploads\/2024\/01\/edward-New-York-info.webp?w=1140&#038;ssl=1\" alt=\"Bild von New York Info\" loading=\"lazy\">\n\t\t\t\t<\/div>\n\t\t\t\n\t\t\t<div class=\"elementor-author-box__text\">\n\t\t\t\t\t\t\t\t\t<div >\n\t\t\t\t\t\t<h4 class=\"elementor-author-box__name\">\n\t\t\t\t\t\t\tNew York Info\t\t\t\t\t\t<\/h4>\n\t\t\t\t\t<\/div>\n\t\t\t\t\n\t\t\t\t\t\t\t\t\t<div class=\"elementor-author-box__bio\">\n\t\t\t\t\t\t<p>Hallo, ich bin Edward, verr\u00fcckt nach New York und allem, was diese Stadt so besonders macht. Auf New York Info finden Sie meine besten Tipps und Empfehlungen f\u00fcr Ihre Reise! <\/p>\n\t\t\t\t\t<\/div>\n\t\t\t\t\n\t\t\t\t\t\t\t\t\t<a class=\"elementor-author-box__button elementor-button elementor-size-xs\" href=\"https:\/\/www.newyorkinfo.nl\/de\/ueber-uns\/\">\n\t\t\t\t\t\tMehr \u00fcber mich\t\t\t\t\t<\/a>\n\t\t\t\t\t\t\t<\/div>\n\t\t<\/div>\n\t\t\t\t\t\t<\/div>\n\t\t\t\t<\/div>\n\t\t\t\t\t<\/div>\n\t\t\t\t<\/div>\n\t\t\t\t<\/div>\n\t\t","protected":false},"excerpt":{"rendered":"<p>Die besten Stadtviertel in der Bronx Die Bronx ist einer der einzigartigsten Stadtteile New Yorks und bekannt f\u00fcr ihre reiche Kultur, ihre Sportgeschichte und ihre gr\u00fcnen Parks. Die verschiedenen Viertel in der Bronx haben alle ihren eigenen Charakter &#8211; von der lebhaften South Bronx mit Stra\u00dfenkunst und angesagten Caf\u00e9s \u00fcber das historische Yankee Stadium bis [&hellip;]<\/p>\n","protected":false},"author":1,"featured_media":0,"parent":0,"menu_order":0,"comment_status":"closed","ping_status":"closed","template":"","meta":{"footnotes":""},"class_list":["post-52080","page","type-page","status-publish","hentry"],"aioseo_notices":[],"_links":{"self":[{"href":"https:\/\/www.newyorkinfo.nl\/de\/wp-json\/wp\/v2\/pages\/52080","targetHints":{"allow":["GET"]}}],"collection":[{"href":"https:\/\/www.newyorkinfo.nl\/de\/wp-json\/wp\/v2\/pages"}],"about":[{"href":"https:\/\/www.newyorkinfo.nl\/de\/wp-json\/wp\/v2\/types\/page"}],"author":[{"embeddable":true,"href":"https:\/\/www.newyorkinfo.nl\/de\/wp-json\/wp\/v2\/users\/1"}],"replies":[{"embeddable":true,"href":"https:\/\/www.newyorkinfo.nl\/de\/wp-json\/wp\/v2\/comments?post=52080"}],"version-history":[{"count":0,"href":"https:\/\/www.newyorkinfo.nl\/de\/wp-json\/wp\/v2\/pages\/52080\/revisions"}],"wp:attachment":[{"href":"https:\/\/www.newyorkinfo.nl\/de\/wp-json\/wp\/v2\/media?parent=52080"}],"curies":[{"name":"wp","href":"https:\/\/api.w.org\/{rel}","templated":true}]}}