{"id":52059,"date":"2025-11-02T19:54:34","date_gmt":"2025-11-02T19:54:34","guid":{"rendered":"https:\/\/www.newyorkinfo.nl\/nachbarschaften-in-queens-tipps-und-infos\/"},"modified":"2025-11-02T19:59:09","modified_gmt":"2025-11-02T19:59:09","slug":"nachbarschaften-in-queens","status":"publish","type":"page","link":"https:\/\/www.newyorkinfo.nl\/de\/nachbarschaften-in-queens\/","title":{"rendered":"Nachbarschaften in Queens: Tipps und Infos"},"content":{"rendered":"\t\t<div data-elementor-type=\"wp-page\" data-elementor-id=\"52059\" class=\"elementor elementor-52059 elementor-52044\" data-elementor-post-type=\"page\">\n\t\t\t\t<div class=\"elementor-element elementor-element-5778567 e-flex e-con-boxed e-con e-parent\" data-id=\"5778567\" data-element_type=\"container\" data-e-type=\"container\">\n\t\t\t\t\t<div class=\"e-con-inner\">\n\t\t\t\t<div class=\"elementor-element elementor-element-76dd320 elementor-widget elementor-widget-heading\" data-id=\"76dd320\" data-element_type=\"widget\" data-e-type=\"widget\" data-widget_type=\"heading.default\">\n\t\t\t\t<div class=\"elementor-widget-container\">\n\t\t\t\t\t<h1 class=\"elementor-heading-title elementor-size-default\">Die sch\u00f6nsten Stadtviertel in Queens<\/h1>\t\t\t\t<\/div>\n\t\t\t\t<\/div>\n\t\t\t\t\t<\/div>\n\t\t\t\t<\/div>\n\t\t<div class=\"elementor-element elementor-element-e280346 e-flex e-con-boxed e-con e-parent\" data-id=\"e280346\" data-element_type=\"container\" data-e-type=\"container\">\n\t\t\t\t\t<div class=\"e-con-inner\">\n\t\t\t\t<div class=\"elementor-element elementor-element-e6eaa74 elementor-widget elementor-widget-text-editor\" data-id=\"e6eaa74\" data-element_type=\"widget\" data-e-type=\"widget\" data-widget_type=\"text-editor.default\">\n\t\t\t\t<div class=\"elementor-widget-container\">\n\t\t\t\t\t\t\t\t\t<p data-start=\"238\" data-end=\"546\">Queens ist der gr\u00f6\u00dfte Stadtteil New Yorks und ein wahrer Schmelztiegel der Kulturen. Hier leben Menschen aus der ganzen Welt, was sich im Essen, in der Atmosph\u00e4re und in der Vielfalt der Viertel von Queens widerspiegelt. Von belebten Einkaufsstra\u00dfen und lokalen M\u00e4rkten bis hin zu ruhigen Wohnvierteln und gr\u00fcnen Parks finden Sie hier alles.  <\/p><p data-start=\"548\" data-end=\"806\">Jedes Viertel in Queens hat seinen eigenen Charme. In Flushing genie\u00dfen Sie asiatische K\u00fcche vom Feinsten, Long Island City bietet moderne Kunst und einen atemberaubenden Blick auf Manhattan, und in Astoria entdecken Sie eine lebendige Mischung aus Kulturen und gem\u00fctlichen Lokalen. <\/p><p data-start=\"808\" data-end=\"1075\">Was Queens so besonders macht, ist seine authentische und lokale Atmosph\u00e4re &#8211; weniger touristisch, aber voller \u00dcberraschungen. Im Folgenden habe ich einige Blogs \u00fcber die beliebtesten Viertel in Queens geschrieben, damit Sie genau wissen, wohin Sie bei Ihrem Besuch in New York gehen wollen. <\/p>\t\t\t\t\t\t\t\t<\/div>\n\t\t\t\t<\/div>\n\t\t\t\t\t<\/div>\n\t\t\t\t<\/div>\n\t\t<div class=\"elementor-element elementor-element-f4fb541 e-flex e-con-boxed e-con e-parent\" data-id=\"f4fb541\" data-element_type=\"container\" data-e-type=\"container\">\n\t\t\t\t\t<div class=\"e-con-inner\">\n\t\t<div class=\"elementor-element elementor-element-dcb203b e-con-full e-flex e-con e-child\" data-id=\"dcb203b\" data-element_type=\"container\" data-e-type=\"container\">\n\t\t\t\t<div class=\"elementor-element elementor-element-06ce945 elementor-cta--skin-cover elementor-animated-content elementor-bg-transform elementor-bg-transform-zoom-in elementor-widget elementor-widget-call-to-action\" data-id=\"06ce945\" data-element_type=\"widget\" data-e-type=\"widget\" data-widget_type=\"call-to-action.default\">\n\t\t\t\t<div class=\"elementor-widget-container\">\n\t\t\t\t\t\t\t<div class=\"elementor-cta\">\n\t\t\t\t\t<div class=\"elementor-cta__bg-wrapper\">\n\t\t\t\t<div class=\"elementor-cta__bg elementor-bg\" style=\"background-image: url(https:\/\/i0.wp.com\/www.newyorkinfo.nl\/wp-content\/uploads\/2024\/07\/Roosevelt-Island-in-New-Yoek-scaled.webp?fit=1024%2C572&#038;ssl=1);\" role=\"img\" aria-label=\"Stadtviertel New York, Roosevelt Island\"><\/div>\n\t\t\t\t<div class=\"elementor-cta__bg-overlay\"><\/div>\n\t\t\t<\/div>\n\t\t\t\t\t\t\t<div class=\"elementor-cta__content\">\n\t\t\t\t\n\t\t\t\t\n\t\t\t\t\n\t\t\t\t\t\t\t\t\t<div class=\"elementor-cta__button-wrapper elementor-cta__content-item elementor-content-item elementor-animated-item--grow\">\n\t\t\t\t\t<a class=\"elementor-cta__button elementor-button elementor-size-\" href=\"https:\/\/www.newyorkinfo.nl\/de\/sehenswurdigkeiten-in-new-york\/roosevelt-island-in-new-york\/\" target=\"_blank\">\n\t\t\t\t\t\tRoosevelt Island\t\t\t\t\t<\/a>\n\t\t\t\t\t<\/div>\n\t\t\t\t\t\t\t<\/div>\n\t\t\t\t\t\t<\/div>\n\t\t\t\t\t\t<\/div>\n\t\t\t\t<\/div>\n\t\t\t\t<\/div>\n\t\t<div class=\"elementor-element elementor-element-2c1a1be e-con-full e-flex e-con e-child\" data-id=\"2c1a1be\" data-element_type=\"container\" data-e-type=\"container\">\n\t\t\t\t<div class=\"elementor-element elementor-element-14788d4 elementor-cta--skin-cover elementor-animated-content elementor-bg-transform elementor-bg-transform-zoom-in elementor-widget elementor-widget-call-to-action\" data-id=\"14788d4\" data-element_type=\"widget\" data-e-type=\"widget\" data-widget_type=\"call-to-action.default\">\n\t\t\t\t<div class=\"elementor-widget-container\">\n\t\t\t\t\t\t\t<div class=\"elementor-cta\">\n\t\t\t\t\t<div class=\"elementor-cta__bg-wrapper\">\n\t\t\t\t<div class=\"elementor-cta__bg elementor-bg\" style=\"background-image: url(https:\/\/i0.wp.com\/www.newyorkinfo.nl\/wp-content\/uploads\/2025\/11\/Chinatown-in-Queens-new-york-scaled.webp?fit=1024%2C572&#038;ssl=1);\" role=\"img\" aria-label=\"Chinatown in Queens Chinatowns in New York\"><\/div>\n\t\t\t\t<div class=\"elementor-cta__bg-overlay\"><\/div>\n\t\t\t<\/div>\n\t\t\t\t\t\t\t<div class=\"elementor-cta__content\">\n\t\t\t\t\n\t\t\t\t\n\t\t\t\t\n\t\t\t\t\t\t\t\t\t<div class=\"elementor-cta__button-wrapper elementor-cta__content-item elementor-content-item elementor-animated-item--grow\">\n\t\t\t\t\t<a class=\"elementor-cta__button elementor-button elementor-size-\" href=\"https:\/\/www.newyorkinfo.nl\/de\/sehenswurdigkeiten-in-new-york\/chinatown-in-queens-reisefuhrer\/\" target=\"_blank\">\n\t\t\t\t\t\tChinatown in Queens\t\t\t\t\t<\/a>\n\t\t\t\t\t<\/div>\n\t\t\t\t\t\t\t<\/div>\n\t\t\t\t\t\t<\/div>\n\t\t\t\t\t\t<\/div>\n\t\t\t\t<\/div>\n\t\t\t\t<\/div>\n\t\t<div class=\"elementor-element elementor-element-3e991f2 e-con-full e-flex e-con e-child\" data-id=\"3e991f2\" data-element_type=\"container\" data-e-type=\"container\">\n\t\t\t\t<\/div>\n\t\t\t\t\t<\/div>\n\t\t\t\t<\/div>\n\t\t<div class=\"elementor-element elementor-element-d8cde8e e-flex e-con-boxed e-con e-parent\" data-id=\"d8cde8e\" data-element_type=\"container\" data-e-type=\"container\">\n\t\t\t\t\t<div class=\"e-con-inner\">\n\t\t\t\t<div class=\"elementor-element elementor-element-bd42f12 elementor-widget elementor-widget-author-box\" data-id=\"bd42f12\" data-element_type=\"widget\" data-e-type=\"widget\" data-widget_type=\"author-box.default\">\n\t\t\t\t<div class=\"elementor-widget-container\">\n\t\t\t\t\t\t\t<div class=\"elementor-author-box\">\n\t\t\t\t\t\t\t<div  class=\"elementor-author-box__avatar\">\n\t\t\t\t\t<img data-recalc-dims=\"1\" decoding=\"async\" src=\"https:\/\/i0.wp.com\/www.newyorkinfo.nl\/wp-content\/uploads\/2024\/01\/edward-New-York-info.webp?w=1140&#038;ssl=1\" alt=\"Bild von New York Info\" loading=\"lazy\">\n\t\t\t\t<\/div>\n\t\t\t\n\t\t\t<div class=\"elementor-author-box__text\">\n\t\t\t\t\t\t\t\t\t<div >\n\t\t\t\t\t\t<h4 class=\"elementor-author-box__name\">\n\t\t\t\t\t\t\tNew York Info\t\t\t\t\t\t<\/h4>\n\t\t\t\t\t<\/div>\n\t\t\t\t\n\t\t\t\t\t\t\t\t\t<div class=\"elementor-author-box__bio\">\n\t\t\t\t\t\t<p>Hallo, ich bin Edward, verr\u00fcckt nach New York und allem, was diese Stadt so besonders macht. Auf New York Info finden Sie meine besten Tipps und Empfehlungen f\u00fcr Ihre Reise! <\/p>\n\t\t\t\t\t<\/div>\n\t\t\t\t\n\t\t\t\t\t\t\t\t\t<a class=\"elementor-author-box__button elementor-button elementor-size-xs\" href=\"https:\/\/www.newyorkinfo.nl\/de\/ueber-uns\/\">\n\t\t\t\t\t\tMehr \u00fcber mich\t\t\t\t\t<\/a>\n\t\t\t\t\t\t\t<\/div>\n\t\t<\/div>\n\t\t\t\t\t\t<\/div>\n\t\t\t\t<\/div>\n\t\t\t\t\t<\/div>\n\t\t\t\t<\/div>\n\t\t\t\t<\/div>\n\t\t","protected":false},"excerpt":{"rendered":"<p>Die sch\u00f6nsten Stadtviertel in Queens Queens ist der gr\u00f6\u00dfte Stadtteil New Yorks und ein wahrer Schmelztiegel der Kulturen. Hier leben Menschen aus der ganzen Welt, was sich im Essen, in der Atmosph\u00e4re und in der Vielfalt der Viertel von Queens widerspiegelt. Von belebten Einkaufsstra\u00dfen und lokalen M\u00e4rkten bis hin zu ruhigen Wohnvierteln und gr\u00fcnen Parks [&hellip;]<\/p>\n","protected":false},"author":1,"featured_media":0,"parent":0,"menu_order":0,"comment_status":"closed","ping_status":"closed","template":"","meta":{"footnotes":""},"class_list":["post-52059","page","type-page","status-publish","hentry"],"aioseo_notices":[],"_links":{"self":[{"href":"https:\/\/www.newyorkinfo.nl\/de\/wp-json\/wp\/v2\/pages\/52059","targetHints":{"allow":["GET"]}}],"collection":[{"href":"https:\/\/www.newyorkinfo.nl\/de\/wp-json\/wp\/v2\/pages"}],"about":[{"href":"https:\/\/www.newyorkinfo.nl\/de\/wp-json\/wp\/v2\/types\/page"}],"author":[{"embeddable":true,"href":"https:\/\/www.newyorkinfo.nl\/de\/wp-json\/wp\/v2\/users\/1"}],"replies":[{"embeddable":true,"href":"https:\/\/www.newyorkinfo.nl\/de\/wp-json\/wp\/v2\/comments?post=52059"}],"version-history":[{"count":0,"href":"https:\/\/www.newyorkinfo.nl\/de\/wp-json\/wp\/v2\/pages\/52059\/revisions"}],"wp:attachment":[{"href":"https:\/\/www.newyorkinfo.nl\/de\/wp-json\/wp\/v2\/media?parent=52059"}],"curies":[{"name":"wp","href":"https:\/\/api.w.org\/{rel}","templated":true}]}}