{"id":51783,"date":"2025-10-28T13:04:04","date_gmt":"2025-10-28T13:04:04","guid":{"rendered":"https:\/\/www.newyorkinfo.nl\/reisefuehrer-fuer-queens-in-new-york\/"},"modified":"2025-10-28T13:09:55","modified_gmt":"2025-10-28T13:09:55","slug":"reisefuehrer-queens-in-new-york","status":"publish","type":"page","link":"https:\/\/www.newyorkinfo.nl\/de\/reisefuehrer-queens-in-new-york\/","title":{"rendered":"Reisef\u00fchrer f\u00fcr Queens in New York"},"content":{"rendered":"\t\t<div data-elementor-type=\"wp-page\" data-elementor-id=\"51783\" class=\"elementor elementor-51783 elementor-51768\" data-elementor-post-type=\"page\">\n\t\t\t\t<div class=\"elementor-element elementor-element-972534f e-flex e-con-boxed e-con e-parent\" data-id=\"972534f\" data-element_type=\"container\" data-e-type=\"container\">\n\t\t\t\t\t<div class=\"e-con-inner\">\n\t\t\t\t<div class=\"elementor-element elementor-element-59c84f6 elementor-widget elementor-widget-heading\" data-id=\"59c84f6\" data-element_type=\"widget\" data-e-type=\"widget\" data-widget_type=\"heading.default\">\n\t\t\t\t<div class=\"elementor-widget-container\">\n\t\t\t\t\t<h2 class=\"elementor-heading-title elementor-size-default\">Queens Reisef\u00fchrer<\/h2>\t\t\t\t<\/div>\n\t\t\t\t<\/div>\n\t\t\t\t\t<\/div>\n\t\t\t\t<\/div>\n\t\t<div class=\"elementor-element elementor-element-e30ca0f e-flex e-con-boxed e-con e-parent\" data-id=\"e30ca0f\" data-element_type=\"container\" data-e-type=\"container\">\n\t\t\t\t\t<div class=\"e-con-inner\">\n\t\t\t\t<div class=\"elementor-element elementor-element-a4bbc70 elementor-widget elementor-widget-text-editor\" data-id=\"a4bbc70\" data-element_type=\"widget\" data-e-type=\"widget\" data-widget_type=\"text-editor.default\">\n\t\t\t\t<div class=\"elementor-widget-container\">\n\t\t\t\t\t\t\t\t\t<p>Queens ist einer der f\u00fcnf New Yorker Stadtbezirke, und in diesem lebhaften Viertel gibt es viel zu sehen und zu unternehmen. Besuchen Sie den Flushing Meadows-Corona Park, wo Sie spazieren gehen, Rad fahren oder einfach nur entspannen k\u00f6nnen. Erkunden Sie die verschiedenen Stadtteile mit ihren zahlreichen Restaurants und Gesch\u00e4ften, z. B. in Astoria oder Jackson Heights. Sportfans k\u00f6nnen ein Spiel im Citi Field, der Heimat der New York Mets, besuchen. Kurzum, Queens ist ein vielf\u00e4ltiger Stadtteil, den Sie bei Ihrem Besuch in New York nicht verpassen sollten.    <\/p>\t\t\t\t\t\t\t\t<\/div>\n\t\t\t\t<\/div>\n\t\t\t\t\t<\/div>\n\t\t\t\t<\/div>\n\t\t<div class=\"elementor-element elementor-element-12338a1 e-flex e-con-boxed e-con e-parent\" data-id=\"12338a1\" data-element_type=\"container\" data-e-type=\"container\">\n\t\t\t\t\t<div class=\"e-con-inner\">\n\t\t<div class=\"elementor-element elementor-element-60fa859 e-con-full e-flex e-con e-child\" data-id=\"60fa859\" data-element_type=\"container\" data-e-type=\"container\">\n\t\t\t\t<div class=\"elementor-element elementor-element-29e542b elementor-cta--skin-cover elementor-animated-content elementor-bg-transform elementor-bg-transform-zoom-in elementor-widget elementor-widget-call-to-action\" data-id=\"29e542b\" data-element_type=\"widget\" data-e-type=\"widget\" data-widget_type=\"call-to-action.default\">\n\t\t\t\t<div class=\"elementor-widget-container\">\n\t\t\t\t\t\t\t<div class=\"elementor-cta\">\n\t\t\t\t\t<div class=\"elementor-cta__bg-wrapper\">\n\t\t\t\t<div class=\"elementor-cta__bg elementor-bg\" style=\"background-image: url(https:\/\/i0.wp.com\/www.newyorkinfo.nl\/wp-content\/uploads\/2024\/02\/Long-Island-City-scaled.jpeg?fit=1024%2C683&#038;ssl=1);\" role=\"img\" aria-label=\"Long Island City, Queens\"><\/div>\n\t\t\t\t<div class=\"elementor-cta__bg-overlay\"><\/div>\n\t\t\t<\/div>\n\t\t\t\t\t\t\t<div class=\"elementor-cta__content\">\n\t\t\t\t\n\t\t\t\t\n\t\t\t\t\n\t\t\t\t\t\t\t\t\t<div class=\"elementor-cta__button-wrapper elementor-cta__content-item elementor-content-item elementor-animated-item--grow\">\n\t\t\t\t\t<a class=\"elementor-cta__button elementor-button elementor-size-\" href=\"https:\/\/www.newyorkinfo.nl\/de\/sehenswurdigkeiten-in-new-york\/queens-in-new-york\/\" target=\"_blank\">\n\t\t\t\t\t\tQueens-Tipps und Infos\t\t\t\t\t<\/a>\n\t\t\t\t\t<\/div>\n\t\t\t\t\t\t\t<\/div>\n\t\t\t\t\t\t<\/div>\n\t\t\t\t\t\t<\/div>\n\t\t\t\t<\/div>\n\t\t\t\t<\/div>\n\t\t<div class=\"elementor-element elementor-element-ed78e74 e-con-full e-flex e-con e-child\" data-id=\"ed78e74\" data-element_type=\"container\" data-e-type=\"container\">\n\t\t\t\t<\/div>\n\t\t<div class=\"elementor-element elementor-element-4c2df3c e-con-full e-flex e-con e-child\" data-id=\"4c2df3c\" data-element_type=\"container\" data-e-type=\"container\">\n\t\t\t\t<\/div>\n\t\t\t\t\t<\/div>\n\t\t\t\t<\/div>\n\t\t<div class=\"elementor-element elementor-element-de6b6ab e-flex e-con-boxed e-con e-parent\" data-id=\"de6b6ab\" data-element_type=\"container\" data-e-type=\"container\">\n\t\t\t\t\t<div class=\"e-con-inner\">\n\t\t\t\t<div class=\"elementor-element elementor-element-8a8c9a0 elementor-widget elementor-widget-author-box\" data-id=\"8a8c9a0\" data-element_type=\"widget\" data-e-type=\"widget\" data-widget_type=\"author-box.default\">\n\t\t\t\t<div class=\"elementor-widget-container\">\n\t\t\t\t\t\t\t<div class=\"elementor-author-box\">\n\t\t\t\t\t\t\t<div  class=\"elementor-author-box__avatar\">\n\t\t\t\t\t<img data-recalc-dims=\"1\" decoding=\"async\" src=\"https:\/\/i0.wp.com\/www.newyorkinfo.nl\/wp-content\/uploads\/2024\/01\/edward-New-York-info.webp?w=1140&#038;ssl=1\" alt=\"Bild von New York Info\" loading=\"lazy\">\n\t\t\t\t<\/div>\n\t\t\t\n\t\t\t<div class=\"elementor-author-box__text\">\n\t\t\t\t\t\t\t\t\t<div >\n\t\t\t\t\t\t<h4 class=\"elementor-author-box__name\">\n\t\t\t\t\t\t\tNew York Info\t\t\t\t\t\t<\/h4>\n\t\t\t\t\t<\/div>\n\t\t\t\t\n\t\t\t\t\t\t\t\t\t<div class=\"elementor-author-box__bio\">\n\t\t\t\t\t\t<p>Hallo, ich bin Edward, verr\u00fcckt nach New York und allem, was diese Stadt so besonders macht. Auf New York Info finden Sie meine besten Tipps und Empfehlungen f\u00fcr Ihre Reise! <\/p>\n\t\t\t\t\t<\/div>\n\t\t\t\t\n\t\t\t\t\t\t\t\t\t<a class=\"elementor-author-box__button elementor-button elementor-size-xs\" href=\"https:\/\/www.newyorkinfo.nl\/de\/ueber-uns\/\">\n\t\t\t\t\t\tMehr \u00fcber mich\t\t\t\t\t<\/a>\n\t\t\t\t\t\t\t<\/div>\n\t\t<\/div>\n\t\t\t\t\t\t<\/div>\n\t\t\t\t<\/div>\n\t\t\t\t\t<\/div>\n\t\t\t\t<\/div>\n\t\t\t\t<\/div>\n\t\t","protected":false},"excerpt":{"rendered":"<p>Queens Reisef\u00fchrer Queens ist einer der f\u00fcnf New Yorker Stadtbezirke, und in diesem lebhaften Viertel gibt es viel zu sehen und zu unternehmen. Besuchen Sie den Flushing Meadows-Corona Park, wo Sie spazieren gehen, Rad fahren oder einfach nur entspannen k\u00f6nnen. Erkunden Sie die verschiedenen Stadtteile mit ihren zahlreichen Restaurants und Gesch\u00e4ften, z. B. in Astoria [&hellip;]<\/p>\n","protected":false},"author":1,"featured_media":0,"parent":0,"menu_order":0,"comment_status":"closed","ping_status":"closed","template":"","meta":{"footnotes":""},"class_list":["post-51783","page","type-page","status-publish","hentry"],"aioseo_notices":[],"_links":{"self":[{"href":"https:\/\/www.newyorkinfo.nl\/de\/wp-json\/wp\/v2\/pages\/51783","targetHints":{"allow":["GET"]}}],"collection":[{"href":"https:\/\/www.newyorkinfo.nl\/de\/wp-json\/wp\/v2\/pages"}],"about":[{"href":"https:\/\/www.newyorkinfo.nl\/de\/wp-json\/wp\/v2\/types\/page"}],"author":[{"embeddable":true,"href":"https:\/\/www.newyorkinfo.nl\/de\/wp-json\/wp\/v2\/users\/1"}],"replies":[{"embeddable":true,"href":"https:\/\/www.newyorkinfo.nl\/de\/wp-json\/wp\/v2\/comments?post=51783"}],"version-history":[{"count":0,"href":"https:\/\/www.newyorkinfo.nl\/de\/wp-json\/wp\/v2\/pages\/51783\/revisions"}],"wp:attachment":[{"href":"https:\/\/www.newyorkinfo.nl\/de\/wp-json\/wp\/v2\/media?parent=51783"}],"curies":[{"name":"wp","href":"https:\/\/api.w.org\/{rel}","templated":true}]}}