{"id":49457,"date":"2025-08-10T17:24:40","date_gmt":"2025-08-10T17:24:40","guid":{"rendered":"https:\/\/www.newyorkinfo.nl\/broadway-musicals-in-new-york-tipps-und-infos\/"},"modified":"2025-08-10T17:43:12","modified_gmt":"2025-08-10T17:43:12","slug":"broadway-musical-new-york-tipps","status":"publish","type":"page","link":"https:\/\/www.newyorkinfo.nl\/de\/broadway-musical-new-york-tipps\/","title":{"rendered":"Broadway-Musicals in New York: Tipps und Infos"},"content":{"rendered":"\t\t<div data-elementor-type=\"wp-page\" data-elementor-id=\"49457\" class=\"elementor elementor-49457 elementor-49422\" data-elementor-post-type=\"page\">\n\t\t\t\t<div class=\"elementor-element elementor-element-07c7ad0 e-flex e-con-boxed e-con e-parent\" data-id=\"07c7ad0\" data-element_type=\"container\" data-e-type=\"container\">\n\t\t\t\t\t<div class=\"e-con-inner\">\n\t\t\t\t<div class=\"elementor-element elementor-element-cd3b70f elementor-widget elementor-widget-heading\" data-id=\"cd3b70f\" data-element_type=\"widget\" data-e-type=\"widget\" data-widget_type=\"heading.default\">\n\t\t\t\t<div class=\"elementor-widget-container\">\n\t\t\t\t\t<h1 class=\"elementor-heading-title elementor-size-default\">Broadway-Musicals in New York: Tipps und Infos<\/h1>\t\t\t\t<\/div>\n\t\t\t\t<\/div>\n\t\t\t\t<div class=\"elementor-element elementor-element-3be2a6c elementor-widget elementor-widget-text-editor\" data-id=\"3be2a6c\" data-element_type=\"widget\" data-e-type=\"widget\" data-widget_type=\"text-editor.default\">\n\t\t\t\t<div class=\"elementor-widget-container\">\n\t\t\t\t\t\t\t\t\t<p>Broadway-Musicals in New York sind ein Muss f\u00fcr jeden Theaterliebhaber. Ob Sie zeitlose Klassiker lieben oder neugierig auf die neuesten Shows sind \u2013 der Broadway bietet f\u00fcr jeden etwas. In diesen Blogs geben wir hilfreiche Tipps, praktische Informationen und unsere Top-Empfehlungen. So sind Sie bestens vorbereitet und holen das Beste aus Ihrem Besuch in dieser einzigartigen Welt der Musik, des Tanzes und des Spektakels heraus.   <\/p>\t\t\t\t\t\t\t\t<\/div>\n\t\t\t\t<\/div>\n\t\t\t\t<div class=\"elementor-element elementor-element-38f8786 elementor-widget elementor-widget-heading\" data-id=\"38f8786\" data-element_type=\"widget\" data-e-type=\"widget\" data-widget_type=\"heading.default\">\n\t\t\t\t<div class=\"elementor-widget-container\">\n\t\t\t\t\t<h2 class=\"elementor-heading-title elementor-size-default\">Warum Sie sich in New York ein Broadway-Musical ansehen sollten<\/h2>\t\t\t\t<\/div>\n\t\t\t\t<\/div>\n\t\t\t\t<div class=\"elementor-element elementor-element-d60849f elementor-widget elementor-widget-text-editor\" data-id=\"d60849f\" data-element_type=\"widget\" data-e-type=\"widget\" data-widget_type=\"text-editor.default\">\n\t\t\t\t<div class=\"elementor-widget-container\">\n\t\t\t\t\t\t\t\t\t<p>Wenn Sie New York besuchen, ist ein Broadway-Musical ein absolutes Muss. Es ist ein unvergleichliches Erlebnis. Die Kombination aus fesselnder Erz\u00e4hlung, beeindruckender Musik und fantastischen Darstellern sorgt daf\u00fcr, dass Sie v\u00f6llig in die Show eintauchen. Es ist nicht nur eine Auff\u00fchrung, sondern vermittelt das Gef\u00fchl, in einem echten Theater im gesch\u00e4ftigen Manhattan zu sein. Anschlie\u00dfend k\u00f6nnen Sie die Stadt, die niemals schl\u00e4ft, genie\u00dfen. Kurz gesagt: Ein Broadway-Musical bietet einen einzigartigen Einblick in die kulturelle Seite New Yorks und macht Ihren Besuch zu etwas ganz Besonderem.     <\/p>\t\t\t\t\t\t\t\t<\/div>\n\t\t\t\t<\/div>\n\t\t\t\t\t<\/div>\n\t\t\t\t<\/div>\n\t\t<div class=\"elementor-element elementor-element-c4ecfa6 e-flex e-con-boxed e-con e-parent\" data-id=\"c4ecfa6\" data-element_type=\"container\" data-e-type=\"container\">\n\t\t\t\t\t<div class=\"e-con-inner\">\n\t\t<div class=\"elementor-element elementor-element-f920e41 e-con-full e-flex e-con e-child\" data-id=\"f920e41\" data-element_type=\"container\" data-e-type=\"container\">\n\t\t\t\t<div class=\"elementor-element elementor-element-de9d377 elementor-cta--skin-cover elementor-animated-content elementor-bg-transform elementor-bg-transform-zoom-in elementor-widget elementor-widget-call-to-action\" data-id=\"de9d377\" data-element_type=\"widget\" data-e-type=\"widget\" data-widget_type=\"call-to-action.default\">\n\t\t\t\t<div class=\"elementor-widget-container\">\n\t\t\t\t\t\t\t<div class=\"elementor-cta\">\n\t\t\t\t\t<div class=\"elementor-cta__bg-wrapper\">\n\t\t\t\t<div class=\"elementor-cta__bg elementor-bg\" style=\"background-image: url(https:\/\/i0.wp.com\/www.newyorkinfo.nl\/wp-content\/uploads\/2024\/12\/broadway-tickets-in-New-York.webp?fit=1018%2C1024&#038;ssl=1);\" role=\"img\" aria-label=\"Goedkope Broadway Musical Tickets Cheap Broadway Musical Tickets G\u00fcnstige Broadway-Musical-Tickets\"><\/div>\n\t\t\t\t<div class=\"elementor-cta__bg-overlay\"><\/div>\n\t\t\t<\/div>\n\t\t\t\t\t\t\t<div class=\"elementor-cta__content\">\n\t\t\t\t\n\t\t\t\t\n\t\t\t\t\n\t\t\t\t\t\t\t\t\t<div class=\"elementor-cta__button-wrapper elementor-cta__content-item elementor-content-item elementor-animated-item--grow\">\n\t\t\t\t\t<a class=\"elementor-cta__button elementor-button elementor-size-\" href=\"https:\/\/www.newyorkinfo.nl\/de\/sehenswurdigkeiten-in-new-york\/broadway-musical-in-new-york\/\" target=\"_blank\">\n\t\t\t\t\t\tG\u00fcnstige Tickets f\u00fcr ein Broadway-Musical in New York\t\t\t\t\t<\/a>\n\t\t\t\t\t<\/div>\n\t\t\t\t\t\t\t<\/div>\n\t\t\t\t\t\t<\/div>\n\t\t\t\t\t\t<\/div>\n\t\t\t\t<\/div>\n\t\t\t\t<\/div>\n\t\t<div class=\"elementor-element elementor-element-9af7074 e-con-full e-flex e-con e-child\" data-id=\"9af7074\" data-element_type=\"container\" data-e-type=\"container\">\n\t\t\t\t<div class=\"elementor-element elementor-element-b7e0672 elementor-cta--skin-cover elementor-animated-content elementor-bg-transform elementor-bg-transform-zoom-in elementor-widget elementor-widget-call-to-action\" data-id=\"b7e0672\" data-element_type=\"widget\" data-e-type=\"widget\" data-widget_type=\"call-to-action.default\">\n\t\t\t\t<div class=\"elementor-widget-container\">\n\t\t\t\t\t\t\t<div class=\"elementor-cta\">\n\t\t\t\t\t<div class=\"elementor-cta__bg-wrapper\">\n\t\t\t\t<div class=\"elementor-cta__bg elementor-bg\" style=\"background-image: url(https:\/\/i0.wp.com\/www.newyorkinfo.nl\/wp-content\/uploads\/2025\/08\/Broadway-musicals-in-New-York-scaled.webp?fit=1024%2C572&#038;ssl=1);\" role=\"img\" aria-label=\"Broadway musicals in New York\"><\/div>\n\t\t\t\t<div class=\"elementor-cta__bg-overlay\"><\/div>\n\t\t\t<\/div>\n\t\t\t\t\t\t\t<div class=\"elementor-cta__content\">\n\t\t\t\t\n\t\t\t\t\n\t\t\t\t\n\t\t\t\t\t\t\t\t\t<div class=\"elementor-cta__button-wrapper elementor-cta__content-item elementor-content-item elementor-animated-item--grow\">\n\t\t\t\t\t<a class=\"elementor-cta__button elementor-button elementor-size-\" href=\"https:\/\/www.newyorkinfo.nl\/de\/vorbereitung-fuer-die-reise-nach-new-york\/top-10-broadway-musicals-in-new-york\/\" target=\"_blank\">\n\t\t\t\t\t\tBroadway Musicals in New York: Welche lohnen sich wirklich?\t\t\t\t\t<\/a>\n\t\t\t\t\t<\/div>\n\t\t\t\t\t\t\t<\/div>\n\t\t\t\t\t\t<\/div>\n\t\t\t\t\t\t<\/div>\n\t\t\t\t<\/div>\n\t\t\t\t<\/div>\n\t\t<div class=\"elementor-element elementor-element-12bd56e e-con-full e-flex e-con e-child\" data-id=\"12bd56e\" data-element_type=\"container\" data-e-type=\"container\">\n\t\t\t\t<\/div>\n\t\t\t\t\t<\/div>\n\t\t\t\t<\/div>\n\t\t<div class=\"elementor-element elementor-element-2ebc91b e-flex e-con-boxed e-con e-parent\" data-id=\"2ebc91b\" data-element_type=\"container\" data-e-type=\"container\">\n\t\t\t\t\t<div class=\"e-con-inner\">\n\t\t\t\t<div class=\"elementor-element elementor-element-f1100c2 elementor-widget elementor-widget-heading\" data-id=\"f1100c2\" data-element_type=\"widget\" data-e-type=\"widget\" data-widget_type=\"heading.default\">\n\t\t\t\t<div class=\"elementor-widget-container\">\n\t\t\t\t\t<h2 class=\"elementor-heading-title elementor-size-default\">Sonderangebote f\u00fcr ein Broadway-Musical in New York<\/h2>\t\t\t\t<\/div>\n\t\t\t\t<\/div>\n\t\t\t\t\t<\/div>\n\t\t\t\t<\/div>\n\t\t<div class=\"elementor-element elementor-element-1203dfb e-flex e-con-boxed e-con e-parent\" data-id=\"1203dfb\" data-element_type=\"container\" data-e-type=\"container\">\n\t\t\t\t\t<div class=\"e-con-inner\">\n\t\t\t\t<div class=\"elementor-element elementor-element-e988fb7 elementor-widget elementor-widget-text-editor\" data-id=\"e988fb7\" data-element_type=\"widget\" data-e-type=\"widget\" data-widget_type=\"text-editor.default\">\n\t\t\t\t<div class=\"elementor-widget-container\">\n\t\t\t\t\t\t\t\t\t<p>Sie reisen nach New York und m\u00f6chten eines der beliebtesten Broadway-Musicals zu einem g\u00fcnstigen Preis sehen? Dann nutzen Sie die folgenden Angebote.<\/p>\t\t\t\t\t\t\t\t<\/div>\n\t\t\t\t<\/div>\n\t\t\t\t<div class=\"elementor-element elementor-element-fd5d426 elementor-widget elementor-widget-shortcode\" data-id=\"fd5d426\" data-element_type=\"widget\" data-e-type=\"widget\" data-widget_type=\"shortcode.default\">\n\t\t\t\t<div class=\"elementor-widget-container\">\n\t\t\t\t\t\t\t<div class=\"elementor-shortcode\"><div data-gyg-href=\"https:\/\/widget.getyourguide.com\/default\/activities.frame\" data-gyg-locale-code=\"de-DE\" data-gyg-widget=\"activities\" data-gyg-number-of-items=\"3\" data-gyg-partner-id=\"9MML7BM\" data-gyg-tour-ids=\"663508,968375,664933\"><span>Powered by <a target=\"_blank\" rel=\"sponsored\" href=\"https:\/\/www.getyourguide.com\/new-york-city-l59\/\">GetYourGuide<\/a><\/span><\/div><\/div>\n\t\t\t\t\t\t<\/div>\n\t\t\t\t<\/div>\n\t\t\t\t\t<\/div>\n\t\t\t\t<\/div>\n\t\t\t\t<\/div>\n\t\t","protected":false},"excerpt":{"rendered":"<p>Broadway-Musicals in New York: Tipps und Infos Broadway-Musicals in New York sind ein Muss f\u00fcr jeden Theaterliebhaber. Ob Sie zeitlose Klassiker lieben oder neugierig auf die neuesten Shows sind \u2013 der Broadway bietet f\u00fcr jeden etwas. In diesen Blogs geben wir hilfreiche Tipps, praktische Informationen und unsere Top-Empfehlungen. So sind Sie bestens vorbereitet und holen [&hellip;]<\/p>\n","protected":false},"author":1,"featured_media":49426,"parent":0,"menu_order":0,"comment_status":"closed","ping_status":"closed","template":"","meta":{"footnotes":""},"class_list":["post-49457","page","type-page","status-publish","has-post-thumbnail","hentry"],"aioseo_notices":[],"_links":{"self":[{"href":"https:\/\/www.newyorkinfo.nl\/de\/wp-json\/wp\/v2\/pages\/49457","targetHints":{"allow":["GET"]}}],"collection":[{"href":"https:\/\/www.newyorkinfo.nl\/de\/wp-json\/wp\/v2\/pages"}],"about":[{"href":"https:\/\/www.newyorkinfo.nl\/de\/wp-json\/wp\/v2\/types\/page"}],"author":[{"embeddable":true,"href":"https:\/\/www.newyorkinfo.nl\/de\/wp-json\/wp\/v2\/users\/1"}],"replies":[{"embeddable":true,"href":"https:\/\/www.newyorkinfo.nl\/de\/wp-json\/wp\/v2\/comments?post=49457"}],"version-history":[{"count":0,"href":"https:\/\/www.newyorkinfo.nl\/de\/wp-json\/wp\/v2\/pages\/49457\/revisions"}],"wp:featuredmedia":[{"embeddable":true,"href":"https:\/\/www.newyorkinfo.nl\/de\/wp-json\/wp\/v2\/media\/49426"}],"wp:attachment":[{"href":"https:\/\/www.newyorkinfo.nl\/de\/wp-json\/wp\/v2\/media?parent=49457"}],"curies":[{"name":"wp","href":"https:\/\/api.w.org\/{rel}","templated":true}]}}