{"id":46117,"date":"2025-04-19T16:56:30","date_gmt":"2025-04-19T16:56:30","guid":{"rendered":"https:\/\/www.newyorkinfo.nl\/welche-sportereignisse-kann-man-in-new-york-erleben\/"},"modified":"2025-04-19T17:05:57","modified_gmt":"2025-04-19T17:05:57","slug":"sportereignisse-in-new-york","status":"publish","type":"page","link":"https:\/\/www.newyorkinfo.nl\/de\/sportereignisse-in-new-york\/","title":{"rendered":"Welche Sportereignisse kann man in New York erleben?"},"content":{"rendered":"\t\t<div data-elementor-type=\"wp-page\" data-elementor-id=\"46117\" class=\"elementor elementor-46117 elementor-46077\" data-elementor-post-type=\"page\">\n\t\t\t\t<div class=\"elementor-element elementor-element-ed937b8 e-flex e-con-boxed e-con e-parent\" data-id=\"ed937b8\" data-element_type=\"container\" data-e-type=\"container\">\n\t\t\t\t\t<div class=\"e-con-inner\">\n\t\t\t\t<div class=\"elementor-element elementor-element-f763b8a elementor-widget elementor-widget-heading\" data-id=\"f763b8a\" data-element_type=\"widget\" data-e-type=\"widget\" data-widget_type=\"heading.default\">\n\t\t\t\t<div class=\"elementor-widget-container\">\n\t\t\t\t\t<h1 class=\"elementor-heading-title elementor-size-default\">Sportereignisse in New York besuchen: Ein unvergessliches Erlebnis<\/h1>\t\t\t\t<\/div>\n\t\t\t\t<\/div>\n\t\t\t\t\t<\/div>\n\t\t\t\t<\/div>\n\t\t<div class=\"elementor-element elementor-element-48eecd5 e-flex e-con-boxed e-con e-parent\" data-id=\"48eecd5\" data-element_type=\"container\" data-e-type=\"container\">\n\t\t\t\t\t<div class=\"e-con-inner\">\n\t\t\t\t<div class=\"elementor-element elementor-element-5594361 elementor-widget elementor-widget-text-editor\" data-id=\"5594361\" data-element_type=\"widget\" data-e-type=\"widget\" data-widget_type=\"text-editor.default\">\n\t\t\t\t<div class=\"elementor-widget-container\">\n\t\t\t\t\t\t\t\t\t<p class=\"\" data-start=\"467\" data-end=\"819\">New York ist eine Stadt, die niemals schl\u00e4ft, und dies gilt gewiss auch f\u00fcr die Sportwelt. Wer Sportereignisse in New York besuchen m\u00f6chte, findet sich in einer pulsierenden Mischung aus Spitzenteams, leidenschaftlichen Fans und ikonischen Stadien wieder. Ob Sie Basketball, Baseball, American Football oder Eishockey bevorzugen: Die Stadt bietet jedem Sportliebhaber ein einzigartiges Erlebnis.  <\/p><p class=\"\" data-start=\"821\" data-end=\"1263\">Vom legend\u00e4ren Madison Square Garden, wo die New York Knicks und Rangers spielen, bis hin zum ber\u00fchmten Yankee Stadium und dem beeindruckenden MetLife Stadium \u2013 \u00fcberall sp\u00fcrt man die Energie der Stadt. Sportereignisse in New York sind mehr als nur Sport; es sind umfassende Veranstaltungen voller Atmosph\u00e4re, Show und amerikanischem Flair. Selbst wenn Sie kein Fan einer bestimmten Sportart sind, ist der Besuch eines solchen Spiels ein unvergessliches Erlebnis.  <\/p>\t\t\t\t\t\t\t\t<\/div>\n\t\t\t\t<\/div>\n\t\t\t\t\t<\/div>\n\t\t\t\t<\/div>\n\t\t<div class=\"elementor-element elementor-element-3e5ca85 e-flex e-con-boxed e-con e-parent\" data-id=\"3e5ca85\" data-element_type=\"container\" data-e-type=\"container\">\n\t\t\t\t\t<div class=\"e-con-inner\">\n\t\t\t\t<div class=\"elementor-element elementor-element-2479c01 elementor-widget elementor-widget-heading\" data-id=\"2479c01\" data-element_type=\"widget\" data-e-type=\"widget\" data-widget_type=\"heading.default\">\n\t\t\t\t<div class=\"elementor-widget-container\">\n\t\t\t\t\t<h2 class=\"elementor-heading-title elementor-size-default\">Warum Sportereignisse in New York ein Muss sind<\/h2>\t\t\t\t<\/div>\n\t\t\t\t<\/div>\n\t\t\t\t\t<\/div>\n\t\t\t\t<\/div>\n\t\t<div class=\"elementor-element elementor-element-f77625a e-flex e-con-boxed e-con e-parent\" data-id=\"f77625a\" data-element_type=\"container\" data-e-type=\"container\">\n\t\t\t\t\t<div class=\"e-con-inner\">\n\t\t\t\t<div class=\"elementor-element elementor-element-47de5bb elementor-widget elementor-widget-text-editor\" data-id=\"47de5bb\" data-element_type=\"widget\" data-e-type=\"widget\" data-widget_type=\"text-editor.default\">\n\t\t\t\t<div class=\"elementor-widget-container\">\n\t\t\t\t\t\t\t\t\t<p>Die amerikanische Sportkultur ist intensiv und mitrei\u00dfend. Es beginnt bereits beim Betreten: Der Duft von Popcorn und Hotdogs, der Klang von Tausenden jubelnden Fans und das \u00fcberw\u00e4ltigende Stadionlicht. Ob Sie ein NBA-Spiel der Knicks besuchen, die New York Yankees im Sommer spielen sehen oder im Herbst ein NFL-Spiel der Giants erleben \u2013 das Gef\u00fchl ist jedes Mal einzigartig.  <\/p>\t\t\t\t\t\t\t\t<\/div>\n\t\t\t\t<\/div>\n\t\t\t\t\t<\/div>\n\t\t\t\t<\/div>\n\t\t<div class=\"elementor-element elementor-element-6feca6f e-flex e-con-boxed e-con e-parent\" data-id=\"6feca6f\" data-element_type=\"container\" data-e-type=\"container\">\n\t\t\t\t\t<div class=\"e-con-inner\">\n\t\t\t\t<div class=\"elementor-element elementor-element-3d37ff5 elementor-widget elementor-widget-heading\" data-id=\"3d37ff5\" data-element_type=\"widget\" data-e-type=\"widget\" data-widget_type=\"heading.default\">\n\t\t\t\t<div class=\"elementor-widget-container\">\n\t\t\t\t\t<h2 class=\"elementor-heading-title elementor-size-default\">Unsere Blogs helfen Ihnen bei der Auswahl<\/h2>\t\t\t\t<\/div>\n\t\t\t\t<\/div>\n\t\t\t\t\t<\/div>\n\t\t\t\t<\/div>\n\t\t<div class=\"elementor-element elementor-element-9fdf13a e-flex e-con-boxed e-con e-parent\" data-id=\"9fdf13a\" data-element_type=\"container\" data-e-type=\"container\">\n\t\t\t\t\t<div class=\"e-con-inner\">\n\t\t\t\t<div class=\"elementor-element elementor-element-8d8d46c elementor-widget elementor-widget-text-editor\" data-id=\"8d8d46c\" data-element_type=\"widget\" data-e-type=\"widget\" data-widget_type=\"text-editor.default\">\n\t\t\t\t<div class=\"elementor-widget-container\">\n\t\t\t\t\t\t\t\t\t<p>Da die Auswahl so gro\u00df ist, haben wir einige Blogs verfasst, die Ihnen bei der Planung Ihres sportlichen Abenteuers helfen. So wissen Sie genau, welche Sportereignisse in New York Sie auf keinen Fall verpassen sollten. Ob Sie im Winter, Fr\u00fchling, Sommer oder Herbst reisen \u2013 wir geben Ihnen Tipps, wie Sie an Tickets kommen, welche die besten Pl\u00e4tze im Stadion sind und was Sie erwarten k\u00f6nnen.  <\/p><p>Sind Sie neugierig, welche Spiele Sie w\u00e4hrend Ihres Aufenthalts besuchen k\u00f6nnen? Dann besuchen Sie unsere Blogs und entdecken Sie alles \u00fcber Sportereignisse in New York. Lassen Sie sich inspirieren, w\u00e4hlen Sie Ihren Sport, organisieren Sie Ihre Tickets und erleben Sie es selbst \u2013 live, im pulsierenden Herzen der amerikanischen Sportwelt.  <\/p>\t\t\t\t\t\t\t\t<\/div>\n\t\t\t\t<\/div>\n\t\t\t\t\t<\/div>\n\t\t\t\t<\/div>\n\t\t<div class=\"elementor-element elementor-element-b6cdbd6 e-flex e-con-boxed e-con e-parent\" data-id=\"b6cdbd6\" data-element_type=\"container\" data-e-type=\"container\">\n\t\t\t\t\t<div class=\"e-con-inner\">\n\t\t<div class=\"elementor-element elementor-element-879ac56 e-con-full e-flex e-con e-child\" data-id=\"879ac56\" data-element_type=\"container\" data-e-type=\"container\">\n\t\t\t\t<div class=\"elementor-element elementor-element-d64f06d elementor-cta--skin-classic elementor-animated-content elementor-bg-transform elementor-bg-transform-zoom-in elementor-widget elementor-widget-call-to-action\" data-id=\"d64f06d\" data-element_type=\"widget\" data-e-type=\"widget\" data-widget_type=\"call-to-action.default\">\n\t\t\t\t<div class=\"elementor-widget-container\">\n\t\t\t\t\t\t\t<div class=\"elementor-cta\">\n\t\t\t\t\t<div class=\"elementor-cta__bg-wrapper\">\n\t\t\t\t<div class=\"elementor-cta__bg elementor-bg\" style=\"background-image: url(https:\/\/i0.wp.com\/www.newyorkinfo.nl\/wp-content\/uploads\/2025\/04\/New-York-Yankees-yankee-stadium-scaled-1.webp?fit=900%2C550&#038;ssl=1);\" role=\"img\" aria-label=\"New York Yankees Tickets New York Knicks\"><\/div>\n\t\t\t\t<div class=\"elementor-cta__bg-overlay\"><\/div>\n\t\t\t<\/div>\n\t\t\t\t\t\t\t<div class=\"elementor-cta__content\">\n\t\t\t\t\n\t\t\t\t\t\t\t\t\t<h2 class=\"elementor-cta__title elementor-cta__content-item elementor-content-item\">\n\t\t\t\t\t\tG\u00fcnstige New York Yankees Tickets kaufen\t\t\t\t\t<\/h2>\n\t\t\t\t\n\t\t\t\t\n\t\t\t\t\t\t\t\t\t<div class=\"elementor-cta__button-wrapper elementor-cta__content-item elementor-content-item \">\n\t\t\t\t\t<a class=\"elementor-cta__button elementor-button elementor-size-\" href=\"https:\/\/www.newyorkinfo.nl\/de\/sehenswurdigkeiten-in-new-york\/guenstige-new-york-yankees-tickets-kaufen\/\" target=\"_blank\">\n\t\t\t\t\t\tEntdecken Sie die New York Yankees\t\t\t\t\t<\/a>\n\t\t\t\t\t<\/div>\n\t\t\t\t\t\t\t<\/div>\n\t\t\t\t\t\t<\/div>\n\t\t\t\t\t\t<\/div>\n\t\t\t\t<\/div>\n\t\t\t\t<\/div>\n\t\t<div class=\"elementor-element elementor-element-ac43b93 e-con-full e-flex e-con e-child\" data-id=\"ac43b93\" data-element_type=\"container\" data-e-type=\"container\">\n\t\t\t\t<div class=\"elementor-element elementor-element-c76f2c1 elementor-cta--skin-classic elementor-animated-content elementor-bg-transform elementor-bg-transform-zoom-in elementor-widget elementor-widget-call-to-action\" data-id=\"c76f2c1\" data-element_type=\"widget\" data-e-type=\"widget\" data-widget_type=\"call-to-action.default\">\n\t\t\t\t<div class=\"elementor-widget-container\">\n\t\t\t\t\t\t\t<div class=\"elementor-cta\">\n\t\t\t\t\t<div class=\"elementor-cta__bg-wrapper\">\n\t\t\t\t<div class=\"elementor-cta__bg elementor-bg\" style=\"background-image: url(https:\/\/i0.wp.com\/www.newyorkinfo.nl\/wp-content\/uploads\/2025\/04\/New-York-Knicks-Tickets-scaled.webp?fit=1024%2C572&#038;ssl=1);\" role=\"img\" aria-label=\"Goedkope New York Knicks Tickets kopen tijdens je verblijf in New York\"><\/div>\n\t\t\t\t<div class=\"elementor-cta__bg-overlay\"><\/div>\n\t\t\t<\/div>\n\t\t\t\t\t\t\t<div class=\"elementor-cta__content\">\n\t\t\t\t\n\t\t\t\t\t\t\t\t\t<h2 class=\"elementor-cta__title elementor-cta__content-item elementor-content-item\">\n\t\t\t\t\t\tG\u00fcnstige New York Knicks Tickets erwerben\t\t\t\t\t<\/h2>\n\t\t\t\t\n\t\t\t\t\n\t\t\t\t\t\t\t\t\t<div class=\"elementor-cta__button-wrapper elementor-cta__content-item elementor-content-item \">\n\t\t\t\t\t<a class=\"elementor-cta__button elementor-button elementor-size-\" href=\"https:\/\/www.newyorkinfo.nl\/de\/sehenswurdigkeiten-in-new-york\/guenstige-new-york-knicks-tickets-erwerben\/\" target=\"_blank\">\n\t\t\t\t\t\tEntdecken Sie die New York Knicks\t\t\t\t\t<\/a>\n\t\t\t\t\t<\/div>\n\t\t\t\t\t\t\t<\/div>\n\t\t\t\t\t\t<\/div>\n\t\t\t\t\t\t<\/div>\n\t\t\t\t<\/div>\n\t\t\t\t<\/div>\n\t\t<div class=\"elementor-element elementor-element-ac21bd0 e-con-full e-flex e-con e-child\" data-id=\"ac21bd0\" data-element_type=\"container\" data-e-type=\"container\">\n\t\t\t\t<\/div>\n\t\t\t\t\t<\/div>\n\t\t\t\t<\/div>\n\t\t<div class=\"elementor-element elementor-element-dc0a998 e-flex e-con-boxed e-con e-parent\" data-id=\"dc0a998\" data-element_type=\"container\" data-e-type=\"container\">\n\t\t\t\t\t<div class=\"e-con-inner\">\n\t\t\t\t<div class=\"elementor-element elementor-element-5173161 elementor-widget elementor-widget-text-editor\" data-id=\"5173161\" data-element_type=\"widget\" data-e-type=\"widget\" data-widget_type=\"text-editor.default\">\n\t\t\t\t<div class=\"elementor-widget-container\">\n\t\t\t\t\t\t\t\t\t<h2>Sonderangebote f\u00fcr St\u00e4dtereisen nach New York<\/h2>\n<p>Planen Sie eine <a title=\"St\u00e4dtetrip nach New York: Lohnt sich New York?\" href=\"https:\/\/www.newyorkinfo.nl\/de\/vorbereitung-fuer-die-reise-nach-new-york\/staedtereise-new-york-warum-sollte-man-nach-new-york-reisen\/\" target=\"_blank\" rel=\"noopener\"><span style=\"text-decoration: underline;\">St\u00e4dtereise nach New York<\/span><\/a> und m\u00f6chten gerne einige Sehensw\u00fcrdigkeiten und Attraktionen besuchen? Dann nutzen Sie die untenstehenden Angebote und sparen Sie Geld bei Ihren Eintrittskarten.<\/p>\t\t\t\t\t\t\t\t<\/div>\n\t\t\t\t<\/div>\n\t\t\t\t<div class=\"elementor-element elementor-element-a0b6d4d elementor-widget elementor-widget-shortcode\" data-id=\"a0b6d4d\" data-element_type=\"widget\" data-e-type=\"widget\" data-widget_type=\"shortcode.default\">\n\t\t\t\t<div class=\"elementor-widget-container\">\n\t\t\t\t\t\t\t<div class=\"elementor-shortcode\"><div data-gyg-href=\"https:\/\/widget.getyourguide.com\/default\/activities.frame\" data-gyg-locale-code=\"nl-NL\" data-gyg-widget=\"activities\" data-gyg-number-of-items=\"3\" data-gyg-partner-id=\"9MML7BM\" data-gyg-tour-ids=\"404501,393246,19901\"><span>Powered by <a target=\"_blank\" rel=\"sponsored\" href=\"https:\/\/www.getyourguide.com\/new-york-city-l59\/\">GetYourGuide<\/a><\/span><\/div><\/div>\n\t\t\t\t\t\t<\/div>\n\t\t\t\t<\/div>\n\t\t\t\t\t<\/div>\n\t\t\t\t<\/div>\n\t\t\t\t<\/div>\n\t\t","protected":false},"excerpt":{"rendered":"<p>Sportereignisse in New York besuchen: Ein unvergessliches Erlebnis New York ist eine Stadt, die niemals schl\u00e4ft, und dies gilt gewiss auch f\u00fcr die Sportwelt. Wer Sportereignisse in New York besuchen m\u00f6chte, findet sich in einer pulsierenden Mischung aus Spitzenteams, leidenschaftlichen Fans und ikonischen Stadien wieder. Ob Sie Basketball, Baseball, American Football oder Eishockey bevorzugen: Die [&hellip;]<\/p>\n","protected":false},"author":1,"featured_media":46081,"parent":0,"menu_order":0,"comment_status":"closed","ping_status":"closed","template":"","meta":{"footnotes":""},"class_list":["post-46117","page","type-page","status-publish","has-post-thumbnail","hentry"],"aioseo_notices":[],"_links":{"self":[{"href":"https:\/\/www.newyorkinfo.nl\/de\/wp-json\/wp\/v2\/pages\/46117","targetHints":{"allow":["GET"]}}],"collection":[{"href":"https:\/\/www.newyorkinfo.nl\/de\/wp-json\/wp\/v2\/pages"}],"about":[{"href":"https:\/\/www.newyorkinfo.nl\/de\/wp-json\/wp\/v2\/types\/page"}],"author":[{"embeddable":true,"href":"https:\/\/www.newyorkinfo.nl\/de\/wp-json\/wp\/v2\/users\/1"}],"replies":[{"embeddable":true,"href":"https:\/\/www.newyorkinfo.nl\/de\/wp-json\/wp\/v2\/comments?post=46117"}],"version-history":[{"count":0,"href":"https:\/\/www.newyorkinfo.nl\/de\/wp-json\/wp\/v2\/pages\/46117\/revisions"}],"wp:featuredmedia":[{"embeddable":true,"href":"https:\/\/www.newyorkinfo.nl\/de\/wp-json\/wp\/v2\/media\/46081"}],"wp:attachment":[{"href":"https:\/\/www.newyorkinfo.nl\/de\/wp-json\/wp\/v2\/media?parent=46117"}],"curies":[{"name":"wp","href":"https:\/\/api.w.org\/{rel}","templated":true}]}}