{"id":45422,"date":"2025-04-12T18:52:45","date_gmt":"2025-04-12T18:52:45","guid":{"rendered":"https:\/\/www.newyorkinfo.nl\/weihnachten-in-new-york-die-besten-tipps-und-sehenswuerdigkeiten\/"},"modified":"2025-12-10T20:37:27","modified_gmt":"2025-12-10T20:37:27","slug":"weihnachten-in-new-york-die-besten-tipps-und-sehenswuerdigkeiten","status":"publish","type":"page","link":"https:\/\/www.newyorkinfo.nl\/de\/weihnachten-in-new-york-die-besten-tipps-und-sehenswuerdigkeiten\/","title":{"rendered":"Weihnachten in New York: Die besten Tipps und Sehensw\u00fcrdigkeiten"},"content":{"rendered":"\t\t<div data-elementor-type=\"wp-page\" data-elementor-id=\"45422\" class=\"elementor elementor-45422 elementor-45392\" data-elementor-post-type=\"page\">\n\t\t\t\t<div class=\"elementor-element elementor-element-e014371 e-flex e-con-boxed e-con e-parent\" data-id=\"e014371\" data-element_type=\"container\" data-e-type=\"container\">\n\t\t\t\t\t<div class=\"e-con-inner\">\n\t\t\t\t<div class=\"elementor-element elementor-element-fab06e5 elementor-widget elementor-widget-heading\" data-id=\"fab06e5\" data-element_type=\"widget\" data-e-type=\"widget\" data-widget_type=\"heading.default\">\n\t\t\t\t<div class=\"elementor-widget-container\">\n\t\t\t\t\t<h1 class=\"elementor-heading-title elementor-size-default\">Weihnachten in New York: ein magisches Erlebnis<\/h1>\t\t\t\t<\/div>\n\t\t\t\t<\/div>\n\t\t\t\t\t<\/div>\n\t\t\t\t<\/div>\n\t\t<div class=\"elementor-element elementor-element-def315f e-flex e-con-boxed e-con e-parent\" data-id=\"def315f\" data-element_type=\"container\" data-e-type=\"container\">\n\t\t\t\t\t<div class=\"e-con-inner\">\n\t\t\t\t<div class=\"elementor-element elementor-element-5e5c3ab elementor-widget elementor-widget-text-editor\" data-id=\"5e5c3ab\" data-element_type=\"widget\" data-e-type=\"widget\" data-widget_type=\"text-editor.default\">\n\t\t\t\t<div class=\"elementor-widget-container\">\n\t\t\t\t\t\t\t\t\t<p class=\"\" data-start=\"72\" data-end=\"393\">Weihnachten in New York ist ein einzigartiges Erlebnis, das Sie nicht so schnell vergessen werden. Die Stadt erwacht mit schillernden Lichtern, dem ber\u00fchmten Weihnachtsbaum am Rockefeller Center und stimmungsvollen Weihnachtsm\u00e4rkten zum Leben. Egal, ob Sie zum ersten Mal in New York sind oder schon einmal dort waren, die Feiertage bringen einen besonderen Zauber mit sich.  <\/p>\n<p class=\"\" data-start=\"395\" data-end=\"628\">Damit Sie Ihre Weihnachtsferien optimal nutzen k\u00f6nnen, haben wir eine Reihe von Blogs geschrieben. Hier finden Sie Tipps, besondere Sehensw\u00fcrdigkeiten und die besten Aktivit\u00e4ten, um Ihr Weihnachtsfest in New York zu einer Traumreise zu machen. <\/p>\n\t\t\t\t\t\t\t\t<\/div>\n\t\t\t\t<\/div>\n\t\t\t\t\t<\/div>\n\t\t\t\t<\/div>\n\t\t<div class=\"elementor-element elementor-element-29bb093 e-flex e-con-boxed e-con e-parent\" data-id=\"29bb093\" data-element_type=\"container\" data-e-type=\"container\">\n\t\t\t\t\t<div class=\"e-con-inner\">\n\t\t<div class=\"elementor-element elementor-element-4c01ba1 e-con-full e-flex e-con e-child\" data-id=\"4c01ba1\" data-element_type=\"container\" data-e-type=\"container\">\n\t\t\t\t<div class=\"elementor-element elementor-element-7c7d483 elementor-cta--skin-classic elementor-animated-content elementor-bg-transform elementor-bg-transform-zoom-in elementor-widget elementor-widget-call-to-action\" data-id=\"7c7d483\" data-element_type=\"widget\" data-e-type=\"widget\" data-widget_type=\"call-to-action.default\">\n\t\t\t\t<div class=\"elementor-widget-container\">\n\t\t\t\t\t\t\t<div class=\"elementor-cta\">\n\t\t\t\t\t<div class=\"elementor-cta__bg-wrapper\">\n\t\t\t\t<div class=\"elementor-cta__bg elementor-bg\" style=\"background-image: url(https:\/\/i0.wp.com\/www.newyorkinfo.nl\/wp-content\/uploads\/2025\/04\/Dyker-Heights-Kerstverlichting-Tour-scaled.webp?fit=1024%2C572&#038;ssl=1);\" role=\"img\" aria-label=\"Die Dyker Heights Christmas Lights Tour kommt zu Weihnachten nach New York\"><\/div>\n\t\t\t\t<div class=\"elementor-cta__bg-overlay\"><\/div>\n\t\t\t<\/div>\n\t\t\t\t\t\t\t<div class=\"elementor-cta__content\">\n\t\t\t\t\n\t\t\t\t\t\t\t\t\t<h2 class=\"elementor-cta__title elementor-cta__content-item elementor-content-item\">\n\t\t\t\t\t\tWeihnachten in New York: Lohnt es sich?\t\t\t\t\t<\/h2>\n\t\t\t\t\n\t\t\t\t\n\t\t\t\t\t\t\t\t\t<div class=\"elementor-cta__button-wrapper elementor-cta__content-item elementor-content-item \">\n\t\t\t\t\t<a class=\"elementor-cta__button elementor-button elementor-size-\" href=\"https:\/\/www.newyorkinfo.nl\/de\/vorbereitung-fuer-die-reise-nach-new-york\/uber-weihnachten-nach-new-york\/\" target=\"_blank\">\n\t\t\t\t\t\tLesen Sie unsere Tipps\t\t\t\t\t<\/a>\n\t\t\t\t\t<\/div>\n\t\t\t\t\t\t\t<\/div>\n\t\t\t\t\t\t<\/div>\n\t\t\t\t\t\t<\/div>\n\t\t\t\t<\/div>\n\t\t\t\t<\/div>\n\t\t<div class=\"elementor-element elementor-element-d2210b6 e-con-full e-flex e-con e-child\" data-id=\"d2210b6\" data-element_type=\"container\" data-e-type=\"container\">\n\t\t\t\t<div class=\"elementor-element elementor-element-6f4db4e elementor-cta--skin-classic elementor-animated-content elementor-bg-transform elementor-bg-transform-zoom-in elementor-widget elementor-widget-call-to-action\" data-id=\"6f4db4e\" data-element_type=\"widget\" data-e-type=\"widget\" data-widget_type=\"call-to-action.default\">\n\t\t\t\t<div class=\"elementor-widget-container\">\n\t\t\t\t\t\t\t<div class=\"elementor-cta\">\n\t\t\t\t\t<div class=\"elementor-cta__bg-wrapper\">\n\t\t\t\t<div class=\"elementor-cta__bg elementor-bg\" style=\"background-image: url(https:\/\/i0.wp.com\/www.newyorkinfo.nl\/wp-content\/uploads\/2025\/04\/Dyker-Heights-xmas-scaled.webp?fit=1024%2C572&#038;ssl=1);\" role=\"img\" aria-label=\"Dyker Heights Met kerst naar New York Kerst in New York Weihnachten in New York Christmas in New York\"><\/div>\n\t\t\t\t<div class=\"elementor-cta__bg-overlay\"><\/div>\n\t\t\t<\/div>\n\t\t\t\t\t\t\t<div class=\"elementor-cta__content\">\n\t\t\t\t\n\t\t\t\t\t\t\t\t\t<h2 class=\"elementor-cta__title elementor-cta__content-item elementor-content-item\">\n\t\t\t\t\t\tDyker Heights Weihnachtsbeleuchtung Tour: Ist es die M\u00fche wert?\t\t\t\t\t<\/h2>\n\t\t\t\t\n\t\t\t\t\n\t\t\t\t\t\t\t\t\t<div class=\"elementor-cta__button-wrapper elementor-cta__content-item elementor-content-item \">\n\t\t\t\t\t<a class=\"elementor-cta__button elementor-button elementor-size-\" href=\"https:\/\/www.newyorkinfo.nl\/de\/sehenswurdigkeiten-in-new-york\/dyker-heights-weihnachtsbeleuchtung-tour\/\" target=\"_blank\">\n\t\t\t\t\t\tEntdecken Sie Dyker Heights\t\t\t\t\t<\/a>\n\t\t\t\t\t<\/div>\n\t\t\t\t\t\t\t<\/div>\n\t\t\t\t\t\t<\/div>\n\t\t\t\t\t\t<\/div>\n\t\t\t\t<\/div>\n\t\t\t\t<\/div>\n\t\t<div class=\"elementor-element elementor-element-6399f5f e-con-full e-flex e-con e-child\" data-id=\"6399f5f\" data-element_type=\"container\" data-e-type=\"container\">\n\t\t\t\t<\/div>\n\t\t\t\t\t<\/div>\n\t\t\t\t<\/div>\n\t\t<div class=\"elementor-element elementor-element-93e8eb0 e-flex e-con-boxed e-con e-parent\" data-id=\"93e8eb0\" data-element_type=\"container\" data-e-type=\"container\">\n\t\t\t\t\t<div class=\"e-con-inner\">\n\t\t\t\t<div class=\"elementor-element elementor-element-b661250 elementor-widget elementor-widget-text-editor\" data-id=\"b661250\" data-element_type=\"widget\" data-e-type=\"widget\" data-widget_type=\"text-editor.default\">\n\t\t\t\t<div class=\"elementor-widget-container\">\n\t\t\t\t\t\t\t\t\t<h2>Spezielle Angebote f\u00fcr eine St\u00e4dtereise nach New York<\/h2>\n<p>Du planst eine St\u00e4dtereise nach New York und m\u00f6chtest zu Weihnachten zahlreiche Sehensw\u00fcrdigkeiten und Attraktionen in New York besichtigen? Dann nutzen Sie die untenstehenden Angebote und sparen Sie bei Ihren Eintrittskarten.<\/p>\n\t\t\t\t\t\t\t\t<\/div>\n\t\t\t\t<\/div>\n\t\t\t\t\t<\/div>\n\t\t\t\t<\/div>\n\t\t<div class=\"elementor-element elementor-element-086ffff e-flex e-con-boxed e-con e-parent\" data-id=\"086ffff\" data-element_type=\"container\" data-e-type=\"container\">\n\t\t\t\t\t<div class=\"e-con-inner\">\n\t\t\t\t<div class=\"elementor-element elementor-element-d799db3 elementor-widget elementor-widget-shortcode\" data-id=\"d799db3\" data-element_type=\"widget\" data-e-type=\"widget\" data-widget_type=\"shortcode.default\">\n\t\t\t\t<div class=\"elementor-widget-container\">\n\t\t\t\t\t\t\t<div class=\"elementor-shortcode\"><div data-gyg-href=\"https:\/\/widget.getyourguide.com\/default\/activities.frame\" data-gyg-locale-code=\"nl-NL\" data-gyg-widget=\"activities\" data-gyg-number-of-items=\"3\" data-gyg-partner-id=\"9MML7BM\" data-gyg-tour-ids=\"128106,263037,157260\"><span>Powered by <a target=\"_blank\" rel=\"sponsored\" href=\"https:\/\/www.getyourguide.com\/new-york-city-l59\/\">GetYourGuide<\/a><\/span><\/div><\/div>\n\t\t\t\t\t\t<\/div>\n\t\t\t\t<\/div>\n\t\t\t\t\t<\/div>\n\t\t\t\t<\/div>\n\t\t\t\t<\/div>\n\t\t","protected":false},"excerpt":{"rendered":"<p>Weihnachten in New York: ein magisches Erlebnis Weihnachten in New York ist ein einzigartiges Erlebnis, das Sie nicht so schnell vergessen werden. Die Stadt erwacht mit schillernden Lichtern, dem ber\u00fchmten Weihnachtsbaum am Rockefeller Center und stimmungsvollen Weihnachtsm\u00e4rkten zum Leben. Egal, ob Sie zum ersten Mal in New York sind oder schon einmal dort waren, die [&hellip;]<\/p>\n","protected":false},"author":1,"featured_media":0,"parent":0,"menu_order":0,"comment_status":"closed","ping_status":"closed","template":"","meta":{"footnotes":""},"class_list":["post-45422","page","type-page","status-publish","hentry"],"aioseo_notices":[],"_links":{"self":[{"href":"https:\/\/www.newyorkinfo.nl\/de\/wp-json\/wp\/v2\/pages\/45422","targetHints":{"allow":["GET"]}}],"collection":[{"href":"https:\/\/www.newyorkinfo.nl\/de\/wp-json\/wp\/v2\/pages"}],"about":[{"href":"https:\/\/www.newyorkinfo.nl\/de\/wp-json\/wp\/v2\/types\/page"}],"author":[{"embeddable":true,"href":"https:\/\/www.newyorkinfo.nl\/de\/wp-json\/wp\/v2\/users\/1"}],"replies":[{"embeddable":true,"href":"https:\/\/www.newyorkinfo.nl\/de\/wp-json\/wp\/v2\/comments?post=45422"}],"version-history":[{"count":0,"href":"https:\/\/www.newyorkinfo.nl\/de\/wp-json\/wp\/v2\/pages\/45422\/revisions"}],"wp:attachment":[{"href":"https:\/\/www.newyorkinfo.nl\/de\/wp-json\/wp\/v2\/media?parent=45422"}],"curies":[{"name":"wp","href":"https:\/\/api.w.org\/{rel}","templated":true}]}}