{"id":44897,"date":"2025-04-10T13:45:42","date_gmt":"2025-04-10T13:45:42","guid":{"rendered":"https:\/\/www.newyorkinfo.nl\/ueber-uns\/"},"modified":"2025-12-23T16:29:08","modified_gmt":"2025-12-23T16:29:08","slug":"ueber-uns","status":"publish","type":"page","link":"https:\/\/www.newyorkinfo.nl\/de\/ueber-uns\/","title":{"rendered":"\u00dcber den Autor: Edward"},"content":{"rendered":"\t\t<div data-elementor-type=\"wp-page\" data-elementor-id=\"44897\" class=\"elementor elementor-44897 elementor-44858\" data-elementor-post-type=\"page\">\n\t\t\t\t<div class=\"elementor-element elementor-element-cde876a e-flex e-con-boxed e-con e-parent\" data-id=\"cde876a\" data-element_type=\"container\" data-e-type=\"container\">\n\t\t\t\t\t<div class=\"e-con-inner\">\n\t\t\t\t<div class=\"elementor-element elementor-element-6c1b816 elementor-widget elementor-widget-heading\" data-id=\"6c1b816\" data-element_type=\"widget\" data-e-type=\"widget\" data-widget_type=\"heading.default\">\n\t\t\t\t<div class=\"elementor-widget-container\">\n\t\t\t\t\t<h2 class=\"elementor-heading-title elementor-size-default\">\u00dcber Edward<\/h2>\t\t\t\t<\/div>\n\t\t\t\t<\/div>\n\t\t\t\t\t<\/div>\n\t\t\t\t<\/div>\n\t\t<div class=\"elementor-element elementor-element-1a35917 e-flex e-con-boxed e-con e-parent\" data-id=\"1a35917\" data-element_type=\"container\" data-e-type=\"container\">\n\t\t\t\t\t<div class=\"e-con-inner\">\n\t\t<div class=\"elementor-element elementor-element-3effee9 e-con-full e-flex e-con e-child\" data-id=\"3effee9\" data-element_type=\"container\" data-e-type=\"container\">\n\t\t\t\t<div class=\"elementor-element elementor-element-e250fc2 elementor-widget elementor-widget-image\" data-id=\"e250fc2\" data-element_type=\"widget\" data-e-type=\"widget\" data-widget_type=\"image.default\">\n\t\t\t\t<div class=\"elementor-widget-container\">\n\t\t\t\t\t\t\t\t\t\t\t\t\t\t\t<img fetchpriority=\"high\" decoding=\"async\" width=\"350\" height=\"382\" src=\"https:\/\/i0.wp.com\/www.newyorkinfo.nl\/wp-content\/uploads\/2025\/12\/Edward-New-York-Info-350-1.webp?fit=350%2C382&amp;ssl=1\" class=\"attachment-large size-large wp-image-54002 has-transparency\" alt=\"Edward-New York Info\" srcset=\"https:\/\/i0.wp.com\/www.newyorkinfo.nl\/wp-content\/uploads\/2025\/12\/Edward-New-York-Info-350-1.webp?w=350&amp;ssl=1 350w, https:\/\/i0.wp.com\/www.newyorkinfo.nl\/wp-content\/uploads\/2025\/12\/Edward-New-York-Info-350-1.webp?resize=275%2C300&amp;ssl=1 275w\" sizes=\"(max-width: 350px) 100vw, 350px\" data-has-transparency=\"true\" data-dominant-color=\"869299\" style=\"--dominant-color: #869299\" \/>\t\t\t\t\t\t\t\t\t\t\t\t\t\t\t<\/div>\n\t\t\t\t<\/div>\n\t\t\t\t<\/div>\n\t\t<div class=\"elementor-element elementor-element-7e6640b e-con-full e-flex e-con e-child\" data-id=\"7e6640b\" data-element_type=\"container\" data-e-type=\"container\">\n\t\t\t\t<div class=\"elementor-element elementor-element-c568e04 elementor-widget elementor-widget-text-editor\" data-id=\"c568e04\" data-element_type=\"widget\" data-e-type=\"widget\" data-widget_type=\"text-editor.default\">\n\t\t\t\t<div class=\"elementor-widget-container\">\n\t\t\t\t\t\t\t\t\t<p>Hallo, ich bin Edward. Ich bin ein begeisterter Reisender und liebe New York \u00fcber alles. Die Stadt hat mich von meinem ersten Besuch an fasziniert, und seitdem war ich schon oft dort, immer auf der Suche nach neuen Entdeckungen.<\/p>\n<p>Was mit dem Austausch von Tipps und Geschichten mit Familie und Freunden begann, ist heute New York Info: eine Website, die sich ganz dieser einzigartigen Stadt widmet. Hier teile ich meine pers\u00f6nlichen Erfahrungen, praktische Informationen und meine Lieblingsorte, um Ihnen bei der Planung Ihrer New-York-Reise zu helfen.<\/p>\n<p>Mit New York Info m\u00f6chte ich Ihnen zeigen, dass New York weit mehr zu bieten hat als nur die bekannten Sehensw\u00fcrdigkeiten, und Ihnen helfen, die Stadt auf Ihre ganz eigene Art zu erleben.<\/p>\n\t\t\t\t\t\t\t\t<\/div>\n\t\t\t\t<\/div>\n\t\t\t\t<\/div>\n\t\t\t\t\t<\/div>\n\t\t\t\t<\/div>\n\t\t<div class=\"elementor-element elementor-element-76719a7 e-flex e-con-boxed e-con e-parent\" data-id=\"76719a7\" data-element_type=\"container\" data-e-type=\"container\">\n\t\t\t\t\t<div class=\"e-con-inner\">\n\t\t\t\t<div class=\"elementor-element elementor-element-5add49f elementor-widget elementor-widget-heading\" data-id=\"5add49f\" data-element_type=\"widget\" data-e-type=\"widget\" data-widget_type=\"heading.default\">\n\t\t\t\t<div class=\"elementor-widget-container\">\n\t\t\t\t\t<h2 class=\"elementor-heading-title elementor-size-default\">Kontaktieren Sie mich<\/h2>\t\t\t\t<\/div>\n\t\t\t\t<\/div>\n\t\t\t\t\t<\/div>\n\t\t\t\t<\/div>\n\t\t<div class=\"elementor-element elementor-element-a4d5f77 e-flex e-con-boxed e-con e-parent\" data-id=\"a4d5f77\" data-element_type=\"container\" data-e-type=\"container\">\n\t\t\t\t\t<div class=\"e-con-inner\">\n\t\t\t\t<div class=\"elementor-element elementor-element-8ce0ba0 elementor-widget elementor-widget-text-editor\" data-id=\"8ce0ba0\" data-element_type=\"widget\" data-e-type=\"widget\" data-widget_type=\"text-editor.default\">\n\t\t\t\t<div class=\"elementor-widget-container\">\n\t\t\t\t\t\t\t\t\t<p>Haben Sie eine Frage, m\u00f6chten Sie mir etwas mitteilen oder suchen Sie einfach nur nach weiteren Tipps f\u00fcr Ihre St\u00e4dtereise nach New York? Schreiben Sie mir gerne eine Nachricht; ich helfe Ihnen gerne weiter.<\/p>\n<p>Sie k\u00f6nnen mir eine E-Mail senden an: <a href=\"mailto:info@newyorkinfo.nl\">info@newyorkinfo.nl<\/a><\/p>\n<p data-start=\"304\" data-end=\"406\">Ich gebe mein Bestes, immer innerhalb von 24 Stunden zu antworten, damit Sie Ihre Pl\u00e4ne schnell fortsetzen k\u00f6nnen.<\/p>\n<p><\/p>\n<p data-start=\"408\" data-end=\"448\">Ich freue mich darauf, von Ihnen zu h\u00f6ren!<\/p>\n\t\t\t\t\t\t\t\t<\/div>\n\t\t\t\t<\/div>\n\t\t\t\t<div class=\"elementor-element elementor-element-ccfbe46 elementor-widget elementor-widget-heading\" data-id=\"ccfbe46\" data-element_type=\"widget\" data-e-type=\"widget\" data-widget_type=\"heading.default\">\n\t\t\t\t<div class=\"elementor-widget-container\">\n\t\t\t\t\t<h2 class=\"elementor-heading-title elementor-size-default\">Entdecke weitere spannende St\u00e4dtetrips auf Cities To Travel<\/h2>\t\t\t\t<\/div>\n\t\t\t\t<\/div>\n\t\t\t\t\t<\/div>\n\t\t\t\t<\/div>\n\t\t<div class=\"elementor-element elementor-element-72632b4 e-flex e-con-boxed e-con e-parent\" data-id=\"72632b4\" data-element_type=\"container\" data-e-type=\"container\">\n\t\t\t\t\t<div class=\"e-con-inner\">\n\t\t\t\t<div class=\"elementor-element elementor-element-8f87da8 elementor-widget elementor-widget-text-editor\" data-id=\"8f87da8\" data-element_type=\"widget\" data-e-type=\"widget\" data-widget_type=\"text-editor.default\">\n\t\t\t\t<div class=\"elementor-widget-container\">\n\t\t\t\t\t\t\t\t\t<p>Ich habe in den letzten Jahren viele St\u00e4dte in Europa und Amerika besucht und teile auf Cities To Travel meine pers\u00f6nlichen Erfahrungen, praktische Tipps und Empfehlungen, um Ihnen bei der Planung Ihrer n\u00e4chsten St\u00e4dtereise zu helfen.<\/p>\n<p>Sie finden die Seite unter <a href=\"https:\/\/www.citiestotravel.com\/de\/\" target=\"_blank\" rel=\"noopener\">https:\/\/www.citiestotravel.com\/de\/<\/a><\/p>\n\t\t\t\t\t\t\t\t<\/div>\n\t\t\t\t<\/div>\n\t\t\t\t\t<\/div>\n\t\t\t\t<\/div>\n\t\t<div class=\"elementor-element elementor-element-80ea07a e-flex e-con-boxed e-con e-parent\" data-id=\"80ea07a\" data-element_type=\"container\" data-e-type=\"container\">\n\t\t\t\t\t<div class=\"e-con-inner\">\n\t\t\t\t<div class=\"elementor-element elementor-element-a6a392c elementor-widget elementor-widget-text-editor\" data-id=\"a6a392c\" data-element_type=\"widget\" data-e-type=\"widget\" data-widget_type=\"text-editor.default\">\n\t\t\t\t<div class=\"elementor-widget-container\">\n\t\t\t\t\t\t\t\t\t<p>*Edward ist der Autor von New York Info und Cities To Travel.<\/p>\n\t\t\t\t\t\t\t\t<\/div>\n\t\t\t\t<\/div>\n\t\t\t\t\t<\/div>\n\t\t\t\t<\/div>\n\t\t<div class=\"elementor-element elementor-element-4aefd7d e-flex e-con-boxed e-con e-parent\" data-id=\"4aefd7d\" data-element_type=\"container\" data-e-type=\"container\">\n\t\t\t\t\t<div class=\"e-con-inner\">\n\t\t\t\t<div class=\"elementor-element elementor-element-68ef558 elementor-widget elementor-widget-heading\" data-id=\"68ef558\" data-element_type=\"widget\" data-e-type=\"widget\" data-widget_type=\"heading.default\">\n\t\t\t\t<div class=\"elementor-widget-container\">\n\t\t\t\t\t<h2 class=\"elementor-heading-title elementor-size-default\">Folgen Sie New York Info in den sozialen Medien<\/h2>\t\t\t\t<\/div>\n\t\t\t\t<\/div>\n\t\t\t\t\t<\/div>\n\t\t\t\t<\/div>\n\t\t<div class=\"elementor-element elementor-element-28d3bb1 e-flex e-con-boxed e-con e-parent\" data-id=\"28d3bb1\" data-element_type=\"container\" data-e-type=\"container\">\n\t\t\t\t\t<div class=\"e-con-inner\">\n\t\t\t\t<div class=\"elementor-element elementor-element-a1b50dd elementor-shape-circle elementor-grid-0 e-grid-align-center elementor-widget elementor-widget-social-icons\" data-id=\"a1b50dd\" data-element_type=\"widget\" data-e-type=\"widget\" data-widget_type=\"social-icons.default\">\n\t\t\t\t<div class=\"elementor-widget-container\">\n\t\t\t\t\t\t\t<div class=\"elementor-social-icons-wrapper elementor-grid\" role=\"list\">\n\t\t\t\t\t\t\t<span class=\"elementor-grid-item\" role=\"listitem\">\n\t\t\t\t\t<a class=\"elementor-icon elementor-social-icon elementor-social-icon-facebook elementor-repeater-item-44ead79\" href=\"https:\/\/www.facebook.com\/newyorkinfo\" target=\"_blank\">\n\t\t\t\t\t\t<span class=\"elementor-screen-only\">Facebook<\/span>\n\t\t\t\t\t\t<i aria-hidden=\"true\" class=\"fab fa-facebook\"><\/i>\t\t\t\t\t<\/a>\n\t\t\t\t<\/span>\n\t\t\t\t\t\t\t<span class=\"elementor-grid-item\" role=\"listitem\">\n\t\t\t\t\t<a class=\"elementor-icon elementor-social-icon elementor-social-icon-instagram elementor-repeater-item-c25f013\" href=\"https:\/\/www.instagram.com\/newyorkinfo_nl\" target=\"_blank\">\n\t\t\t\t\t\t<span class=\"elementor-screen-only\">Instagram<\/span>\n\t\t\t\t\t\t<i aria-hidden=\"true\" class=\"fab fa-instagram\"><\/i>\t\t\t\t\t<\/a>\n\t\t\t\t<\/span>\n\t\t\t\t\t\t\t<span class=\"elementor-grid-item\" role=\"listitem\">\n\t\t\t\t\t<a class=\"elementor-icon elementor-social-icon elementor-social-icon-pinterest elementor-repeater-item-1186ffb\" href=\"https:\/\/nl.pinterest.com\/newyorkinfo_nl\/\" target=\"_blank\">\n\t\t\t\t\t\t<span class=\"elementor-screen-only\">Pinterest<\/span>\n\t\t\t\t\t\t<i aria-hidden=\"true\" class=\"fab fa-pinterest\"><\/i>\t\t\t\t\t<\/a>\n\t\t\t\t<\/span>\n\t\t\t\t\t<\/div>\n\t\t\t\t\t\t<\/div>\n\t\t\t\t<\/div>\n\t\t\t\t\t<\/div>\n\t\t\t\t<\/div>\n\t\t<div class=\"elementor-element elementor-element-866d88c e-flex e-con-boxed e-con e-parent\" data-id=\"866d88c\" data-element_type=\"container\" data-e-type=\"container\">\n\t\t\t\t\t<div class=\"e-con-inner\">\n\t\t\t\t<div class=\"elementor-element elementor-element-17d652b elementor-widget elementor-widget-heading\" data-id=\"17d652b\" data-element_type=\"widget\" data-e-type=\"widget\" data-widget_type=\"heading.default\">\n\t\t\t\t<div class=\"elementor-widget-container\">\n\t\t\t\t\t<h2 class=\"elementor-heading-title elementor-size-default\">Affiliate-Links<\/h2>\t\t\t\t<\/div>\n\t\t\t\t<\/div>\n\t\t\t\t\t<\/div>\n\t\t\t\t<\/div>\n\t\t<div class=\"elementor-element elementor-element-3319d56 e-flex e-con-boxed e-con e-parent\" data-id=\"3319d56\" data-element_type=\"container\" data-e-type=\"container\">\n\t\t\t\t\t<div class=\"e-con-inner\">\n\t\t\t\t<div class=\"elementor-element elementor-element-1b10bf7 elementor-widget elementor-widget-text-editor\" data-id=\"1b10bf7\" data-element_type=\"widget\" data-e-type=\"widget\" data-widget_type=\"text-editor.default\">\n\t\t\t\t<div class=\"elementor-widget-container\">\n\t\t\t\t\t\t\t\t\t<p>Die Website New York Info enth\u00e4lt Affiliate-Links. Wenn Sie \u00fcber einen dieser Links Touren oder Tickets buchen, erhalte ich m\u00f6glicherweise eine kleine Provision, ohne dass Ihnen dadurch zus\u00e4tzliche Kosten entstehen. Dies hat keinerlei Einfluss auf die Inhalte oder Tipps in meinen Blogbeitr\u00e4gen.<\/p>\n\t\t\t\t\t\t\t\t<\/div>\n\t\t\t\t<\/div>\n\t\t\t\t\t<\/div>\n\t\t\t\t<\/div>\n\t\t\t\t<\/div>\n\t\t","protected":false},"excerpt":{"rendered":"<p>\u00dcber Edward Hallo, ich bin Edward. Ich bin ein begeisterter Reisender und liebe New York \u00fcber alles. Die Stadt hat mich von meinem ersten Besuch an fasziniert, und seitdem war ich schon oft dort, immer auf der Suche nach neuen Entdeckungen. Was mit dem Austausch von Tipps und Geschichten mit Familie und Freunden begann, ist [&hellip;]<\/p>\n","protected":false},"author":1,"featured_media":0,"parent":0,"menu_order":0,"comment_status":"closed","ping_status":"closed","template":"","meta":{"footnotes":""},"class_list":["post-44897","page","type-page","status-publish","hentry"],"aioseo_notices":[],"_links":{"self":[{"href":"https:\/\/www.newyorkinfo.nl\/de\/wp-json\/wp\/v2\/pages\/44897","targetHints":{"allow":["GET"]}}],"collection":[{"href":"https:\/\/www.newyorkinfo.nl\/de\/wp-json\/wp\/v2\/pages"}],"about":[{"href":"https:\/\/www.newyorkinfo.nl\/de\/wp-json\/wp\/v2\/types\/page"}],"author":[{"embeddable":true,"href":"https:\/\/www.newyorkinfo.nl\/de\/wp-json\/wp\/v2\/users\/1"}],"replies":[{"embeddable":true,"href":"https:\/\/www.newyorkinfo.nl\/de\/wp-json\/wp\/v2\/comments?post=44897"}],"version-history":[{"count":0,"href":"https:\/\/www.newyorkinfo.nl\/de\/wp-json\/wp\/v2\/pages\/44897\/revisions"}],"wp:attachment":[{"href":"https:\/\/www.newyorkinfo.nl\/de\/wp-json\/wp\/v2\/media?parent=44897"}],"curies":[{"name":"wp","href":"https:\/\/api.w.org\/{rel}","templated":true}]}}