{"id":44598,"date":"2025-02-03T16:12:52","date_gmt":"2025-02-03T16:12:52","guid":{"rendered":"https:\/\/www.newyorkinfo.nl\/die-besten-museen-in-new-york\/"},"modified":"2025-09-08T13:46:20","modified_gmt":"2025-09-08T13:46:20","slug":"museen-in-new-york","status":"publish","type":"page","link":"https:\/\/www.newyorkinfo.nl\/de\/museen-in-new-york\/","title":{"rendered":"Die besten Museen in New York"},"content":{"rendered":"\t\t<div data-elementor-type=\"wp-page\" data-elementor-id=\"44598\" class=\"elementor elementor-44598 elementor-44517\" data-elementor-post-type=\"page\">\n\t\t\t\t<div class=\"elementor-element elementor-element-a677c9f e-flex e-con-boxed e-con e-parent\" data-id=\"a677c9f\" data-element_type=\"container\" data-e-type=\"container\">\n\t\t\t\t\t<div class=\"e-con-inner\">\n\t\t\t\t<div class=\"elementor-element elementor-element-7f3ceff elementor-widget elementor-widget-heading\" data-id=\"7f3ceff\" data-element_type=\"widget\" data-e-type=\"widget\" data-widget_type=\"heading.default\">\n\t\t\t\t<div class=\"elementor-widget-container\">\n\t\t\t\t\t<h2 class=\"elementor-heading-title elementor-size-default\">Museen in New York<\/h2>\t\t\t\t<\/div>\n\t\t\t\t<\/div>\n\t\t\t\t\t<\/div>\n\t\t\t\t<\/div>\n\t\t<div class=\"elementor-element elementor-element-bf94b55 e-flex e-con-boxed e-con e-parent\" data-id=\"bf94b55\" data-element_type=\"container\" data-e-type=\"container\">\n\t\t\t\t\t<div class=\"e-con-inner\">\n\t\t\t\t<div class=\"elementor-element elementor-element-62c57f6 elementor-widget elementor-widget-text-editor\" data-id=\"62c57f6\" data-element_type=\"widget\" data-e-type=\"widget\" data-widget_type=\"text-editor.default\">\n\t\t\t\t<div class=\"elementor-widget-container\">\n\t\t\t\t\t\t\t\t\t<p>Es gibt viele sch\u00f6ne Museen in New York. Und ob Sie ein Museumsliebhaber sind oder nicht, in New York gibt es immer ein Museum, das Ihnen gefallen wird. Denn nirgendwo sonst auf der Welt gibt es so viele verschiedene Arten von Museen in einer Stadt. Sie k\u00f6nnen einen Flugzeugtr\u00e4ger oder eine Feuerwache besuchen, aber Sie k\u00f6nnen auch ein Kunstmuseum oder eines der gr\u00f6\u00dften Museen der Vereinigten Staaten besuchen. Wie Sie sicher verstanden haben, mangelt es in New York nicht an Museen, und vor allem ist f\u00fcr jeden etwas dabei.    <\/p>\t\t\t\t\t\t\t\t<\/div>\n\t\t\t\t<\/div>\n\t\t\t\t\t<\/div>\n\t\t\t\t<\/div>\n\t\t<div class=\"elementor-element elementor-element-b6c9676 e-flex e-con-boxed e-con e-parent\" data-id=\"b6c9676\" data-element_type=\"container\" data-e-type=\"container\">\n\t\t\t\t\t<div class=\"e-con-inner\">\n\t\t\t\t<div class=\"elementor-element elementor-element-e602886 elementor-widget elementor-widget-heading\" data-id=\"e602886\" data-element_type=\"widget\" data-e-type=\"widget\" data-widget_type=\"heading.default\">\n\t\t\t\t<div class=\"elementor-widget-container\">\n\t\t\t\t\t<h2 class=\"elementor-heading-title elementor-size-default\">Welche Museen sollte man in New York sehen?<\/h2>\t\t\t\t<\/div>\n\t\t\t\t<\/div>\n\t\t\t\t\t<\/div>\n\t\t\t\t<\/div>\n\t\t<div class=\"elementor-element elementor-element-bce48c0 e-flex e-con-boxed e-con e-parent\" data-id=\"bce48c0\" data-element_type=\"container\" data-e-type=\"container\">\n\t\t\t\t\t<div class=\"e-con-inner\">\n\t\t\t\t<div class=\"elementor-element elementor-element-8df15cd elementor-widget elementor-widget-text-editor\" data-id=\"8df15cd\" data-element_type=\"widget\" data-e-type=\"widget\" data-widget_type=\"text-editor.default\">\n\t\t\t\t<div class=\"elementor-widget-container\">\n\t\t\t\t\t\t\t\t\t<p>Nat\u00fcrlich ist es unm\u00f6glich, w\u00e4hrend Ihrer <a title=\"St\u00e4dtetrip nach New York: Lohnt sich New York?\" href=\"https:\/\/www.newyorkinfo.nl\/de\/vorbereitung-fuer-die-reise-nach-new-york\/staedtereise-new-york-warum-sollte-man-nach-new-york-reisen\/\" target=\"_blank\" rel=\"noopener\"><span style=\"text-decoration: underline;\">St\u00e4dtereise <\/span><\/a>alle Museen in New York zu besuchen. Aber es gibt ein paar Museen in New York, die wirklich sehenswert sind. Hier ist unsere Auswahl an Museen, die man in New York gesehen haben muss.  <\/p>\t\t\t\t\t\t\t\t<\/div>\n\t\t\t\t<\/div>\n\t\t\t\t\t<\/div>\n\t\t\t\t<\/div>\n\t\t<div class=\"elementor-element elementor-element-acad664 e-flex e-con-boxed e-con e-parent\" data-id=\"acad664\" data-element_type=\"container\" data-e-type=\"container\">\n\t\t\t\t\t<div class=\"e-con-inner\">\n\t\t<div class=\"elementor-element elementor-element-044f273 e-con-full e-flex e-con e-child\" data-id=\"044f273\" data-element_type=\"container\" data-e-type=\"container\">\n\t\t\t\t<div class=\"elementor-element elementor-element-d6bbb18 elementor-cta--skin-cover elementor-animated-content elementor-bg-transform elementor-bg-transform-zoom-in elementor-widget elementor-widget-call-to-action\" data-id=\"d6bbb18\" data-element_type=\"widget\" data-e-type=\"widget\" data-widget_type=\"call-to-action.default\">\n\t\t\t\t<div class=\"elementor-widget-container\">\n\t\t\t\t\t\t\t<div class=\"elementor-cta\">\n\t\t\t\t\t<div class=\"elementor-cta__bg-wrapper\">\n\t\t\t\t<div class=\"elementor-cta__bg elementor-bg\" style=\"background-image: url(https:\/\/i0.wp.com\/www.newyorkinfo.nl\/wp-content\/uploads\/2024\/02\/9-11-Museum-Tickets-scaled.jpg?fit=1024%2C572&#038;ssl=1);\" role=\"img\" aria-label=\"9\/11 Museum musea in new york Museums in New York Museen in New York\"><\/div>\n\t\t\t\t<div class=\"elementor-cta__bg-overlay\"><\/div>\n\t\t\t<\/div>\n\t\t\t\t\t\t\t<div class=\"elementor-cta__content\">\n\t\t\t\t\n\t\t\t\t\n\t\t\t\t\n\t\t\t\t\t\t\t\t\t<div class=\"elementor-cta__button-wrapper elementor-cta__content-item elementor-content-item elementor-animated-item--grow\">\n\t\t\t\t\t<a class=\"elementor-cta__button elementor-button elementor-size-\" href=\"https:\/\/www.newyorkinfo.nl\/de\/die-besten-attraktionen-in-new-york\/9-11-museum-in-new-york-ist-es-einen-besuch-wert\/\" target=\"_blank\">\n\t\t\t\t\t\tDas 9\/11-Museum: Ist es einen Besuch wert?\t\t\t\t\t<\/a>\n\t\t\t\t\t<\/div>\n\t\t\t\t\t\t\t<\/div>\n\t\t\t\t\t\t<\/div>\n\t\t\t\t\t\t<\/div>\n\t\t\t\t<\/div>\n\t\t\t\t<\/div>\n\t\t<div class=\"elementor-element elementor-element-3b76892 e-con-full e-flex e-con e-child\" data-id=\"3b76892\" data-element_type=\"container\" data-e-type=\"container\">\n\t\t\t\t<div class=\"elementor-element elementor-element-d47e404 elementor-cta--skin-cover elementor-animated-content elementor-bg-transform elementor-bg-transform-zoom-in elementor-widget elementor-widget-call-to-action\" data-id=\"d47e404\" data-element_type=\"widget\" data-e-type=\"widget\" data-widget_type=\"call-to-action.default\">\n\t\t\t\t<div class=\"elementor-widget-container\">\n\t\t\t\t\t\t\t<div class=\"elementor-cta\">\n\t\t\t\t\t<div class=\"elementor-cta__bg-wrapper\">\n\t\t\t\t<div class=\"elementor-cta__bg elementor-bg\" style=\"background-image: url(https:\/\/i0.wp.com\/www.newyorkinfo.nl\/wp-content\/uploads\/2024\/04\/American-Museum-of-Natural-History-AMNH-New-York-scaled.webp?fit=1024%2C572&#038;ssl=1);\" role=\"img\" aria-label=\"American Museum of Natural History ( AMNH ) New York musea in new york Museums in New York Museen in New York\"><\/div>\n\t\t\t\t<div class=\"elementor-cta__bg-overlay\"><\/div>\n\t\t\t<\/div>\n\t\t\t\t\t\t\t<div class=\"elementor-cta__content\">\n\t\t\t\t\n\t\t\t\t\n\t\t\t\t\n\t\t\t\t\t\t\t\t\t<div class=\"elementor-cta__button-wrapper elementor-cta__content-item elementor-content-item elementor-animated-item--grow\">\n\t\t\t\t\t<a class=\"elementor-cta__button elementor-button elementor-size-\" href=\"https:\/\/www.newyorkinfo.nl\/de\/die-besten-attraktionen-in-new-york\/american-museum-of-natural-history-in-new-york\/\" target=\"_blank\">\n\t\t\t\t\t\tDas Naturhistorische Museum: Lohnt sich ein Besuch?\t\t\t\t\t<\/a>\n\t\t\t\t\t<\/div>\n\t\t\t\t\t\t\t<\/div>\n\t\t\t\t\t\t<\/div>\n\t\t\t\t\t\t<\/div>\n\t\t\t\t<\/div>\n\t\t\t\t<\/div>\n\t\t<div class=\"elementor-element elementor-element-def105c e-con-full e-flex e-con e-child\" data-id=\"def105c\" data-element_type=\"container\" data-e-type=\"container\">\n\t\t\t\t<div class=\"elementor-element elementor-element-c7e6156 elementor-cta--skin-cover elementor-animated-content elementor-bg-transform elementor-bg-transform-zoom-in elementor-widget elementor-widget-call-to-action\" data-id=\"c7e6156\" data-element_type=\"widget\" data-e-type=\"widget\" data-widget_type=\"call-to-action.default\">\n\t\t\t\t<div class=\"elementor-widget-container\">\n\t\t\t\t\t\t\t<div class=\"elementor-cta\">\n\t\t\t\t\t<div class=\"elementor-cta__bg-wrapper\">\n\t\t\t\t<div class=\"elementor-cta__bg elementor-bg\" style=\"background-image: url(https:\/\/i0.wp.com\/www.newyorkinfo.nl\/wp-content\/uploads\/2024\/07\/Museum-of-modern-art-in-New-York-scaled.webp?fit=1024%2C572&#038;ssl=1);\" role=\"img\" aria-label=\"Museum of modern art in New York- MoMA Musea in New york Museums in New York Museen in New York\"><\/div>\n\t\t\t\t<div class=\"elementor-cta__bg-overlay\"><\/div>\n\t\t\t<\/div>\n\t\t\t\t\t\t\t<div class=\"elementor-cta__content\">\n\t\t\t\t\n\t\t\t\t\n\t\t\t\t\n\t\t\t\t\t\t\t\t\t<div class=\"elementor-cta__button-wrapper elementor-cta__content-item elementor-content-item elementor-animated-item--grow\">\n\t\t\t\t\t<a class=\"elementor-cta__button elementor-button elementor-size-\" href=\"https:\/\/www.newyorkinfo.nl\/de\/die-besten-attraktionen-in-new-york\/museum-fuer-moderne-kunst-in-new-york\/\" target=\"_blank\">\n\t\t\t\t\t\tDas Museum of Modern Art: Ist es einen Besuch wert?\t\t\t\t\t<\/a>\n\t\t\t\t\t<\/div>\n\t\t\t\t\t\t\t<\/div>\n\t\t\t\t\t\t<\/div>\n\t\t\t\t\t\t<\/div>\n\t\t\t\t<\/div>\n\t\t\t\t<\/div>\n\t\t\t\t\t<\/div>\n\t\t\t\t<\/div>\n\t\t<div class=\"elementor-element elementor-element-2a56d37 e-flex e-con-boxed e-con e-parent\" data-id=\"2a56d37\" data-element_type=\"container\" data-e-type=\"container\">\n\t\t\t\t\t<div class=\"e-con-inner\">\n\t\t<div class=\"elementor-element elementor-element-e6d4637 e-con-full e-flex e-con e-child\" data-id=\"e6d4637\" data-element_type=\"container\" data-e-type=\"container\">\n\t\t\t\t<div class=\"elementor-element elementor-element-38ac23e elementor-cta--skin-cover elementor-animated-content elementor-bg-transform elementor-bg-transform-zoom-in elementor-widget elementor-widget-call-to-action\" data-id=\"38ac23e\" data-element_type=\"widget\" data-e-type=\"widget\" data-widget_type=\"call-to-action.default\">\n\t\t\t\t<div class=\"elementor-widget-container\">\n\t\t\t\t\t\t\t<div class=\"elementor-cta\">\n\t\t\t\t\t<div class=\"elementor-cta__bg-wrapper\">\n\t\t\t\t<div class=\"elementor-cta__bg elementor-bg\" style=\"background-image: url(https:\/\/i0.wp.com\/www.newyorkinfo.nl\/wp-content\/uploads\/2025\/09\/Guggenheim-Museum-in-New-York-scaled.webp?fit=1024%2C572&#038;ssl=1);\" role=\"img\" aria-label=\"Guggenheim Museum in New York kunst art\"><\/div>\n\t\t\t\t<div class=\"elementor-cta__bg-overlay\"><\/div>\n\t\t\t<\/div>\n\t\t\t\t\t\t\t<div class=\"elementor-cta__content\">\n\t\t\t\t\n\t\t\t\t\n\t\t\t\t\n\t\t\t\t\t\t\t\t\t<div class=\"elementor-cta__button-wrapper elementor-cta__content-item elementor-content-item elementor-animated-item--grow\">\n\t\t\t\t\t<a class=\"elementor-cta__button elementor-button elementor-size-\" href=\"https:\/\/www.newyorkinfo.nl\/de\/sehenswurdigkeiten-in-new-york\/guggenheim-museum-new-york-tipps\/\" target=\"_blank\">\n\t\t\t\t\t\tDas Guggenheim-Museum: Ist es einen Besuch wert?\t\t\t\t\t<\/a>\n\t\t\t\t\t<\/div>\n\t\t\t\t\t\t\t<\/div>\n\t\t\t\t\t\t<\/div>\n\t\t\t\t\t\t<\/div>\n\t\t\t\t<\/div>\n\t\t\t\t<\/div>\n\t\t<div class=\"elementor-element elementor-element-6add576 e-con-full e-flex e-con e-child\" data-id=\"6add576\" data-element_type=\"container\" data-e-type=\"container\">\n\t\t\t\t<div class=\"elementor-element elementor-element-3cd392d elementor-cta--skin-cover elementor-animated-content elementor-bg-transform elementor-bg-transform-zoom-in elementor-widget elementor-widget-call-to-action\" data-id=\"3cd392d\" data-element_type=\"widget\" data-e-type=\"widget\" data-widget_type=\"call-to-action.default\">\n\t\t\t\t<div class=\"elementor-widget-container\">\n\t\t\t\t\t\t\t<div class=\"elementor-cta\">\n\t\t\t\t\t<div class=\"elementor-cta__bg-wrapper\">\n\t\t\t\t<div class=\"elementor-cta__bg elementor-bg\" style=\"background-image: url(https:\/\/i0.wp.com\/www.newyorkinfo.nl\/wp-content\/uploads\/2024\/12\/Intrepid-Museum-in-New-York-scaled.webp?fit=1024%2C572&#038;ssl=1);\" role=\"img\" aria-label=\"Intrepid Museum in New York musea in New York Museums in New York Museen in New York\"><\/div>\n\t\t\t\t<div class=\"elementor-cta__bg-overlay\"><\/div>\n\t\t\t<\/div>\n\t\t\t\t\t\t\t<div class=\"elementor-cta__content\">\n\t\t\t\t\n\t\t\t\t\n\t\t\t\t\n\t\t\t\t\t\t\t\t\t<div class=\"elementor-cta__button-wrapper elementor-cta__content-item elementor-content-item elementor-animated-item--grow\">\n\t\t\t\t\t<a class=\"elementor-cta__button elementor-button elementor-size-\" href=\"https:\/\/www.newyorkinfo.nl\/de\/die-besten-attraktionen-in-new-york\/intrepid-museum-in-new-york-lohnt-sich-ein-besuch\/\" target=\"_blank\">\n\t\t\t\t\t\tDas Intrepid Museum: Ist es einen Besuch wert?\t\t\t\t\t<\/a>\n\t\t\t\t\t<\/div>\n\t\t\t\t\t\t\t<\/div>\n\t\t\t\t\t\t<\/div>\n\t\t\t\t\t\t<\/div>\n\t\t\t\t<\/div>\n\t\t\t\t<\/div>\n\t\t<div class=\"elementor-element elementor-element-7301844 e-con-full e-flex e-con e-child\" data-id=\"7301844\" data-element_type=\"container\" data-e-type=\"container\">\n\t\t\t\t<div class=\"elementor-element elementor-element-2e4dfcc elementor-cta--skin-cover elementor-animated-content elementor-bg-transform elementor-bg-transform-zoom-in elementor-widget elementor-widget-call-to-action\" data-id=\"2e4dfcc\" data-element_type=\"widget\" data-e-type=\"widget\" data-widget_type=\"call-to-action.default\">\n\t\t\t\t<div class=\"elementor-widget-container\">\n\t\t\t\t\t\t\t<div class=\"elementor-cta\">\n\t\t\t\t\t<div class=\"elementor-cta__bg-wrapper\">\n\t\t\t\t<div class=\"elementor-cta__bg elementor-bg\" style=\"background-image: url(https:\/\/i0.wp.com\/www.newyorkinfo.nl\/wp-content\/uploads\/2025\/01\/Madame-Tussauds-in-New-York-scaled.webp?fit=1024%2C572&#038;ssl=1);\" role=\"img\" aria-label=\"Madame Tussauds in New York musea in new york Museums in New York Museen in New York\"><\/div>\n\t\t\t\t<div class=\"elementor-cta__bg-overlay\"><\/div>\n\t\t\t<\/div>\n\t\t\t\t\t\t\t<div class=\"elementor-cta__content\">\n\t\t\t\t\n\t\t\t\t\n\t\t\t\t\n\t\t\t\t\t\t\t\t\t<div class=\"elementor-cta__button-wrapper elementor-cta__content-item elementor-content-item elementor-animated-item--grow\">\n\t\t\t\t\t<a class=\"elementor-cta__button elementor-button elementor-size-\" href=\"https:\/\/www.newyorkinfo.nl\/de\/sehenswurdigkeiten-in-new-york\/madame-tussauds-in-new-york\/\" target=\"_blank\">\n\t\t\t\t\t\tMadame Tussauds: Lohnt sich ein Besuch?\t\t\t\t\t<\/a>\n\t\t\t\t\t<\/div>\n\t\t\t\t\t\t\t<\/div>\n\t\t\t\t\t\t<\/div>\n\t\t\t\t\t\t<\/div>\n\t\t\t\t<\/div>\n\t\t\t\t<\/div>\n\t\t\t\t\t<\/div>\n\t\t\t\t<\/div>\n\t\t<div class=\"elementor-element elementor-element-5275295 e-flex e-con-boxed e-con e-parent\" data-id=\"5275295\" data-element_type=\"container\" data-e-type=\"container\">\n\t\t\t\t\t<div class=\"e-con-inner\">\n\t\t<div class=\"elementor-element elementor-element-3044634 e-con-full e-flex e-con e-child\" data-id=\"3044634\" data-element_type=\"container\" data-e-type=\"container\">\n\t\t\t\t<div class=\"elementor-element elementor-element-79e4443 elementor-cta--skin-cover elementor-animated-content elementor-bg-transform elementor-bg-transform-zoom-in elementor-widget elementor-widget-call-to-action\" data-id=\"79e4443\" data-element_type=\"widget\" data-e-type=\"widget\" data-widget_type=\"call-to-action.default\">\n\t\t\t\t<div class=\"elementor-widget-container\">\n\t\t\t\t\t\t\t<div class=\"elementor-cta\">\n\t\t\t\t\t<div class=\"elementor-cta__bg-wrapper\">\n\t\t\t\t<div class=\"elementor-cta__bg elementor-bg\" style=\"background-image: url(https:\/\/i0.wp.com\/www.newyorkinfo.nl\/wp-content\/uploads\/2025\/01\/The-Friends-Experience-in-New-York-City-scaled.webp?fit=1024%2C572&#038;ssl=1);\" role=\"img\" aria-label=\"The Friends Experience in New York City Museums in New York Museen in New York\"><\/div>\n\t\t\t\t<div class=\"elementor-cta__bg-overlay\"><\/div>\n\t\t\t<\/div>\n\t\t\t\t\t\t\t<div class=\"elementor-cta__content\">\n\t\t\t\t\n\t\t\t\t\n\t\t\t\t\n\t\t\t\t\t\t\t\t\t<div class=\"elementor-cta__button-wrapper elementor-cta__content-item elementor-content-item elementor-animated-item--grow\">\n\t\t\t\t\t<a class=\"elementor-cta__button elementor-button elementor-size-\" href=\"https:\/\/www.newyorkinfo.nl\/de\/sehenswurdigkeiten-in-new-york\/das-friends-erlebnis-in-new-york\/\" target=\"_blank\">\n\t\t\t\t\t\tThe Friends Experience: Lohnt sich ein Besuch?\t\t\t\t\t<\/a>\n\t\t\t\t\t<\/div>\n\t\t\t\t\t\t\t<\/div>\n\t\t\t\t\t\t<\/div>\n\t\t\t\t\t\t<\/div>\n\t\t\t\t<\/div>\n\t\t\t\t<\/div>\n\t\t<div class=\"elementor-element elementor-element-8b01938 e-con-full e-flex e-con e-child\" data-id=\"8b01938\" data-element_type=\"container\" data-e-type=\"container\">\n\t\t\t\t<\/div>\n\t\t<div class=\"elementor-element elementor-element-5721fb7 e-con-full e-flex e-con e-child\" data-id=\"5721fb7\" data-element_type=\"container\" data-e-type=\"container\">\n\t\t\t\t<\/div>\n\t\t\t\t\t<\/div>\n\t\t\t\t<\/div>\n\t\t<div class=\"elementor-element elementor-element-29122ee e-flex e-con-boxed e-con e-parent\" data-id=\"29122ee\" data-element_type=\"container\" data-e-type=\"container\">\n\t\t\t\t\t<div class=\"e-con-inner\">\n\t\t\t\t<div class=\"elementor-element elementor-element-d8d15a9 elementor-widget elementor-widget-heading\" data-id=\"d8d15a9\" data-element_type=\"widget\" data-e-type=\"widget\" data-widget_type=\"heading.default\">\n\t\t\t\t<div class=\"elementor-widget-container\">\n\t\t\t\t\t<h2 class=\"elementor-heading-title elementor-size-default\">Welche Museen in New York in einem der Rabattp\u00e4sse enthalten sind.<\/h2>\t\t\t\t<\/div>\n\t\t\t\t<\/div>\n\t\t\t\t\t<\/div>\n\t\t\t\t<\/div>\n\t\t<div class=\"elementor-element elementor-element-848d8c0 e-flex e-con-boxed e-con e-parent\" data-id=\"848d8c0\" data-element_type=\"container\" data-e-type=\"container\">\n\t\t\t\t\t<div class=\"e-con-inner\">\n\t\t\t\t<div class=\"elementor-element elementor-element-570b16d elementor-widget elementor-widget-text-editor\" data-id=\"570b16d\" data-element_type=\"widget\" data-e-type=\"widget\" data-widget_type=\"text-editor.default\">\n\t\t\t\t<div class=\"elementor-widget-container\">\n\t\t\t\t\t\t\t\t\t<p>Wenn Sie verschiedene Museen in New York besuchen m\u00f6chten, k\u00f6nnen Sie mit einem New York-Rabattpass wie dem New York CityPASS oder dem New York Explorer Pass viel Geld bei den Eintrittskarten sparen. Beide Rabattp\u00e4sse gew\u00e4hren Zugang zu verschiedenen Museen in New York. Sehen Sie hier, welcher New York-Rabattpass f\u00fcr Sie am besten geeignet ist.  <\/p>\t\t\t\t\t\t\t\t<\/div>\n\t\t\t\t<\/div>\n\t\t\t\t<div class=\"elementor-element elementor-element-7ae855b elementor-widget elementor-widget-button\" data-id=\"7ae855b\" data-element_type=\"widget\" data-e-type=\"widget\" data-widget_type=\"button.default\">\n\t\t\t\t<div class=\"elementor-widget-container\">\n\t\t\t\t\t\t\t\t\t<div class=\"elementor-button-wrapper\">\n\t\t\t\t\t<a class=\"elementor-button elementor-button-link elementor-size-sm\" href=\"https:\/\/www.newyorkinfo.nl\/de\/vorbereitung-fuer-die-reise-nach-new-york\/new-yorker-paesse-im-vergleich-welcher-ist-der-beste\/\" target=\"_blank\">\n\t\t\t\t\t\t<span class=\"elementor-button-content-wrapper\">\n\t\t\t\t\t\t\t\t\t<span class=\"elementor-button-text\">Lesen Sie hier, welcher New York-Rabattpass f\u00fcr Sie am besten geeignet ist<\/span>\n\t\t\t\t\t<\/span>\n\t\t\t\t\t<\/a>\n\t\t\t\t<\/div>\n\t\t\t\t\t\t\t\t<\/div>\n\t\t\t\t<\/div>\n\t\t\t\t\t<\/div>\n\t\t\t\t<\/div>\n\t\t<div class=\"elementor-element elementor-element-e17dabc e-flex e-con-boxed e-con e-parent\" data-id=\"e17dabc\" data-element_type=\"container\" data-e-type=\"container\">\n\t\t\t\t\t<div class=\"e-con-inner\">\n\t\t\t\t<div class=\"elementor-element elementor-element-1559799 elementor-widget elementor-widget-heading\" data-id=\"1559799\" data-element_type=\"widget\" data-e-type=\"widget\" data-widget_type=\"heading.default\">\n\t\t\t\t<div class=\"elementor-widget-container\">\n\t\t\t\t\t<h2 class=\"elementor-heading-title elementor-size-default\">Spezielle Angebote f\u00fcr eine St\u00e4dtereise nach New York<\/h2>\t\t\t\t<\/div>\n\t\t\t\t<\/div>\n\t\t\t\t\t<\/div>\n\t\t\t\t<\/div>\n\t\t<div class=\"elementor-element elementor-element-cc17365 e-flex e-con-boxed e-con e-parent\" data-id=\"cc17365\" data-element_type=\"container\" data-e-type=\"container\">\n\t\t\t\t\t<div class=\"e-con-inner\">\n\t\t\t\t<div class=\"elementor-element elementor-element-9756635 elementor-widget elementor-widget-text-editor\" data-id=\"9756635\" data-element_type=\"widget\" data-e-type=\"widget\" data-widget_type=\"text-editor.default\">\n\t\t\t\t<div class=\"elementor-widget-container\">\n\t\t\t\t\t\t\t\t\t<p>Machen Sie eine St\u00e4dtereise nach New York und m\u00f6chten Sie ein paar Museen in New York besuchen, dann nutzen Sie die untenstehenden Angebote!<\/p>\t\t\t\t\t\t\t\t<\/div>\n\t\t\t\t<\/div>\n\t\t\t\t<div class=\"elementor-element elementor-element-c906a0a elementor-widget elementor-widget-shortcode\" data-id=\"c906a0a\" data-element_type=\"widget\" data-e-type=\"widget\" data-widget_type=\"shortcode.default\">\n\t\t\t\t<div class=\"elementor-widget-container\">\n\t\t\t\t\t\t\t<div class=\"elementor-shortcode\"><div data-gyg-href=\"https:\/\/widget.getyourguide.com\/default\/activities.frame\" data-gyg-locale-code=\"nl-NL\" data-gyg-widget=\"activities\" data-gyg-number-of-items=\"3\" data-gyg-partner-id=\"9MML7BM\" data-gyg-tour-ids=\"18597,5721,25757\"><span>Powered by <a target=\"_blank\" rel=\"sponsored\" href=\"https:\/\/www.getyourguide.com\/new-york-city-l59\/\">GetYourGuide<\/a><\/span><\/div><\/div>\n\t\t\t\t\t\t<\/div>\n\t\t\t\t<\/div>\n\t\t\t\t\t<\/div>\n\t\t\t\t<\/div>\n\t\t\t\t<\/div>\n\t\t","protected":false},"excerpt":{"rendered":"<p>Museen in New York Es gibt viele sch\u00f6ne Museen in New York. Und ob Sie ein Museumsliebhaber sind oder nicht, in New York gibt es immer ein Museum, das Ihnen gefallen wird. Denn nirgendwo sonst auf der Welt gibt es so viele verschiedene Arten von Museen in einer Stadt. Sie k\u00f6nnen einen Flugzeugtr\u00e4ger oder eine [&hellip;]<\/p>\n","protected":false},"author":1,"featured_media":44522,"parent":0,"menu_order":0,"comment_status":"closed","ping_status":"closed","template":"","meta":{"footnotes":""},"class_list":["post-44598","page","type-page","status-publish","has-post-thumbnail","hentry"],"aioseo_notices":[],"_links":{"self":[{"href":"https:\/\/www.newyorkinfo.nl\/de\/wp-json\/wp\/v2\/pages\/44598","targetHints":{"allow":["GET"]}}],"collection":[{"href":"https:\/\/www.newyorkinfo.nl\/de\/wp-json\/wp\/v2\/pages"}],"about":[{"href":"https:\/\/www.newyorkinfo.nl\/de\/wp-json\/wp\/v2\/types\/page"}],"author":[{"embeddable":true,"href":"https:\/\/www.newyorkinfo.nl\/de\/wp-json\/wp\/v2\/users\/1"}],"replies":[{"embeddable":true,"href":"https:\/\/www.newyorkinfo.nl\/de\/wp-json\/wp\/v2\/comments?post=44598"}],"version-history":[{"count":0,"href":"https:\/\/www.newyorkinfo.nl\/de\/wp-json\/wp\/v2\/pages\/44598\/revisions"}],"wp:featuredmedia":[{"embeddable":true,"href":"https:\/\/www.newyorkinfo.nl\/de\/wp-json\/wp\/v2\/media\/44522"}],"wp:attachment":[{"href":"https:\/\/www.newyorkinfo.nl\/de\/wp-json\/wp\/v2\/media?parent=44598"}],"curies":[{"name":"wp","href":"https:\/\/api.w.org\/{rel}","templated":true}]}}