{"id":40616,"date":"2024-12-17T20:20:40","date_gmt":"2024-12-17T20:20:40","guid":{"rendered":"https:\/\/www.newyorkinfo.nl\/fahrradtouren-und-wandertouren-in-new-york\/"},"modified":"2025-01-16T19:31:34","modified_gmt":"2025-01-16T19:31:34","slug":"fahrradtouren-und-wandertouren-in-new-york","status":"publish","type":"page","link":"https:\/\/www.newyorkinfo.nl\/de\/fahrradtouren-und-wandertouren-in-new-york\/","title":{"rendered":"Fahrradtouren und Wandertouren in New York"},"content":{"rendered":"\t\t<div data-elementor-type=\"wp-page\" data-elementor-id=\"40616\" class=\"elementor elementor-40616 elementor-40600\" data-elementor-post-type=\"page\">\n\t\t\t\t<div class=\"elementor-element elementor-element-1e91fc8 e-flex e-con-boxed e-con e-parent\" data-id=\"1e91fc8\" data-element_type=\"container\" data-e-type=\"container\">\n\t\t\t\t\t<div class=\"e-con-inner\">\n\t\t\t\t<div class=\"elementor-element elementor-element-62c7282 elementor-widget elementor-widget-heading\" data-id=\"62c7282\" data-element_type=\"widget\" data-e-type=\"widget\" data-widget_type=\"heading.default\">\n\t\t\t\t<div class=\"elementor-widget-container\">\n\t\t\t\t\t<h1 class=\"elementor-heading-title elementor-size-default\">Fahrradtouren und Wandertouren in New York<\/h1>\t\t\t\t<\/div>\n\t\t\t\t<\/div>\n\t\t\t\t\t<\/div>\n\t\t\t\t<\/div>\n\t\t<div class=\"elementor-element elementor-element-ccd7533 e-flex e-con-boxed e-con e-parent\" data-id=\"ccd7533\" data-element_type=\"container\" data-e-type=\"container\">\n\t\t\t\t\t<div class=\"e-con-inner\">\n\t\t\t\t<div class=\"elementor-element elementor-element-cb986a6 elementor-widget elementor-widget-text-editor\" data-id=\"cb986a6\" data-element_type=\"widget\" data-e-type=\"widget\" data-widget_type=\"text-editor.default\">\n\t\t\t\t<div class=\"elementor-widget-container\">\n\t\t\t\t\t\t\t\t\t<p>M\u00f6chten Sie New York mit einem Reisef\u00fchrer entdecken? Dann buchen Sie w\u00e4hrend Ihres St\u00e4dtetrips in New York eine unterhaltsame Rad- oder Wandertour, begleitet von einem fachkundigen Reisef\u00fchrer, der die Stra\u00dfen New Yorks gut kennt. Bei einer Fahrradtour oder einem Rundgang erz\u00e4hlt Ihnen der Guide alles \u00fcber New York und zeigt Ihnen die besten Sehensw\u00fcrdigkeiten und Attraktionen. Eine Rad- oder Wandertour f\u00fchrt Sie auch an besondere Orte, die Sie auf eigene Faust nicht finden w\u00fcrden. Kurzum: Eine Fahrradtour oder ein Rundgang zu Fu\u00df w\u00e4hrend Ihres St\u00e4dtetrips in New York ist immer eine gute Idee. Nachfolgend haben wir f\u00fcr Sie die besten Rad- und Wandertouren in New York aufgelistet.     <\/p>\n\t\t\t\t\t\t\t\t<\/div>\n\t\t\t\t<\/div>\n\t\t\t\t\t<\/div>\n\t\t\t\t<\/div>\n\t\t<div class=\"elementor-element elementor-element-44e4494 e-flex e-con-boxed e-con e-parent\" data-id=\"44e4494\" data-element_type=\"container\" data-e-type=\"container\">\n\t\t\t\t\t<div class=\"e-con-inner\">\n\t\t\t\t<div class=\"elementor-element elementor-element-78657953 elementor-widget elementor-widget-witr_blog_section\" data-id=\"78657953\" data-element_type=\"widget\" data-e-type=\"widget\" data-widget_type=\"witr_blog_section.default\">\n\t\t\t\t<div class=\"elementor-widget-container\">\n\t\t\t\t\t\t\t\t<div class=\" blog_style_adn_2 bgimgload witr_blog_4\">\t\t\t\t\r\n\t\t\t\t\t<div class=\"row blog_wrap blog-messonary\">\t\t\t\t\r\n\t\t\t\t\t\t\t\t\t\t\t<!-- single blog -->\r\n\t\t\t\t\t\t<div class=\"col-lg-4  col-md-6 col-sm-8 grid-item  witr_all_mb_30\">\r\n\t\t\t\t\t\t\t<div class=\"single_blog_adn all_blog_color\">\r\n\t\t\t\t\t\t\t\t<div id=\"post-45513\" class=\"post-45513 post type-post status-publish format-standard has-post-thumbnail hentry category-touren\">\r\n\t\t\t\t\t\t\t\t\t<div class=\"poket-single-blog_adn \">\t\t\t\t\t\r\n\t\t\t\t\t\t\t\t\t\t<!-- BLOG THUMB -->\r\n\t\t\t\t\t\t\t\t\t\t\t\t\t\t\t\t\t\t\t\t<div class=\"blog_adn_thumb_inner\">\r\n\t\t\t\t\t\t\t\t\t\t\t<div class=\"poket-blog-thumb_adn \">\r\n\t\t\t\t\t\t\t\t\t\t\t\t<a href=\"https:\/\/www.newyorkinfo.nl\/de\/touren\/harlem-gospel-tour-new-york\/\"> <img fetchpriority=\"high\" decoding=\"async\" width=\"390\" height=\"350\" src=\"https:\/\/i0.wp.com\/www.newyorkinfo.nl\/wp-content\/uploads\/2025\/04\/harlem-gospel-tour-new-york-scaled.webp?resize=390%2C350&amp;ssl=1\" class=\"attachment-poket-blog-default size-poket-blog-default wp-post-image\" alt=\"Harlem Gospel Tour in New York\" srcset=\"https:\/\/i0.wp.com\/www.newyorkinfo.nl\/wp-content\/uploads\/2025\/04\/harlem-gospel-tour-new-york-scaled.webp?resize=390%2C350&amp;ssl=1 390w, https:\/\/i0.wp.com\/www.newyorkinfo.nl\/wp-content\/uploads\/2025\/04\/harlem-gospel-tour-new-york-scaled.webp?zoom=2&amp;resize=390%2C350&amp;ssl=1 780w, https:\/\/i0.wp.com\/www.newyorkinfo.nl\/wp-content\/uploads\/2025\/04\/harlem-gospel-tour-new-york-scaled.webp?zoom=3&amp;resize=390%2C350&amp;ssl=1 1170w\" sizes=\"(max-width: 390px) 100vw, 390px\" \/> <\/a>\r\n\t\t\t\t\t\t\t\t\t\t\t\t<div class=\"blog_add_icon\">\r\n\t\t\t\t\t\t\t\t\t\t\t\t\t<a href=\"https:\/\/www.newyorkinfo.nl\/de\/touren\/harlem-gospel-tour-new-york\/\"><i class=\"icofont-link\"><\/i><\/a>\r\n\t\t\t\t\t\t\t\t\t\t\t\t<\/div>\r\n\t\t\t\t\t\t\t\t\t\t\t<\/div>\r\n\t\t\t\t\t\t\t\t\t\t\t<!-- BLOG TITLE -->\r\n\t\t\t\t\t\t\t\t\t\t\t<div class=\"blog-page-title_adn2 \">\r\n\t\t\t\t\t\t\t\t\t\t\t\t<h2><a href=\"https:\/\/www.newyorkinfo.nl\/de\/touren\/harlem-gospel-tour-new-york\/\">Harlem Gospel Tour New York: Ist es der M\u00fche wert?<\/a><\/h2>\t\t\t\r\n\t\t\t\t\t\t\t\t\t\t\t<\/div>\t\t\t\t\t\t\t\t\t\t\t\r\n\t\t\t\t\t\t\t\t\t\t<\/div>\r\n\t\t\t\t\t\t\t\t\t\t\t\t\t\t\t\t\t\t\t\t<div class=\"em-blog-content-area_adn \">\r\n\t\t\t\t\t\t\t\t\t\t\t<!-- content -->\r\n\t\t\t\t\t\t\t\t\t\t\t\t\t\t\t\t\t\t\t\t\t\t\t<p>Ein Besuch in New York ist nicht vollst\u00e4ndig ohne ein Eintauchen in die reiche Kultur<\/p>\t\t\t\t\t\t\t\t\t\t\t\t\t\t\t\t\t\t\t\t\t\r\n\t\t\t\t\t\t\t\t\t\t\t\t\t\t\t\t\t\t\t\t\t\t\r\n\t\t\t\t\t\t\t\t\t\t\t\t<div class=\"learn_more_adn\">\r\n\t\t\t\t\t\t\t\t\t\t\t\t  <a class=\"learn_btn adnbtn2\" href=\"https:\/\/www.newyorkinfo.nl\/de\/touren\/harlem-gospel-tour-new-york\/\">Mehr lesen <\/a>\r\n\t\t\t\t\t\t\t\t\t\t\t\t<\/div>\r\n\t\t\t\t\t\t\t\t\t\t\t\t\t\t\t\t\t\t\t\t\t<\/div>\t\t\r\n\t\t\t\t\t\t\t\t\t<\/div>\r\n\t\t\t\t\t\t\t\t<\/div> <!--  END SINGLE BLOG -->\r\n\t\r\n\t\t\t\t\t\t\t\t\t\r\n\t\t\t\t\t\t\t<\/div>\r\n\t\t\t\t\t\t<\/div>\r\n\t\t\t\t\t\t\t\t\t\t\t<!-- single blog -->\r\n\t\t\t\t\t\t<div class=\"col-lg-4  col-md-6 col-sm-8 grid-item  witr_all_mb_30\">\r\n\t\t\t\t\t\t\t<div class=\"single_blog_adn all_blog_color\">\r\n\t\t\t\t\t\t\t\t<div id=\"post-40694\" class=\"post-40694 post type-post status-publish format-standard has-post-thumbnail hentry category-touren\">\r\n\t\t\t\t\t\t\t\t\t<div class=\"poket-single-blog_adn \">\t\t\t\t\t\r\n\t\t\t\t\t\t\t\t\t\t<!-- BLOG THUMB -->\r\n\t\t\t\t\t\t\t\t\t\t\t\t\t\t\t\t\t\t\t\t<div class=\"blog_adn_thumb_inner\">\r\n\t\t\t\t\t\t\t\t\t\t\t<div class=\"poket-blog-thumb_adn \">\r\n\t\t\t\t\t\t\t\t\t\t\t\t<a href=\"https:\/\/www.newyorkinfo.nl\/de\/touren\/was-sind-die-besten-wandertouren-in-new-york\/\"> <img decoding=\"async\" width=\"390\" height=\"350\" src=\"https:\/\/i0.wp.com\/www.newyorkinfo.nl\/wp-content\/uploads\/2024\/12\/de-leukste-wandeltours-in-New-York-scaled.webp?resize=390%2C350&amp;ssl=1\" class=\"attachment-poket-blog-default size-poket-blog-default wp-post-image\" alt=\"Stadtf\u00fchrungen in New York\" srcset=\"https:\/\/i0.wp.com\/www.newyorkinfo.nl\/wp-content\/uploads\/2024\/12\/de-leukste-wandeltours-in-New-York-scaled.webp?resize=390%2C350&amp;ssl=1 390w, https:\/\/i0.wp.com\/www.newyorkinfo.nl\/wp-content\/uploads\/2024\/12\/de-leukste-wandeltours-in-New-York-scaled.webp?zoom=2&amp;resize=390%2C350&amp;ssl=1 780w, https:\/\/i0.wp.com\/www.newyorkinfo.nl\/wp-content\/uploads\/2024\/12\/de-leukste-wandeltours-in-New-York-scaled.webp?zoom=3&amp;resize=390%2C350&amp;ssl=1 1170w\" sizes=\"(max-width: 390px) 100vw, 390px\" \/> <\/a>\r\n\t\t\t\t\t\t\t\t\t\t\t\t<div class=\"blog_add_icon\">\r\n\t\t\t\t\t\t\t\t\t\t\t\t\t<a href=\"https:\/\/www.newyorkinfo.nl\/de\/touren\/was-sind-die-besten-wandertouren-in-new-york\/\"><i class=\"icofont-link\"><\/i><\/a>\r\n\t\t\t\t\t\t\t\t\t\t\t\t<\/div>\r\n\t\t\t\t\t\t\t\t\t\t\t<\/div>\r\n\t\t\t\t\t\t\t\t\t\t\t<!-- BLOG TITLE -->\r\n\t\t\t\t\t\t\t\t\t\t\t<div class=\"blog-page-title_adn2 \">\r\n\t\t\t\t\t\t\t\t\t\t\t\t<h2><a href=\"https:\/\/www.newyorkinfo.nl\/de\/touren\/was-sind-die-besten-wandertouren-in-new-york\/\">Was sind die besten Wandertouren in New York?<\/a><\/h2>\t\t\t\r\n\t\t\t\t\t\t\t\t\t\t\t<\/div>\t\t\t\t\t\t\t\t\t\t\t\r\n\t\t\t\t\t\t\t\t\t\t<\/div>\r\n\t\t\t\t\t\t\t\t\t\t\t\t\t\t\t\t\t\t\t\t<div class=\"em-blog-content-area_adn \">\r\n\t\t\t\t\t\t\t\t\t\t\t<!-- content -->\r\n\t\t\t\t\t\t\t\t\t\t\t\t\t\t\t\t\t\t\t\t\t\t\t<p>M\u00f6chten Sie New York City mit einem Reisef\u00fchrer entdecken? Dann buchen Sie w\u00e4hrend Ihres St\u00e4dtetrips<\/p>\t\t\t\t\t\t\t\t\t\t\t\t\t\t\t\t\t\t\t\t\t\r\n\t\t\t\t\t\t\t\t\t\t\t\t\t\t\t\t\t\t\t\t\t\t\r\n\t\t\t\t\t\t\t\t\t\t\t\t<div class=\"learn_more_adn\">\r\n\t\t\t\t\t\t\t\t\t\t\t\t  <a class=\"learn_btn adnbtn2\" href=\"https:\/\/www.newyorkinfo.nl\/de\/touren\/was-sind-die-besten-wandertouren-in-new-york\/\">Mehr lesen <\/a>\r\n\t\t\t\t\t\t\t\t\t\t\t\t<\/div>\r\n\t\t\t\t\t\t\t\t\t\t\t\t\t\t\t\t\t\t\t\t\t<\/div>\t\t\r\n\t\t\t\t\t\t\t\t\t<\/div>\r\n\t\t\t\t\t\t\t\t<\/div> <!--  END SINGLE BLOG -->\r\n\t\r\n\t\t\t\t\t\t\t\t\t\r\n\t\t\t\t\t\t\t<\/div>\r\n\t\t\t\t\t\t<\/div>\r\n\t\t\t\t\t\t\t\t\t\t\t<!-- single blog -->\r\n\t\t\t\t\t\t<div class=\"col-lg-4  col-md-6 col-sm-8 grid-item  witr_all_mb_30\">\r\n\t\t\t\t\t\t\t<div class=\"single_blog_adn all_blog_color\">\r\n\t\t\t\t\t\t\t\t<div id=\"post-34559\" class=\"post-34559 post type-post status-publish format-standard has-post-thumbnail hentry category-die-besten-attraktionen-in-new-york category-touren\">\r\n\t\t\t\t\t\t\t\t\t<div class=\"poket-single-blog_adn \">\t\t\t\t\t\r\n\t\t\t\t\t\t\t\t\t\t<!-- BLOG THUMB -->\r\n\t\t\t\t\t\t\t\t\t\t\t\t\t\t\t\t\t\t\t\t<div class=\"blog_adn_thumb_inner\">\r\n\t\t\t\t\t\t\t\t\t\t\t<div class=\"poket-blog-thumb_adn \">\r\n\t\t\t\t\t\t\t\t\t\t\t\t<a href=\"https:\/\/www.newyorkinfo.nl\/de\/die-besten-attraktionen-in-new-york\/fahrradtouren-new-york-welche-ist-die-beste\/\"> <img decoding=\"async\" width=\"390\" height=\"350\" src=\"https:\/\/i0.wp.com\/www.newyorkinfo.nl\/wp-content\/uploads\/2024\/04\/Fietstours-in-New-York-scaled.webp?resize=390%2C350&amp;ssl=1\" class=\"attachment-poket-blog-default size-poket-blog-default not-transparent wp-post-image\" alt=\"Fietstours in New York bicycle tours Fahrradtouren in New York\" data-has-transparency=\"false\" data-dominant-color=\"858483\" style=\"--dominant-color: #858483;\" \/> <\/a>\r\n\t\t\t\t\t\t\t\t\t\t\t\t<div class=\"blog_add_icon\">\r\n\t\t\t\t\t\t\t\t\t\t\t\t\t<a href=\"https:\/\/www.newyorkinfo.nl\/de\/die-besten-attraktionen-in-new-york\/fahrradtouren-new-york-welche-ist-die-beste\/\"><i class=\"icofont-link\"><\/i><\/a>\r\n\t\t\t\t\t\t\t\t\t\t\t\t<\/div>\r\n\t\t\t\t\t\t\t\t\t\t\t<\/div>\r\n\t\t\t\t\t\t\t\t\t\t\t<!-- BLOG TITLE -->\r\n\t\t\t\t\t\t\t\t\t\t\t<div class=\"blog-page-title_adn2 \">\r\n\t\t\t\t\t\t\t\t\t\t\t\t<h2><a href=\"https:\/\/www.newyorkinfo.nl\/de\/die-besten-attraktionen-in-new-york\/fahrradtouren-new-york-welche-ist-die-beste\/\">Fahrradtouren in New York: Welche Fahrradtour ist die Beste?<\/a><\/h2>\t\t\t\r\n\t\t\t\t\t\t\t\t\t\t\t<\/div>\t\t\t\t\t\t\t\t\t\t\t\r\n\t\t\t\t\t\t\t\t\t\t<\/div>\r\n\t\t\t\t\t\t\t\t\t\t\t\t\t\t\t\t\t\t\t\t<div class=\"em-blog-content-area_adn \">\r\n\t\t\t\t\t\t\t\t\t\t\t<!-- content -->\r\n\t\t\t\t\t\t\t\t\t\t\t\t\t\t\t\t\t\t\t\t\t\t\t<p>Eine New York-Radtour ist sehr beliebt, um in kurzer Zeit viel von New York City<\/p>\t\t\t\t\t\t\t\t\t\t\t\t\t\t\t\t\t\t\t\t\t\r\n\t\t\t\t\t\t\t\t\t\t\t\t\t\t\t\t\t\t\t\t\t\t\r\n\t\t\t\t\t\t\t\t\t\t\t\t<div class=\"learn_more_adn\">\r\n\t\t\t\t\t\t\t\t\t\t\t\t  <a class=\"learn_btn adnbtn2\" href=\"https:\/\/www.newyorkinfo.nl\/de\/die-besten-attraktionen-in-new-york\/fahrradtouren-new-york-welche-ist-die-beste\/\">Mehr lesen <\/a>\r\n\t\t\t\t\t\t\t\t\t\t\t\t<\/div>\r\n\t\t\t\t\t\t\t\t\t\t\t\t\t\t\t\t\t\t\t\t\t<\/div>\t\t\r\n\t\t\t\t\t\t\t\t\t<\/div>\r\n\t\t\t\t\t\t\t\t<\/div> <!--  END SINGLE BLOG -->\r\n\t\r\n\t\t\t\t\t\t\t\t\t\r\n\t\t\t\t\t\t\t<\/div>\r\n\t\t\t\t\t\t<\/div>\r\n\t\t\t\t\t\t\r\n\t\t\t\t\t\r\n\t\t\t\t\t\r\n\t\t\t\t<\/div>\r\n\t\t\t<\/div>\t\t\t\t\t\t\t\t\t\r\n\t\t\t\t\t\r\n\t\t\t\t<\/div>\n\t\t\t\t<\/div>\n\t\t\t\t\t<\/div>\n\t\t\t\t<\/div>\n\t\t\t\t<\/div>\n\t\t","protected":false},"excerpt":{"rendered":"<p>Fahrradtouren und Wandertouren in New York M\u00f6chten Sie New York mit einem Reisef\u00fchrer entdecken? Dann buchen Sie w\u00e4hrend Ihres St\u00e4dtetrips in New York eine unterhaltsame Rad- oder Wandertour, begleitet von einem fachkundigen Reisef\u00fchrer, der die Stra\u00dfen New Yorks gut kennt. Bei einer Fahrradtour oder einem Rundgang erz\u00e4hlt Ihnen der Guide alles \u00fcber New York und [&hellip;]<\/p>\n","protected":false},"author":1,"featured_media":0,"parent":0,"menu_order":0,"comment_status":"closed","ping_status":"closed","template":"","meta":{"footnotes":""},"class_list":["post-40616","page","type-page","status-publish","hentry"],"aioseo_notices":[],"_links":{"self":[{"href":"https:\/\/www.newyorkinfo.nl\/de\/wp-json\/wp\/v2\/pages\/40616","targetHints":{"allow":["GET"]}}],"collection":[{"href":"https:\/\/www.newyorkinfo.nl\/de\/wp-json\/wp\/v2\/pages"}],"about":[{"href":"https:\/\/www.newyorkinfo.nl\/de\/wp-json\/wp\/v2\/types\/page"}],"author":[{"embeddable":true,"href":"https:\/\/www.newyorkinfo.nl\/de\/wp-json\/wp\/v2\/users\/1"}],"replies":[{"embeddable":true,"href":"https:\/\/www.newyorkinfo.nl\/de\/wp-json\/wp\/v2\/comments?post=40616"}],"version-history":[{"count":0,"href":"https:\/\/www.newyorkinfo.nl\/de\/wp-json\/wp\/v2\/pages\/40616\/revisions"}],"wp:attachment":[{"href":"https:\/\/www.newyorkinfo.nl\/de\/wp-json\/wp\/v2\/media?parent=40616"}],"curies":[{"name":"wp","href":"https:\/\/api.w.org\/{rel}","templated":true}]}}