{"id":40357,"date":"2024-12-15T17:26:18","date_gmt":"2024-12-15T17:26:18","guid":{"rendered":"https:\/\/www.newyorkinfo.nl\/?page_id=40357"},"modified":"2025-01-16T19:28:09","modified_gmt":"2025-01-16T19:28:09","slug":"tagesausfluge-ab-new-york","status":"publish","type":"page","link":"https:\/\/www.newyorkinfo.nl\/de\/tagesausfluge-ab-new-york\/","title":{"rendered":"Unterhaltsame Tagesausfl\u00fcge ab New York"},"content":{"rendered":"\t\t<div data-elementor-type=\"wp-page\" data-elementor-id=\"40357\" class=\"elementor elementor-40357 elementor-40346\" data-elementor-post-type=\"page\">\n\t\t\t\t<div class=\"elementor-element elementor-element-89b90f6 e-flex e-con-boxed e-con e-parent\" data-id=\"89b90f6\" data-element_type=\"container\" data-e-type=\"container\">\n\t\t\t\t\t<div class=\"e-con-inner\">\n\t\t\t\t<div class=\"elementor-element elementor-element-76497a7 elementor-widget elementor-widget-text-editor\" data-id=\"76497a7\" data-element_type=\"widget\" data-e-type=\"widget\" data-widget_type=\"text-editor.default\">\n\t\t\t\t<div class=\"elementor-widget-container\">\n\t\t\t\t\t\t\t\t\t<p>Wenn Sie f\u00fcr einen l\u00e4ngeren <a title=\"St\u00e4dtetrip nach New York: Lohnt sich New York?\" href=\"https:\/\/www.newyorkinfo.nl\/de\/vorbereitung-fuer-die-reise-nach-new-york\/staedtereise-new-york-warum-sollte-man-nach-new-york-reisen\/\" target=\"_blank\" rel=\"noopener\"><span style=\"text-decoration: underline;\">St\u00e4dtetrip nach New York <\/span><\/a>fahren. Erw\u00e4gen Sie einen der unterhaltsamen Tagesausfl\u00fcge von New York in bekannte St\u00e4dte wie Philadelphia, Boston und Washington D.C. Sie k\u00f6nnen aber auch einen spektakul\u00e4ren Tagesausflug von New York zu den <a title=\"Tagesausfl\u00fcge zu den Niagaraf\u00e4llen ab New York\" href=\"https:\/\/www.newyorkinfo.nl\/de\/tagesausfluege-ab-new-york\/tagesausfluege-zu-den-niagarafaellen-ab-new-york\/\" target=\"_blank\" rel=\"noopener\"><span style=\"text-decoration: underline;\">Niagaraf\u00e4llen<\/span><\/a> unternehmen oder die Amish besuchen. Kurz gesagt, es gibt viele M\u00f6glichkeiten, Ihren St\u00e4dtetrip nach New York noch unterhaltsamer zu gestalten.   <\/p>\n\t\t\t\t\t\t\t\t<\/div>\n\t\t\t\t<\/div>\n\t\t\t\t\t<\/div>\n\t\t\t\t<\/div>\n\t\t<div class=\"elementor-element elementor-element-618b94cd e-flex e-con-boxed e-con e-parent\" data-id=\"618b94cd\" data-element_type=\"container\" data-e-type=\"container\">\n\t\t\t\t\t<div class=\"e-con-inner\">\n\t\t\t\t<div class=\"elementor-element elementor-element-123b9f6e elementor-widget elementor-widget-witr_blog_section\" data-id=\"123b9f6e\" data-element_type=\"widget\" data-e-type=\"widget\" data-widget_type=\"witr_blog_section.default\">\n\t\t\t\t<div class=\"elementor-widget-container\">\n\t\t\t\t\t\t\t\t<div class=\" blog_style_adn_2 bgimgload witr_blog_4\">\t\t\t\t\r\n\t\t\t\t\t<div class=\"row blog_wrap blog-messonary\">\t\t\t\t\r\n\t\t\t\t\t\t\t\t\t\t\t<!-- single blog -->\r\n\t\t\t\t\t\t<div class=\"col-lg-4  col-md-6 col-sm-8 grid-item  witr_all_mb_30\">\r\n\t\t\t\t\t\t\t<div class=\"single_blog_adn all_blog_color\">\r\n\t\t\t\t\t\t\t\t<div id=\"post-40581\" class=\"post-40581 post type-post status-publish format-standard has-post-thumbnail hentry category-tagesausfluege-ab-new-york\">\r\n\t\t\t\t\t\t\t\t\t<div class=\"poket-single-blog_adn \">\t\t\t\t\t\r\n\t\t\t\t\t\t\t\t\t\t<!-- BLOG THUMB -->\r\n\t\t\t\t\t\t\t\t\t\t\t\t\t\t\t\t\t\t\t\t<div class=\"blog_adn_thumb_inner\">\r\n\t\t\t\t\t\t\t\t\t\t\t<div class=\"poket-blog-thumb_adn \">\r\n\t\t\t\t\t\t\t\t\t\t\t\t<a href=\"https:\/\/www.newyorkinfo.nl\/de\/tagesausfluege-ab-new-york\/tagesausflug-von-new-york-nach-washington-d-c\/\"> <img fetchpriority=\"high\" decoding=\"async\" width=\"390\" height=\"350\" src=\"https:\/\/i0.wp.com\/www.newyorkinfo.nl\/wp-content\/uploads\/2024\/12\/vanuit-New-York-naar-Washington-dc-scaled.webp?resize=390%2C350&amp;ssl=1\" class=\"attachment-poket-blog-default size-poket-blog-default wp-post-image\" alt=\"New York naar Washington D.C.\" srcset=\"https:\/\/i0.wp.com\/www.newyorkinfo.nl\/wp-content\/uploads\/2024\/12\/vanuit-New-York-naar-Washington-dc-scaled.webp?resize=390%2C350&amp;ssl=1 390w, https:\/\/i0.wp.com\/www.newyorkinfo.nl\/wp-content\/uploads\/2024\/12\/vanuit-New-York-naar-Washington-dc-scaled.webp?zoom=2&amp;resize=390%2C350&amp;ssl=1 780w, https:\/\/i0.wp.com\/www.newyorkinfo.nl\/wp-content\/uploads\/2024\/12\/vanuit-New-York-naar-Washington-dc-scaled.webp?zoom=3&amp;resize=390%2C350&amp;ssl=1 1170w\" sizes=\"(max-width: 390px) 100vw, 390px\" \/> <\/a>\r\n\t\t\t\t\t\t\t\t\t\t\t\t<div class=\"blog_add_icon\">\r\n\t\t\t\t\t\t\t\t\t\t\t\t\t<a href=\"https:\/\/www.newyorkinfo.nl\/de\/tagesausfluege-ab-new-york\/tagesausflug-von-new-york-nach-washington-d-c\/\"><i class=\"icofont-link\"><\/i><\/a>\r\n\t\t\t\t\t\t\t\t\t\t\t\t<\/div>\r\n\t\t\t\t\t\t\t\t\t\t\t<\/div>\r\n\t\t\t\t\t\t\t\t\t\t\t<!-- BLOG TITLE -->\r\n\t\t\t\t\t\t\t\t\t\t\t<div class=\"blog-page-title_adn2 \">\r\n\t\t\t\t\t\t\t\t\t\t\t\t<h2><a href=\"https:\/\/www.newyorkinfo.nl\/de\/tagesausfluege-ab-new-york\/tagesausflug-von-new-york-nach-washington-d-c\/\">Tagesausflug von New York nach Washington D.C.<\/a><\/h2>\t\t\t\r\n\t\t\t\t\t\t\t\t\t\t\t<\/div>\t\t\t\t\t\t\t\t\t\t\t\r\n\t\t\t\t\t\t\t\t\t\t<\/div>\r\n\t\t\t\t\t\t\t\t\t\t\t\t\t\t\t\t\t\t\t\t<div class=\"em-blog-content-area_adn \">\r\n\t\t\t\t\t\t\t\t\t\t\t<!-- content -->\r\n\t\t\t\t\t\t\t\t\t\t\t\t\t\t\t\t\t\t\t\t\t\t\t<p>Wenn Sie eine St\u00e4dtereise nach New York unternehmen und mehr als nur New York City<\/p>\t\t\t\t\t\t\t\t\t\t\t\t\t\t\t\t\t\t\t\t\t\r\n\t\t\t\t\t\t\t\t\t\t\t\t\t\t\t\t\t\t\t\t\t\t\r\n\t\t\t\t\t\t\t\t\t\t\t\t<div class=\"learn_more_adn\">\r\n\t\t\t\t\t\t\t\t\t\t\t\t  <a class=\"learn_btn adnbtn2\" href=\"https:\/\/www.newyorkinfo.nl\/de\/tagesausfluege-ab-new-york\/tagesausflug-von-new-york-nach-washington-d-c\/\">Mehr lesen <\/a>\r\n\t\t\t\t\t\t\t\t\t\t\t\t<\/div>\r\n\t\t\t\t\t\t\t\t\t\t\t\t\t\t\t\t\t\t\t\t\t<\/div>\t\t\r\n\t\t\t\t\t\t\t\t\t<\/div>\r\n\t\t\t\t\t\t\t\t<\/div> <!--  END SINGLE BLOG -->\r\n\t\r\n\t\t\t\t\t\t\t\t\t\r\n\t\t\t\t\t\t\t<\/div>\r\n\t\t\t\t\t\t<\/div>\r\n\t\t\t\t\t\t\t\t\t\t\t<!-- single blog -->\r\n\t\t\t\t\t\t<div class=\"col-lg-4  col-md-6 col-sm-8 grid-item  witr_all_mb_30\">\r\n\t\t\t\t\t\t\t<div class=\"single_blog_adn all_blog_color\">\r\n\t\t\t\t\t\t\t\t<div id=\"post-40528\" class=\"post-40528 post type-post status-publish format-standard has-post-thumbnail hentry category-tagesausfluege-ab-new-york\">\r\n\t\t\t\t\t\t\t\t\t<div class=\"poket-single-blog_adn \">\t\t\t\t\t\r\n\t\t\t\t\t\t\t\t\t\t<!-- BLOG THUMB -->\r\n\t\t\t\t\t\t\t\t\t\t\t\t\t\t\t\t\t\t\t\t<div class=\"blog_adn_thumb_inner\">\r\n\t\t\t\t\t\t\t\t\t\t\t<div class=\"poket-blog-thumb_adn \">\r\n\t\t\t\t\t\t\t\t\t\t\t\t<a href=\"https:\/\/www.newyorkinfo.nl\/de\/tagesausfluege-ab-new-york\/tagesausflug-von-new-york-nach-philadelphia\/\"> <img decoding=\"async\" width=\"390\" height=\"350\" src=\"https:\/\/i0.wp.com\/www.newyorkinfo.nl\/wp-content\/uploads\/2024\/12\/dagtochtvanuit-New-York-naar-Philadelphia-scaled.webp?resize=390%2C350&amp;ssl=1\" class=\"attachment-poket-blog-default size-poket-blog-default wp-post-image\" alt=\"vanuit New York naar Philadelphia\nfrom New York to Philadelphia\nvon New York nach Philadelphia\" srcset=\"https:\/\/i0.wp.com\/www.newyorkinfo.nl\/wp-content\/uploads\/2024\/12\/dagtochtvanuit-New-York-naar-Philadelphia-scaled.webp?resize=390%2C350&amp;ssl=1 390w, https:\/\/i0.wp.com\/www.newyorkinfo.nl\/wp-content\/uploads\/2024\/12\/dagtochtvanuit-New-York-naar-Philadelphia-scaled.webp?zoom=2&amp;resize=390%2C350&amp;ssl=1 780w, https:\/\/i0.wp.com\/www.newyorkinfo.nl\/wp-content\/uploads\/2024\/12\/dagtochtvanuit-New-York-naar-Philadelphia-scaled.webp?zoom=3&amp;resize=390%2C350&amp;ssl=1 1170w\" sizes=\"(max-width: 390px) 100vw, 390px\" \/> <\/a>\r\n\t\t\t\t\t\t\t\t\t\t\t\t<div class=\"blog_add_icon\">\r\n\t\t\t\t\t\t\t\t\t\t\t\t\t<a href=\"https:\/\/www.newyorkinfo.nl\/de\/tagesausfluege-ab-new-york\/tagesausflug-von-new-york-nach-philadelphia\/\"><i class=\"icofont-link\"><\/i><\/a>\r\n\t\t\t\t\t\t\t\t\t\t\t\t<\/div>\r\n\t\t\t\t\t\t\t\t\t\t\t<\/div>\r\n\t\t\t\t\t\t\t\t\t\t\t<!-- BLOG TITLE -->\r\n\t\t\t\t\t\t\t\t\t\t\t<div class=\"blog-page-title_adn2 \">\r\n\t\t\t\t\t\t\t\t\t\t\t\t<h2><a href=\"https:\/\/www.newyorkinfo.nl\/de\/tagesausfluege-ab-new-york\/tagesausflug-von-new-york-nach-philadelphia\/\">Tagesausflug von New York nach Philadelphia<\/a><\/h2>\t\t\t\r\n\t\t\t\t\t\t\t\t\t\t\t<\/div>\t\t\t\t\t\t\t\t\t\t\t\r\n\t\t\t\t\t\t\t\t\t\t<\/div>\r\n\t\t\t\t\t\t\t\t\t\t\t\t\t\t\t\t\t\t\t\t<div class=\"em-blog-content-area_adn \">\r\n\t\t\t\t\t\t\t\t\t\t\t<!-- content -->\r\n\t\t\t\t\t\t\t\t\t\t\t\t\t\t\t\t\t\t\t\t\t\t\t<p>Wenn Sie eine St\u00e4dtereise nach New York unternehmen und mehr als nur New York City<\/p>\t\t\t\t\t\t\t\t\t\t\t\t\t\t\t\t\t\t\t\t\t\r\n\t\t\t\t\t\t\t\t\t\t\t\t\t\t\t\t\t\t\t\t\t\t\r\n\t\t\t\t\t\t\t\t\t\t\t\t<div class=\"learn_more_adn\">\r\n\t\t\t\t\t\t\t\t\t\t\t\t  <a class=\"learn_btn adnbtn2\" href=\"https:\/\/www.newyorkinfo.nl\/de\/tagesausfluege-ab-new-york\/tagesausflug-von-new-york-nach-philadelphia\/\">Mehr lesen <\/a>\r\n\t\t\t\t\t\t\t\t\t\t\t\t<\/div>\r\n\t\t\t\t\t\t\t\t\t\t\t\t\t\t\t\t\t\t\t\t\t<\/div>\t\t\r\n\t\t\t\t\t\t\t\t\t<\/div>\r\n\t\t\t\t\t\t\t\t<\/div> <!--  END SINGLE BLOG -->\r\n\t\r\n\t\t\t\t\t\t\t\t\t\r\n\t\t\t\t\t\t\t<\/div>\r\n\t\t\t\t\t\t<\/div>\r\n\t\t\t\t\t\t\t\t\t\t\t<!-- single blog -->\r\n\t\t\t\t\t\t<div class=\"col-lg-4  col-md-6 col-sm-8 grid-item  witr_all_mb_30\">\r\n\t\t\t\t\t\t\t<div class=\"single_blog_adn all_blog_color\">\r\n\t\t\t\t\t\t\t\t<div id=\"post-40334\" class=\"post-40334 post type-post status-publish format-standard has-post-thumbnail hentry category-tagesausfluege-ab-new-york\">\r\n\t\t\t\t\t\t\t\t\t<div class=\"poket-single-blog_adn \">\t\t\t\t\t\r\n\t\t\t\t\t\t\t\t\t\t<!-- BLOG THUMB -->\r\n\t\t\t\t\t\t\t\t\t\t\t\t\t\t\t\t\t\t\t\t<div class=\"blog_adn_thumb_inner\">\r\n\t\t\t\t\t\t\t\t\t\t\t<div class=\"poket-blog-thumb_adn \">\r\n\t\t\t\t\t\t\t\t\t\t\t\t<a href=\"https:\/\/www.newyorkinfo.nl\/de\/tagesausfluege-ab-new-york\/tagesausfluege-zu-den-niagarafaellen-ab-new-york\/\"> <img decoding=\"async\" width=\"390\" height=\"350\" src=\"https:\/\/i0.wp.com\/www.newyorkinfo.nl\/wp-content\/uploads\/2024\/12\/Niagarawatervallen-vanuit-New-York-scaled.webp?resize=390%2C350&amp;ssl=1\" class=\"attachment-poket-blog-default size-poket-blog-default wp-post-image\" alt=\"Niagarawatervallen vanuit New York Tagesausfl\u00fcge zu den Niagaraf\u00e4llenab New York\" srcset=\"https:\/\/i0.wp.com\/www.newyorkinfo.nl\/wp-content\/uploads\/2024\/12\/Niagarawatervallen-vanuit-New-York-scaled.webp?resize=390%2C350&amp;ssl=1 390w, https:\/\/i0.wp.com\/www.newyorkinfo.nl\/wp-content\/uploads\/2024\/12\/Niagarawatervallen-vanuit-New-York-scaled.webp?zoom=2&amp;resize=390%2C350&amp;ssl=1 780w, https:\/\/i0.wp.com\/www.newyorkinfo.nl\/wp-content\/uploads\/2024\/12\/Niagarawatervallen-vanuit-New-York-scaled.webp?zoom=3&amp;resize=390%2C350&amp;ssl=1 1170w\" sizes=\"(max-width: 390px) 100vw, 390px\" \/> <\/a>\r\n\t\t\t\t\t\t\t\t\t\t\t\t<div class=\"blog_add_icon\">\r\n\t\t\t\t\t\t\t\t\t\t\t\t\t<a href=\"https:\/\/www.newyorkinfo.nl\/de\/tagesausfluege-ab-new-york\/tagesausfluege-zu-den-niagarafaellen-ab-new-york\/\"><i class=\"icofont-link\"><\/i><\/a>\r\n\t\t\t\t\t\t\t\t\t\t\t\t<\/div>\r\n\t\t\t\t\t\t\t\t\t\t\t<\/div>\r\n\t\t\t\t\t\t\t\t\t\t\t<!-- BLOG TITLE -->\r\n\t\t\t\t\t\t\t\t\t\t\t<div class=\"blog-page-title_adn2 \">\r\n\t\t\t\t\t\t\t\t\t\t\t\t<h2><a href=\"https:\/\/www.newyorkinfo.nl\/de\/tagesausfluege-ab-new-york\/tagesausfluege-zu-den-niagarafaellen-ab-new-york\/\">Tagesausfl\u00fcge zu den Niagaraf\u00e4llen ab New York<\/a><\/h2>\t\t\t\r\n\t\t\t\t\t\t\t\t\t\t\t<\/div>\t\t\t\t\t\t\t\t\t\t\t\r\n\t\t\t\t\t\t\t\t\t\t<\/div>\r\n\t\t\t\t\t\t\t\t\t\t\t\t\t\t\t\t\t\t\t\t<div class=\"em-blog-content-area_adn \">\r\n\t\t\t\t\t\t\t\t\t\t\t<!-- content -->\r\n\t\t\t\t\t\t\t\t\t\t\t\t\t\t\t\t\t\t\t\t\t\t\t<p>Die Niagaraf\u00e4lle geh\u00f6ren zu den gr\u00f6\u00dften Wasserf\u00e4llen der Welt und es gibt mehrere Tagesausfl\u00fcge zu<\/p>\t\t\t\t\t\t\t\t\t\t\t\t\t\t\t\t\t\t\t\t\t\r\n\t\t\t\t\t\t\t\t\t\t\t\t\t\t\t\t\t\t\t\t\t\t\r\n\t\t\t\t\t\t\t\t\t\t\t\t<div class=\"learn_more_adn\">\r\n\t\t\t\t\t\t\t\t\t\t\t\t  <a class=\"learn_btn adnbtn2\" href=\"https:\/\/www.newyorkinfo.nl\/de\/tagesausfluege-ab-new-york\/tagesausfluege-zu-den-niagarafaellen-ab-new-york\/\">Mehr lesen <\/a>\r\n\t\t\t\t\t\t\t\t\t\t\t\t<\/div>\r\n\t\t\t\t\t\t\t\t\t\t\t\t\t\t\t\t\t\t\t\t\t<\/div>\t\t\r\n\t\t\t\t\t\t\t\t\t<\/div>\r\n\t\t\t\t\t\t\t\t<\/div> <!--  END SINGLE BLOG -->\r\n\t\r\n\t\t\t\t\t\t\t\t\t\r\n\t\t\t\t\t\t\t<\/div>\r\n\t\t\t\t\t\t<\/div>\r\n\t\t\t\t\t\t\t\t\t\t\t<!-- single blog -->\r\n\t\t\t\t\t\t<div class=\"col-lg-4  col-md-6 col-sm-8 grid-item  witr_all_mb_30\">\r\n\t\t\t\t\t\t\t<div class=\"single_blog_adn all_blog_color\">\r\n\t\t\t\t\t\t\t\t<div id=\"post-34600\" class=\"post-34600 post type-post status-publish format-standard has-post-thumbnail hentry category-tagesausfluege-ab-new-york\">\r\n\t\t\t\t\t\t\t\t\t<div class=\"poket-single-blog_adn \">\t\t\t\t\t\r\n\t\t\t\t\t\t\t\t\t\t<!-- BLOG THUMB -->\r\n\t\t\t\t\t\t\t\t\t\t\t\t\t\t\t\t\t\t\t\t<div class=\"blog_adn_thumb_inner\">\r\n\t\t\t\t\t\t\t\t\t\t\t<div class=\"poket-blog-thumb_adn \">\r\n\t\t\t\t\t\t\t\t\t\t\t\t<a href=\"https:\/\/www.newyorkinfo.nl\/de\/tagesausfluege-ab-new-york\/tagesausflug-von-new-york-nach-washington-dc-und-philadelphia\/\"> <img loading=\"lazy\" decoding=\"async\" width=\"390\" height=\"350\" src=\"https:\/\/i0.wp.com\/www.newyorkinfo.nl\/wp-content\/uploads\/2024\/04\/Dagtocht-naar-Washington-DC-en-Philadelphia-vanuit-New-York-scaled.webp?resize=390%2C350&amp;ssl=1\" class=\"attachment-poket-blog-default size-poket-blog-default not-transparent wp-post-image\" alt=\"Washington DC\" data-has-transparency=\"false\" data-dominant-color=\"a5a9b6\" style=\"--dominant-color: #a5a9b6;\" \/> <\/a>\r\n\t\t\t\t\t\t\t\t\t\t\t\t<div class=\"blog_add_icon\">\r\n\t\t\t\t\t\t\t\t\t\t\t\t\t<a href=\"https:\/\/www.newyorkinfo.nl\/de\/tagesausfluege-ab-new-york\/tagesausflug-von-new-york-nach-washington-dc-und-philadelphia\/\"><i class=\"icofont-link\"><\/i><\/a>\r\n\t\t\t\t\t\t\t\t\t\t\t\t<\/div>\r\n\t\t\t\t\t\t\t\t\t\t\t<\/div>\r\n\t\t\t\t\t\t\t\t\t\t\t<!-- BLOG TITLE -->\r\n\t\t\t\t\t\t\t\t\t\t\t<div class=\"blog-page-title_adn2 \">\r\n\t\t\t\t\t\t\t\t\t\t\t\t<h2><a href=\"https:\/\/www.newyorkinfo.nl\/de\/tagesausfluege-ab-new-york\/tagesausflug-von-new-york-nach-washington-dc-und-philadelphia\/\">Tagesausflug von New York nach Washington DC und Philadelphia<\/a><\/h2>\t\t\t\r\n\t\t\t\t\t\t\t\t\t\t\t<\/div>\t\t\t\t\t\t\t\t\t\t\t\r\n\t\t\t\t\t\t\t\t\t\t<\/div>\r\n\t\t\t\t\t\t\t\t\t\t\t\t\t\t\t\t\t\t\t\t<div class=\"em-blog-content-area_adn \">\r\n\t\t\t\t\t\t\t\t\t\t\t<!-- content -->\r\n\t\t\t\t\t\t\t\t\t\t\t\t\t\t\t\t\t\t\t\t\t\t\t<p>Ein Tagesausflug von New York nach Washington DC und Philadelphia ist eine perfekte M\u00f6glichkeit, die<\/p>\t\t\t\t\t\t\t\t\t\t\t\t\t\t\t\t\t\t\t\t\t\r\n\t\t\t\t\t\t\t\t\t\t\t\t\t\t\t\t\t\t\t\t\t\t\r\n\t\t\t\t\t\t\t\t\t\t\t\t<div class=\"learn_more_adn\">\r\n\t\t\t\t\t\t\t\t\t\t\t\t  <a class=\"learn_btn adnbtn2\" href=\"https:\/\/www.newyorkinfo.nl\/de\/tagesausfluege-ab-new-york\/tagesausflug-von-new-york-nach-washington-dc-und-philadelphia\/\">Mehr lesen <\/a>\r\n\t\t\t\t\t\t\t\t\t\t\t\t<\/div>\r\n\t\t\t\t\t\t\t\t\t\t\t\t\t\t\t\t\t\t\t\t\t<\/div>\t\t\r\n\t\t\t\t\t\t\t\t\t<\/div>\r\n\t\t\t\t\t\t\t\t<\/div> <!--  END SINGLE BLOG -->\r\n\t\r\n\t\t\t\t\t\t\t\t\t\r\n\t\t\t\t\t\t\t<\/div>\r\n\t\t\t\t\t\t<\/div>\r\n\t\t\t\t\t\t\r\n\t\t\t\t\t\r\n\t\t\t\t\t\r\n\t\t\t\t<\/div>\r\n\t\t\t<\/div>\t\t\t\t\t\t\t\t\t\r\n\t\t\t\t\t\r\n\t\t\t\t<\/div>\n\t\t\t\t<\/div>\n\t\t\t\t\t<\/div>\n\t\t\t\t<\/div>\n\t\t\t\t<\/div>\n\t\t","protected":false},"excerpt":{"rendered":"<p>Wenn Sie f\u00fcr einen l\u00e4ngeren St\u00e4dtetrip nach New York fahren. Erw\u00e4gen Sie einen der unterhaltsamen Tagesausfl\u00fcge von New York in bekannte St\u00e4dte wie Philadelphia, Boston und Washington D.C. Sie k\u00f6nnen aber auch einen spektakul\u00e4ren Tagesausflug von New York zu den Niagaraf\u00e4llen unternehmen oder die Amish besuchen. Kurz gesagt, es gibt viele M\u00f6glichkeiten, Ihren St\u00e4dtetrip nach [&hellip;]<\/p>\n","protected":false},"author":1,"featured_media":0,"parent":0,"menu_order":0,"comment_status":"closed","ping_status":"closed","template":"","meta":{"footnotes":""},"class_list":["post-40357","page","type-page","status-publish","hentry"],"aioseo_notices":[],"_links":{"self":[{"href":"https:\/\/www.newyorkinfo.nl\/de\/wp-json\/wp\/v2\/pages\/40357","targetHints":{"allow":["GET"]}}],"collection":[{"href":"https:\/\/www.newyorkinfo.nl\/de\/wp-json\/wp\/v2\/pages"}],"about":[{"href":"https:\/\/www.newyorkinfo.nl\/de\/wp-json\/wp\/v2\/types\/page"}],"author":[{"embeddable":true,"href":"https:\/\/www.newyorkinfo.nl\/de\/wp-json\/wp\/v2\/users\/1"}],"replies":[{"embeddable":true,"href":"https:\/\/www.newyorkinfo.nl\/de\/wp-json\/wp\/v2\/comments?post=40357"}],"version-history":[{"count":0,"href":"https:\/\/www.newyorkinfo.nl\/de\/wp-json\/wp\/v2\/pages\/40357\/revisions"}],"wp:attachment":[{"href":"https:\/\/www.newyorkinfo.nl\/de\/wp-json\/wp\/v2\/media?parent=40357"}],"curies":[{"name":"wp","href":"https:\/\/api.w.org\/{rel}","templated":true}]}}