{"id":35225,"date":"2024-10-05T17:05:30","date_gmt":"2024-10-05T17:05:30","guid":{"rendered":"https:\/\/www.newyorkinfo.nl\/cookie-richtlinie\/"},"modified":"2025-12-03T16:11:52","modified_gmt":"2025-12-03T16:11:52","slug":"cookie-richtlinie","status":"publish","type":"page","link":"https:\/\/www.newyorkinfo.nl\/de\/cookie-richtlinie\/","title":{"rendered":"Cookie-Richtlinie"},"content":{"rendered":"\t\t<div data-elementor-type=\"wp-page\" data-elementor-id=\"35225\" class=\"elementor elementor-35225 elementor-35216\" data-elementor-post-type=\"page\">\n\t\t\t\t<div class=\"elementor-element elementor-element-df11dde e-flex e-con-boxed e-con e-parent\" data-id=\"df11dde\" data-element_type=\"container\" data-e-type=\"container\">\n\t\t\t\t\t<div class=\"e-con-inner\">\n\t\t\t\t<div class=\"elementor-element elementor-element-5c0fc63 elementor-widget elementor-widget-heading\" data-id=\"5c0fc63\" data-element_type=\"widget\" data-e-type=\"widget\" data-widget_type=\"heading.default\">\n\t\t\t\t<div class=\"elementor-widget-container\">\n\t\t\t\t\t<h1 class=\"elementor-heading-title elementor-size-default\">Cookie-Richtlinie New York Info<\/h1>\t\t\t\t<\/div>\n\t\t\t\t<\/div>\n\t\t\t\t<div class=\"elementor-element elementor-element-64f6e4e elementor-widget elementor-widget-text-editor\" data-id=\"64f6e4e\" data-element_type=\"widget\" data-e-type=\"widget\" data-widget_type=\"text-editor.default\">\n\t\t\t\t<div class=\"elementor-widget-container\">\n\t\t\t\t\t\t\t\t\t<p data-start=\"35\" data-end=\"51\"><strong data-start=\"35\" data-end=\"51\">Unsere Daten<\/strong><\/p>\n<p><\/p>\n<p data-start=\"53\" data-end=\"125\">New York Info<br data-start=\"66\" data-end=\"69\" \/>Allersma 123<br data-start=\"81\" data-end=\"84\" \/>5655 CD Eindhoven<br data-start=\"101\" data-end=\"104\" \/><a class=\"decorated-link cursor-pointer\" rel=\"noopener\" data-start=\"104\" data-end=\"123\">info@newyorkinfo.nl<\/a><\/p>\n<p><\/p>\n<p data-start=\"127\" data-end=\"148\"><strong data-start=\"127\" data-end=\"148\">Was sind Cookies?<\/strong><\/p>\n<p><\/p>\n<p data-start=\"150\" data-end=\"453\">Cookies sind kleine (Text-)Dateien, die auf Ihrem Computer gespeichert werden. Ihr Webbrowser speichert diese Cookies, wenn Sie unsere Website besuchen. Diese Cookies werden wieder abgerufen, wenn Sie unsere Website erneut besuchen. Dadurch kann unsere Website Sie als wiederkehrenden Besucher erkennen.<\/p>\n<p><\/p>\n<p data-start=\"455\" data-end=\"487\"><strong data-start=\"455\" data-end=\"487\">Warum verwenden wir Cookies?<\/strong><\/p>\n<p><\/p>\n<p data-start=\"489\" data-end=\"714\">Durch die Verwendung von Cookies k\u00f6nnen wir sehen, wie unsere Website genutzt wird und wie wir unsere Website und Dienstleistungen optimieren k\u00f6nnen. Cookies werden auch verwendet, um die Website schnell und sicher zu machen.<\/p>\n<p><\/p>\n<p data-start=\"716\" data-end=\"980\">Wenn Sie nicht m\u00f6chten, dass wir Cookies auf Ihrem Computer speichern, k\u00f6nnen Sie die Einstellungen Ihres Webbrowsers entsprechend \u00e4ndern. Bitte beachten Sie, dass einige Funktionen und Teile unserer Website ohne Cookies m\u00f6glicherweise nicht richtig funktionieren.<\/p>\n<p><\/p>\n<p data-start=\"982\" data-end=\"1015\"><strong data-start=\"982\" data-end=\"1015\">Welche Cookies verwenden wir?<\/strong><\/p>\n<p><\/p>\n<p data-start=\"1017\" data-end=\"1117\">Um die von uns angebotenen Dienstleistungen zu optimieren, verwenden wir folgende Arten von Cookies:<\/p>\n<p><\/p>\n<p data-start=\"1119\" data-end=\"1142\"><strong data-start=\"1119\" data-end=\"1142\">Funktionale Cookies<\/strong><\/p>\n<p><\/p>\n<p data-start=\"1144\" data-end=\"1327\">Funktionale Cookies sind notwendig, damit die Website ordnungsgem\u00e4\u00df funktioniert. Ohne diese Cookies k\u00f6nnen bestimmte Einstellungen (wie Spracheinstellungen) nicht gespeichert werden.<\/p>\n<p><\/p>\n<p data-start=\"1329\" data-end=\"1352\"><strong data-start=\"1329\" data-end=\"1352\">Analytische Cookies<\/strong><\/p>\n<p><\/p>\n<p data-start=\"1354\" data-end=\"1659\">Analytische Cookies werden verwendet, um die Qualit\u00e4t und Effektivit\u00e4t der Website zu untersuchen. Wir k\u00f6nnen zum Beispiel sehen, wie viele Nutzer unsere Website hat, welche Seiten besucht werden und in welcher Sprache. Diese Informationen nutzen wir, um unsere Website und Dienstleistungen zu verbessern.<\/p>\n<p><\/p>\n<p data-start=\"1661\" data-end=\"1681\"><strong data-start=\"1661\" data-end=\"1681\">Tracking-Cookies<\/strong><\/p>\n<p><\/p>\n<p data-start=\"1683\" data-end=\"1990\">Tracking-Cookies verfolgen Ihr Klickverhalten und Ihre Surfgewohnheiten. Dadurch ist es m\u00f6glich, Ihnen Anzeigen zu zeigen, die zu Ihren Interessen passen. Auch Dritte k\u00f6nnen Ihnen relevante Anzeigen anzeigen. Die folgenden Drittanbieter k\u00f6nnen auf unserer Website Tracking-Cookies verwenden: Get Your Guide.<\/p>\n<p><\/p>\n<p data-start=\"1992\" data-end=\"2013\"><strong data-start=\"1992\" data-end=\"2013\">Affiliate-Cookies<\/strong><\/p>\n<p><\/p>\n<p data-start=\"2015\" data-end=\"2298\">New York Info ist eine Affiliate-Webseite, die Besuchern die M\u00f6glichkeit bietet, \u00fcber einen Affiliate-Link einen Kauf auf einer anderen Webseite zu t\u00e4tigen, mit der wir zusammenarbeiten. F\u00fcr jeden Verkauf \u00fcber einen der Affiliate-Links erh\u00e4lt New York Info einen prozentualen Anteil.<\/p>\n\t\t\t\t\t\t\t\t<\/div>\n\t\t\t\t<\/div>\n\t\t\t\t\t<\/div>\n\t\t\t\t<\/div>\n\t\t\t\t<\/div>\n\t\t","protected":false},"excerpt":{"rendered":"<p>Cookie-Richtlinie New York Info Unsere Daten New York InfoAllersma 1235655 CD Eindhoveninfo@newyorkinfo.nl Was sind Cookies? Cookies sind kleine (Text-)Dateien, die auf Ihrem Computer gespeichert werden. Ihr Webbrowser speichert diese Cookies, wenn Sie unsere Website besuchen. Diese Cookies werden wieder abgerufen, wenn Sie unsere Website erneut besuchen. Dadurch kann unsere Website Sie als wiederkehrenden Besucher erkennen. [&hellip;]<\/p>\n","protected":false},"author":1,"featured_media":0,"parent":0,"menu_order":0,"comment_status":"closed","ping_status":"closed","template":"","meta":{"footnotes":""},"class_list":["post-35225","page","type-page","status-publish","hentry"],"aioseo_notices":[],"_links":{"self":[{"href":"https:\/\/www.newyorkinfo.nl\/de\/wp-json\/wp\/v2\/pages\/35225","targetHints":{"allow":["GET"]}}],"collection":[{"href":"https:\/\/www.newyorkinfo.nl\/de\/wp-json\/wp\/v2\/pages"}],"about":[{"href":"https:\/\/www.newyorkinfo.nl\/de\/wp-json\/wp\/v2\/types\/page"}],"author":[{"embeddable":true,"href":"https:\/\/www.newyorkinfo.nl\/de\/wp-json\/wp\/v2\/users\/1"}],"replies":[{"embeddable":true,"href":"https:\/\/www.newyorkinfo.nl\/de\/wp-json\/wp\/v2\/comments?post=35225"}],"version-history":[{"count":0,"href":"https:\/\/www.newyorkinfo.nl\/de\/wp-json\/wp\/v2\/pages\/35225\/revisions"}],"wp:attachment":[{"href":"https:\/\/www.newyorkinfo.nl\/de\/wp-json\/wp\/v2\/media?parent=35225"}],"curies":[{"name":"wp","href":"https:\/\/api.w.org\/{rel}","templated":true}]}}