{"id":33758,"date":"2024-01-25T18:32:34","date_gmt":"2024-01-25T18:32:34","guid":{"rendered":"https:\/\/www.newyorkinfo.nl\/essen-gehen-in-new-york\/"},"modified":"2025-01-21T11:08:41","modified_gmt":"2025-01-21T11:08:41","slug":"essen-gehen-in-new-york","status":"publish","type":"page","link":"https:\/\/www.newyorkinfo.nl\/de\/essen-gehen-in-new-york\/","title":{"rendered":"Essen gehen in New York"},"content":{"rendered":"\t\t<div data-elementor-type=\"wp-page\" data-elementor-id=\"33758\" class=\"elementor elementor-33758 elementor-23969\" data-elementor-post-type=\"page\">\n\t\t\t\t<div class=\"elementor-element elementor-element-8caf0d6 e-flex e-con-boxed e-con e-parent\" data-id=\"8caf0d6\" data-element_type=\"container\" data-e-type=\"container\">\n\t\t\t\t\t<div class=\"e-con-inner\">\n\t\t\t\t<div class=\"elementor-element elementor-element-765fca5 elementor-widget elementor-widget-heading\" data-id=\"765fca5\" data-element_type=\"widget\" data-e-type=\"widget\" data-widget_type=\"heading.default\">\n\t\t\t\t<div class=\"elementor-widget-container\">\n\t\t\t\t\t<h2 class=\"elementor-heading-title elementor-size-default\">Essen und Trinken in New York<\/h2>\t\t\t\t<\/div>\n\t\t\t\t<\/div>\n\t\t\t\t\t<\/div>\n\t\t\t\t<\/div>\n\t\t<div class=\"elementor-element elementor-element-a975eb7 e-flex e-con-boxed e-con e-parent\" data-id=\"a975eb7\" data-element_type=\"container\" data-e-type=\"container\">\n\t\t\t\t\t<div class=\"e-con-inner\">\n\t\t\t\t<div class=\"elementor-element elementor-element-47593aa elementor-widget elementor-widget-text-editor\" data-id=\"47593aa\" data-element_type=\"widget\" data-e-type=\"widget\" data-widget_type=\"text-editor.default\">\n\t\t\t\t<div class=\"elementor-widget-container\">\n\t\t\t\t\t\t\t\t\t<p>In New York gibt es Tausende von Orten zum Essen und Trinken. Nicht umsonst ist die Stadt eine der kulinarischsten St\u00e4dte der Welt, aber woher wei\u00df man, wo und wo man in New York am besten essen kann? Wir haben f\u00fcr Sie bereits einen \u00dcberblick \u00fcber die besten Speisem\u00f6glichkeiten zusammengestellt. Da es diese in so vielen Ausf\u00fchrungen gibt, kann es schwierig sein, eine gute Wahl zu treffen. Es gibt sozusagen an jeder Stra\u00dfenecke etwas zu kaufen. Vor allem in weiten Teilen Manhattans, wo man buchst\u00e4blich an jeder Stra\u00dfenecke etwas bei einem der vielen Imbisswagen kaufen kann.     <\/p>\n\t\t\t\t\t\t\t\t<\/div>\n\t\t\t\t<\/div>\n\t\t\t\t\t<\/div>\n\t\t\t\t<\/div>\n\t\t<div class=\"elementor-element elementor-element-2b0674b e-flex e-con-boxed e-con e-parent\" data-id=\"2b0674b\" data-element_type=\"container\" data-e-type=\"container\">\n\t\t\t\t\t<div class=\"e-con-inner\">\n\t\t\t\t<div class=\"elementor-element elementor-element-59856dc elementor-widget elementor-widget-witr_blog_section\" data-id=\"59856dc\" data-element_type=\"widget\" data-e-type=\"widget\" data-widget_type=\"witr_blog_section.default\">\n\t\t\t\t<div class=\"elementor-widget-container\">\n\t\t\t\t\t\t\t\t<div class=\" blog_style_adn_2 bgimgload witr_blog_4\">\t\t\t\t\r\n\t\t\t\t\t<div class=\"row blog_wrap blog-messonary\">\t\t\t\t\r\n\t\t\t\t\t\t\t\t\t\t\t<!-- single blog -->\r\n\t\t\t\t\t\t<div class=\"col-lg-4  col-md-6 col-sm-8 grid-item  witr_all_mb_30\">\r\n\t\t\t\t\t\t\t<div class=\"single_blog_adn all_blog_color\">\r\n\t\t\t\t\t\t\t\t<div id=\"post-47257\" class=\"post-47257 post type-post status-publish format-standard has-post-thumbnail hentry category-essen-und-trinken-in-new-york\">\r\n\t\t\t\t\t\t\t\t\t<div class=\"poket-single-blog_adn \">\t\t\t\t\t\r\n\t\t\t\t\t\t\t\t\t\t<!-- BLOG THUMB -->\r\n\t\t\t\t\t\t\t\t\t\t\t\t\t\t\t\t\t\t\t\t<div class=\"blog_adn_thumb_inner\">\r\n\t\t\t\t\t\t\t\t\t\t\t<div class=\"poket-blog-thumb_adn \">\r\n\t\t\t\t\t\t\t\t\t\t\t\t<a href=\"https:\/\/www.newyorkinfo.nl\/de\/essen-und-trinken-in-new-york\/street-food-maerkte-wo-man-in-new-york-gut-essen-kann\/\"> <img fetchpriority=\"high\" decoding=\"async\" width=\"390\" height=\"350\" src=\"https:\/\/i0.wp.com\/www.newyorkinfo.nl\/wp-content\/uploads\/2025\/05\/Food-markets-New-York-lekker-eten-in-new-york-scaled.webp?resize=390%2C350&amp;ssl=1\" class=\"attachment-poket-blog-default size-poket-blog-default wp-post-image\" alt=\"Food-M\u00e4rkte in New York\" srcset=\"https:\/\/i0.wp.com\/www.newyorkinfo.nl\/wp-content\/uploads\/2025\/05\/Food-markets-New-York-lekker-eten-in-new-york-scaled.webp?resize=390%2C350&amp;ssl=1 390w, https:\/\/i0.wp.com\/www.newyorkinfo.nl\/wp-content\/uploads\/2025\/05\/Food-markets-New-York-lekker-eten-in-new-york-scaled.webp?zoom=2&amp;resize=390%2C350&amp;ssl=1 780w, https:\/\/i0.wp.com\/www.newyorkinfo.nl\/wp-content\/uploads\/2025\/05\/Food-markets-New-York-lekker-eten-in-new-york-scaled.webp?zoom=3&amp;resize=390%2C350&amp;ssl=1 1170w\" sizes=\"(max-width: 390px) 100vw, 390px\" \/> <\/a>\r\n\t\t\t\t\t\t\t\t\t\t\t\t<div class=\"blog_add_icon\">\r\n\t\t\t\t\t\t\t\t\t\t\t\t\t<a href=\"https:\/\/www.newyorkinfo.nl\/de\/essen-und-trinken-in-new-york\/street-food-maerkte-wo-man-in-new-york-gut-essen-kann\/\"><i class=\"icofont-link\"><\/i><\/a>\r\n\t\t\t\t\t\t\t\t\t\t\t\t<\/div>\r\n\t\t\t\t\t\t\t\t\t\t\t<\/div>\r\n\t\t\t\t\t\t\t\t\t\t\t<!-- BLOG TITLE -->\r\n\t\t\t\t\t\t\t\t\t\t\t<div class=\"blog-page-title_adn2 \">\r\n\t\t\t\t\t\t\t\t\t\t\t\t<h2><a href=\"https:\/\/www.newyorkinfo.nl\/de\/essen-und-trinken-in-new-york\/street-food-maerkte-wo-man-in-new-york-gut-essen-kann\/\">Street-Food-M\u00e4rkte NYC: Wo man in New York gut essen kann<\/a><\/h2>\t\t\t\r\n\t\t\t\t\t\t\t\t\t\t\t<\/div>\t\t\t\t\t\t\t\t\t\t\t\r\n\t\t\t\t\t\t\t\t\t\t<\/div>\r\n\t\t\t\t\t\t\t\t\t\t\t\t\t\t\t\t\t\t\t\t<div class=\"em-blog-content-area_adn \">\r\n\t\t\t\t\t\t\t\t\t\t\t<!-- content -->\r\n\t\t\t\t\t\t\t\t\t\t\t\t\t\t\t\t\t\t\t\t\t\t\t<p>Ein Besuch in New York ist nicht vollst\u00e4ndig, ohne die pulsierenden Street-Food-M\u00e4rkte zu besuchen. Auf<\/p>\t\t\t\t\t\t\t\t\t\t\t\t\t\t\t\t\t\t\t\t\t\r\n\t\t\t\t\t\t\t\t\t\t\t\t\t\t\t\t\t\t\t\t\t\t\r\n\t\t\t\t\t\t\t\t\t\t\t\t<div class=\"learn_more_adn\">\r\n\t\t\t\t\t\t\t\t\t\t\t\t  <a class=\"learn_btn adnbtn2\" href=\"https:\/\/www.newyorkinfo.nl\/de\/essen-und-trinken-in-new-york\/street-food-maerkte-wo-man-in-new-york-gut-essen-kann\/\">Mehr lesen <\/a>\r\n\t\t\t\t\t\t\t\t\t\t\t\t<\/div>\r\n\t\t\t\t\t\t\t\t\t\t\t\t\t\t\t\t\t\t\t\t\t<\/div>\t\t\r\n\t\t\t\t\t\t\t\t\t<\/div>\r\n\t\t\t\t\t\t\t\t<\/div> <!--  END SINGLE BLOG -->\r\n\t\r\n\t\t\t\t\t\t\t\t\t\r\n\t\t\t\t\t\t\t<\/div>\r\n\t\t\t\t\t\t<\/div>\r\n\t\t\t\t\t\t\t\t\t\t\t<!-- single blog -->\r\n\t\t\t\t\t\t<div class=\"col-lg-4  col-md-6 col-sm-8 grid-item  witr_all_mb_30\">\r\n\t\t\t\t\t\t\t<div class=\"single_blog_adn all_blog_color\">\r\n\t\t\t\t\t\t\t\t<div id=\"post-43116\" class=\"post-43116 post type-post status-publish format-standard has-post-thumbnail hentry category-essen-und-trinken-in-new-york\">\r\n\t\t\t\t\t\t\t\t\t<div class=\"poket-single-blog_adn \">\t\t\t\t\t\r\n\t\t\t\t\t\t\t\t\t\t<!-- BLOG THUMB -->\r\n\t\t\t\t\t\t\t\t\t\t\t\t\t\t\t\t\t\t\t\t<div class=\"blog_adn_thumb_inner\">\r\n\t\t\t\t\t\t\t\t\t\t\t<div class=\"poket-blog-thumb_adn \">\r\n\t\t\t\t\t\t\t\t\t\t\t\t<a href=\"https:\/\/www.newyorkinfo.nl\/de\/essen-und-trinken-in-new-york\/mittagessen-in-new-york\/\"> <img decoding=\"async\" width=\"390\" height=\"350\" src=\"https:\/\/i0.wp.com\/www.newyorkinfo.nl\/wp-content\/uploads\/2025\/01\/lunchen-in-New-York-scaled.webp?resize=390%2C350&amp;ssl=1\" class=\"attachment-poket-blog-default size-poket-blog-default wp-post-image\" alt=\"Lunchen in New York\" srcset=\"https:\/\/i0.wp.com\/www.newyorkinfo.nl\/wp-content\/uploads\/2025\/01\/lunchen-in-New-York-scaled.webp?resize=390%2C350&amp;ssl=1 390w, https:\/\/i0.wp.com\/www.newyorkinfo.nl\/wp-content\/uploads\/2025\/01\/lunchen-in-New-York-scaled.webp?zoom=2&amp;resize=390%2C350&amp;ssl=1 780w, https:\/\/i0.wp.com\/www.newyorkinfo.nl\/wp-content\/uploads\/2025\/01\/lunchen-in-New-York-scaled.webp?zoom=3&amp;resize=390%2C350&amp;ssl=1 1170w\" sizes=\"(max-width: 390px) 100vw, 390px\" \/> <\/a>\r\n\t\t\t\t\t\t\t\t\t\t\t\t<div class=\"blog_add_icon\">\r\n\t\t\t\t\t\t\t\t\t\t\t\t\t<a href=\"https:\/\/www.newyorkinfo.nl\/de\/essen-und-trinken-in-new-york\/mittagessen-in-new-york\/\"><i class=\"icofont-link\"><\/i><\/a>\r\n\t\t\t\t\t\t\t\t\t\t\t\t<\/div>\r\n\t\t\t\t\t\t\t\t\t\t\t<\/div>\r\n\t\t\t\t\t\t\t\t\t\t\t<!-- BLOG TITLE -->\r\n\t\t\t\t\t\t\t\t\t\t\t<div class=\"blog-page-title_adn2 \">\r\n\t\t\t\t\t\t\t\t\t\t\t\t<h2><a href=\"https:\/\/www.newyorkinfo.nl\/de\/essen-und-trinken-in-new-york\/mittagessen-in-new-york\/\">Mittagessen in New York: Tipps und Hotspots<\/a><\/h2>\t\t\t\r\n\t\t\t\t\t\t\t\t\t\t\t<\/div>\t\t\t\t\t\t\t\t\t\t\t\r\n\t\t\t\t\t\t\t\t\t\t<\/div>\r\n\t\t\t\t\t\t\t\t\t\t\t\t\t\t\t\t\t\t\t\t<div class=\"em-blog-content-area_adn \">\r\n\t\t\t\t\t\t\t\t\t\t\t<!-- content -->\r\n\t\t\t\t\t\t\t\t\t\t\t\t\t\t\t\t\t\t\t\t\t\t\t<p>Nach einem guten Fr\u00fchst\u00fcck ist nat\u00fcrlich auch ein gutes Mittagessen in New York wichtig, wenn<\/p>\t\t\t\t\t\t\t\t\t\t\t\t\t\t\t\t\t\t\t\t\t\r\n\t\t\t\t\t\t\t\t\t\t\t\t\t\t\t\t\t\t\t\t\t\t\r\n\t\t\t\t\t\t\t\t\t\t\t\t<div class=\"learn_more_adn\">\r\n\t\t\t\t\t\t\t\t\t\t\t\t  <a class=\"learn_btn adnbtn2\" href=\"https:\/\/www.newyorkinfo.nl\/de\/essen-und-trinken-in-new-york\/mittagessen-in-new-york\/\">Mehr lesen <\/a>\r\n\t\t\t\t\t\t\t\t\t\t\t\t<\/div>\r\n\t\t\t\t\t\t\t\t\t\t\t\t\t\t\t\t\t\t\t\t\t<\/div>\t\t\r\n\t\t\t\t\t\t\t\t\t<\/div>\r\n\t\t\t\t\t\t\t\t<\/div> <!--  END SINGLE BLOG -->\r\n\t\r\n\t\t\t\t\t\t\t\t\t\r\n\t\t\t\t\t\t\t<\/div>\r\n\t\t\t\t\t\t<\/div>\r\n\t\t\t\t\t\t\t\t\t\t\t<!-- single blog -->\r\n\t\t\t\t\t\t<div class=\"col-lg-4  col-md-6 col-sm-8 grid-item  witr_all_mb_30\">\r\n\t\t\t\t\t\t\t<div class=\"single_blog_adn all_blog_color\">\r\n\t\t\t\t\t\t\t\t<div id=\"post-43006\" class=\"post-43006 post type-post status-publish format-standard has-post-thumbnail hentry category-essen-und-trinken-in-new-york\">\r\n\t\t\t\t\t\t\t\t\t<div class=\"poket-single-blog_adn \">\t\t\t\t\t\r\n\t\t\t\t\t\t\t\t\t\t<!-- BLOG THUMB -->\r\n\t\t\t\t\t\t\t\t\t\t\t\t\t\t\t\t\t\t\t\t<div class=\"blog_adn_thumb_inner\">\r\n\t\t\t\t\t\t\t\t\t\t\t<div class=\"poket-blog-thumb_adn \">\r\n\t\t\t\t\t\t\t\t\t\t\t\t<a href=\"https:\/\/www.newyorkinfo.nl\/de\/essen-und-trinken-in-new-york\/fruehstueck-in-new-york\/\"> <img decoding=\"async\" width=\"390\" height=\"350\" src=\"https:\/\/i0.wp.com\/www.newyorkinfo.nl\/wp-content\/uploads\/2025\/01\/Diner-in-New-York-scaled.webp?resize=390%2C350&amp;ssl=1\" class=\"attachment-poket-blog-default size-poket-blog-default wp-post-image\" alt=\"Fr\u00fchst\u00fcck in New York Fr\u00fchst\u00fcck in New York Fr\u00fchst\u00fcck in New York\" srcset=\"https:\/\/i0.wp.com\/www.newyorkinfo.nl\/wp-content\/uploads\/2025\/01\/Diner-in-New-York-scaled.webp?resize=390%2C350&amp;ssl=1 390w, https:\/\/i0.wp.com\/www.newyorkinfo.nl\/wp-content\/uploads\/2025\/01\/Diner-in-New-York-scaled.webp?zoom=2&amp;resize=390%2C350&amp;ssl=1 780w, https:\/\/i0.wp.com\/www.newyorkinfo.nl\/wp-content\/uploads\/2025\/01\/Diner-in-New-York-scaled.webp?zoom=3&amp;resize=390%2C350&amp;ssl=1 1170w\" sizes=\"(max-width: 390px) 100vw, 390px\" \/> <\/a>\r\n\t\t\t\t\t\t\t\t\t\t\t\t<div class=\"blog_add_icon\">\r\n\t\t\t\t\t\t\t\t\t\t\t\t\t<a href=\"https:\/\/www.newyorkinfo.nl\/de\/essen-und-trinken-in-new-york\/fruehstueck-in-new-york\/\"><i class=\"icofont-link\"><\/i><\/a>\r\n\t\t\t\t\t\t\t\t\t\t\t\t<\/div>\r\n\t\t\t\t\t\t\t\t\t\t\t<\/div>\r\n\t\t\t\t\t\t\t\t\t\t\t<!-- BLOG TITLE -->\r\n\t\t\t\t\t\t\t\t\t\t\t<div class=\"blog-page-title_adn2 \">\r\n\t\t\t\t\t\t\t\t\t\t\t\t<h2><a href=\"https:\/\/www.newyorkinfo.nl\/de\/essen-und-trinken-in-new-york\/fruehstueck-in-new-york\/\">Fr\u00fchst\u00fcck in New York: Tipps und Hotspots<\/a><\/h2>\t\t\t\r\n\t\t\t\t\t\t\t\t\t\t\t<\/div>\t\t\t\t\t\t\t\t\t\t\t\r\n\t\t\t\t\t\t\t\t\t\t<\/div>\r\n\t\t\t\t\t\t\t\t\t\t\t\t\t\t\t\t\t\t\t\t<div class=\"em-blog-content-area_adn \">\r\n\t\t\t\t\t\t\t\t\t\t\t<!-- content -->\r\n\t\t\t\t\t\t\t\t\t\t\t\t\t\t\t\t\t\t\t\t\t\t\t<p>Ein gutes Fr\u00fchst\u00fcck in New York ist w\u00e4hrend Ihres Aufenthalts in der Stadt sehr wichtig,<\/p>\t\t\t\t\t\t\t\t\t\t\t\t\t\t\t\t\t\t\t\t\t\r\n\t\t\t\t\t\t\t\t\t\t\t\t\t\t\t\t\t\t\t\t\t\t\r\n\t\t\t\t\t\t\t\t\t\t\t\t<div class=\"learn_more_adn\">\r\n\t\t\t\t\t\t\t\t\t\t\t\t  <a class=\"learn_btn adnbtn2\" href=\"https:\/\/www.newyorkinfo.nl\/de\/essen-und-trinken-in-new-york\/fruehstueck-in-new-york\/\">Mehr lesen <\/a>\r\n\t\t\t\t\t\t\t\t\t\t\t\t<\/div>\r\n\t\t\t\t\t\t\t\t\t\t\t\t\t\t\t\t\t\t\t\t\t<\/div>\t\t\r\n\t\t\t\t\t\t\t\t\t<\/div>\r\n\t\t\t\t\t\t\t\t<\/div> <!--  END SINGLE BLOG -->\r\n\t\r\n\t\t\t\t\t\t\t\t\t\r\n\t\t\t\t\t\t\t<\/div>\r\n\t\t\t\t\t\t<\/div>\r\n\t\t\t\t\t\t\t\t\t\t\t<!-- single blog -->\r\n\t\t\t\t\t\t<div class=\"col-lg-4  col-md-6 col-sm-8 grid-item  witr_all_mb_30\">\r\n\t\t\t\t\t\t\t<div class=\"single_blog_adn all_blog_color\">\r\n\t\t\t\t\t\t\t\t<div id=\"post-42880\" class=\"post-42880 post type-post status-publish format-standard has-post-thumbnail hentry category-essen-und-trinken-in-new-york\">\r\n\t\t\t\t\t\t\t\t\t<div class=\"poket-single-blog_adn \">\t\t\t\t\t\r\n\t\t\t\t\t\t\t\t\t\t<!-- BLOG THUMB -->\r\n\t\t\t\t\t\t\t\t\t\t\t\t\t\t\t\t\t\t\t\t<div class=\"blog_adn_thumb_inner\">\r\n\t\t\t\t\t\t\t\t\t\t\t<div class=\"poket-blog-thumb_adn \">\r\n\t\t\t\t\t\t\t\t\t\t\t\t<a href=\"https:\/\/www.newyorkinfo.nl\/de\/essen-und-trinken-in-new-york\/besten-bagels-in-new-york\/\"> <img loading=\"lazy\" decoding=\"async\" width=\"390\" height=\"350\" src=\"https:\/\/i0.wp.com\/www.newyorkinfo.nl\/wp-content\/uploads\/2025\/01\/bagels-in-New-York-scaled.webp?resize=390%2C350&amp;ssl=1\" class=\"attachment-poket-blog-default size-poket-blog-default wp-post-image\" alt=\"Bagels in New York\" srcset=\"https:\/\/i0.wp.com\/www.newyorkinfo.nl\/wp-content\/uploads\/2025\/01\/bagels-in-New-York-scaled.webp?resize=390%2C350&amp;ssl=1 390w, https:\/\/i0.wp.com\/www.newyorkinfo.nl\/wp-content\/uploads\/2025\/01\/bagels-in-New-York-scaled.webp?zoom=2&amp;resize=390%2C350&amp;ssl=1 780w, https:\/\/i0.wp.com\/www.newyorkinfo.nl\/wp-content\/uploads\/2025\/01\/bagels-in-New-York-scaled.webp?zoom=3&amp;resize=390%2C350&amp;ssl=1 1170w\" sizes=\"(max-width: 390px) 100vw, 390px\" \/> <\/a>\r\n\t\t\t\t\t\t\t\t\t\t\t\t<div class=\"blog_add_icon\">\r\n\t\t\t\t\t\t\t\t\t\t\t\t\t<a href=\"https:\/\/www.newyorkinfo.nl\/de\/essen-und-trinken-in-new-york\/besten-bagels-in-new-york\/\"><i class=\"icofont-link\"><\/i><\/a>\r\n\t\t\t\t\t\t\t\t\t\t\t\t<\/div>\r\n\t\t\t\t\t\t\t\t\t\t\t<\/div>\r\n\t\t\t\t\t\t\t\t\t\t\t<!-- BLOG TITLE -->\r\n\t\t\t\t\t\t\t\t\t\t\t<div class=\"blog-page-title_adn2 \">\r\n\t\t\t\t\t\t\t\t\t\t\t\t<h2><a href=\"https:\/\/www.newyorkinfo.nl\/de\/essen-und-trinken-in-new-york\/besten-bagels-in-new-york\/\">Wo kann man in New York die besten Bagels essen?<\/a><\/h2>\t\t\t\r\n\t\t\t\t\t\t\t\t\t\t\t<\/div>\t\t\t\t\t\t\t\t\t\t\t\r\n\t\t\t\t\t\t\t\t\t\t<\/div>\r\n\t\t\t\t\t\t\t\t\t\t\t\t\t\t\t\t\t\t\t\t<div class=\"em-blog-content-area_adn \">\r\n\t\t\t\t\t\t\t\t\t\t\t<!-- content -->\r\n\t\t\t\t\t\t\t\t\t\t\t\t\t\t\t\t\t\t\t\t\t\t\t<p>Die Bagels in New York erfreuen sich gro\u00dfer Beliebtheit und geh\u00f6ren zu den besten Bagels<\/p>\t\t\t\t\t\t\t\t\t\t\t\t\t\t\t\t\t\t\t\t\t\r\n\t\t\t\t\t\t\t\t\t\t\t\t\t\t\t\t\t\t\t\t\t\t\r\n\t\t\t\t\t\t\t\t\t\t\t\t<div class=\"learn_more_adn\">\r\n\t\t\t\t\t\t\t\t\t\t\t\t  <a class=\"learn_btn adnbtn2\" href=\"https:\/\/www.newyorkinfo.nl\/de\/essen-und-trinken-in-new-york\/besten-bagels-in-new-york\/\">Mehr lesen <\/a>\r\n\t\t\t\t\t\t\t\t\t\t\t\t<\/div>\r\n\t\t\t\t\t\t\t\t\t\t\t\t\t\t\t\t\t\t\t\t\t<\/div>\t\t\r\n\t\t\t\t\t\t\t\t\t<\/div>\r\n\t\t\t\t\t\t\t\t<\/div> <!--  END SINGLE BLOG -->\r\n\t\r\n\t\t\t\t\t\t\t\t\t\r\n\t\t\t\t\t\t\t<\/div>\r\n\t\t\t\t\t\t<\/div>\r\n\t\t\t\t\t\t\t\t\t\t\t<!-- single blog -->\r\n\t\t\t\t\t\t<div class=\"col-lg-4  col-md-6 col-sm-8 grid-item  witr_all_mb_30\">\r\n\t\t\t\t\t\t\t<div class=\"single_blog_adn all_blog_color\">\r\n\t\t\t\t\t\t\t\t<div id=\"post-39771\" class=\"post-39771 post type-post status-publish format-standard has-post-thumbnail hentry category-essen-und-trinken-in-new-york\">\r\n\t\t\t\t\t\t\t\t\t<div class=\"poket-single-blog_adn \">\t\t\t\t\t\r\n\t\t\t\t\t\t\t\t\t\t<!-- BLOG THUMB -->\r\n\t\t\t\t\t\t\t\t\t\t\t\t\t\t\t\t\t\t\t\t<div class=\"blog_adn_thumb_inner\">\r\n\t\t\t\t\t\t\t\t\t\t\t<div class=\"poket-blog-thumb_adn \">\r\n\t\t\t\t\t\t\t\t\t\t\t\t<a href=\"https:\/\/www.newyorkinfo.nl\/de\/essen-und-trinken-in-new-york\/wo-kann-man-in-new-york-den-besten-kaffeetrinken\/\"> <img loading=\"lazy\" decoding=\"async\" width=\"390\" height=\"350\" src=\"https:\/\/i0.wp.com\/www.newyorkinfo.nl\/wp-content\/uploads\/2024\/12\/Waar-kun-je-de-lekkerste-Koffie-drinken-in-New-York-scaled.webp?resize=390%2C350&amp;ssl=1\" class=\"attachment-poket-blog-default size-poket-blog-default wp-post-image\" alt=\"Kaffeetrinkenin New York\" srcset=\"https:\/\/i0.wp.com\/www.newyorkinfo.nl\/wp-content\/uploads\/2024\/12\/Waar-kun-je-de-lekkerste-Koffie-drinken-in-New-York-scaled.webp?resize=390%2C350&amp;ssl=1 390w, https:\/\/i0.wp.com\/www.newyorkinfo.nl\/wp-content\/uploads\/2024\/12\/Waar-kun-je-de-lekkerste-Koffie-drinken-in-New-York-scaled.webp?zoom=2&amp;resize=390%2C350&amp;ssl=1 780w, https:\/\/i0.wp.com\/www.newyorkinfo.nl\/wp-content\/uploads\/2024\/12\/Waar-kun-je-de-lekkerste-Koffie-drinken-in-New-York-scaled.webp?zoom=3&amp;resize=390%2C350&amp;ssl=1 1170w\" sizes=\"(max-width: 390px) 100vw, 390px\" \/> <\/a>\r\n\t\t\t\t\t\t\t\t\t\t\t\t<div class=\"blog_add_icon\">\r\n\t\t\t\t\t\t\t\t\t\t\t\t\t<a href=\"https:\/\/www.newyorkinfo.nl\/de\/essen-und-trinken-in-new-york\/wo-kann-man-in-new-york-den-besten-kaffeetrinken\/\"><i class=\"icofont-link\"><\/i><\/a>\r\n\t\t\t\t\t\t\t\t\t\t\t\t<\/div>\r\n\t\t\t\t\t\t\t\t\t\t\t<\/div>\r\n\t\t\t\t\t\t\t\t\t\t\t<!-- BLOG TITLE -->\r\n\t\t\t\t\t\t\t\t\t\t\t<div class=\"blog-page-title_adn2 \">\r\n\t\t\t\t\t\t\t\t\t\t\t\t<h2><a href=\"https:\/\/www.newyorkinfo.nl\/de\/essen-und-trinken-in-new-york\/wo-kann-man-in-new-york-den-besten-kaffeetrinken\/\">Wo kann man in New York den besten Kaffeetrinken?<\/a><\/h2>\t\t\t\r\n\t\t\t\t\t\t\t\t\t\t\t<\/div>\t\t\t\t\t\t\t\t\t\t\t\r\n\t\t\t\t\t\t\t\t\t\t<\/div>\r\n\t\t\t\t\t\t\t\t\t\t\t\t\t\t\t\t\t\t\t\t<div class=\"em-blog-content-area_adn \">\r\n\t\t\t\t\t\t\t\t\t\t\t<!-- content -->\r\n\t\t\t\t\t\t\t\t\t\t\t\t\t\t\t\t\t\t\t\t\t\t\t<p>Kaffeetrinken geh\u00f6rt in New York schon seit Jahren zum Lebensstil vieler New Yorker. Und die<\/p>\t\t\t\t\t\t\t\t\t\t\t\t\t\t\t\t\t\t\t\t\t\r\n\t\t\t\t\t\t\t\t\t\t\t\t\t\t\t\t\t\t\t\t\t\t\r\n\t\t\t\t\t\t\t\t\t\t\t\t<div class=\"learn_more_adn\">\r\n\t\t\t\t\t\t\t\t\t\t\t\t  <a class=\"learn_btn adnbtn2\" href=\"https:\/\/www.newyorkinfo.nl\/de\/essen-und-trinken-in-new-york\/wo-kann-man-in-new-york-den-besten-kaffeetrinken\/\">Mehr lesen <\/a>\r\n\t\t\t\t\t\t\t\t\t\t\t\t<\/div>\r\n\t\t\t\t\t\t\t\t\t\t\t\t\t\t\t\t\t\t\t\t\t<\/div>\t\t\r\n\t\t\t\t\t\t\t\t\t<\/div>\r\n\t\t\t\t\t\t\t\t<\/div> <!--  END SINGLE BLOG -->\r\n\t\r\n\t\t\t\t\t\t\t\t\t\r\n\t\t\t\t\t\t\t<\/div>\r\n\t\t\t\t\t\t<\/div>\r\n\t\t\t\t\t\t\t\t\t\t\t<!-- single blog -->\r\n\t\t\t\t\t\t<div class=\"col-lg-4  col-md-6 col-sm-8 grid-item  witr_all_mb_30\">\r\n\t\t\t\t\t\t\t<div class=\"single_blog_adn all_blog_color\">\r\n\t\t\t\t\t\t\t\t<div id=\"post-34729\" class=\"post-34729 post type-post status-publish format-standard has-post-thumbnail hentry category-essen-und-trinken-in-new-york\">\r\n\t\t\t\t\t\t\t\t\t<div class=\"poket-single-blog_adn \">\t\t\t\t\t\r\n\t\t\t\t\t\t\t\t\t\t<!-- BLOG THUMB -->\r\n\t\t\t\t\t\t\t\t\t\t\t\t\t\t\t\t\t\t\t\t<div class=\"blog_adn_thumb_inner\">\r\n\t\t\t\t\t\t\t\t\t\t\t<div class=\"poket-blog-thumb_adn \">\r\n\t\t\t\t\t\t\t\t\t\t\t\t<a href=\"https:\/\/www.newyorkinfo.nl\/de\/essen-und-trinken-in-new-york\/was-ist-die-beste-pizza-von-new-york\/\"> <img loading=\"lazy\" decoding=\"async\" width=\"390\" height=\"350\" src=\"https:\/\/i0.wp.com\/www.newyorkinfo.nl\/wp-content\/uploads\/2024\/03\/Wat-is-de-beste-pizza-van-New-York-scaled.webp?resize=390%2C350&amp;ssl=1\" class=\"attachment-poket-blog-default size-poket-blog-default not-transparent wp-post-image\" alt=\"\" data-has-transparency=\"false\" data-dominant-color=\"a97f59\" style=\"--dominant-color: #a97f59;\" \/> <\/a>\r\n\t\t\t\t\t\t\t\t\t\t\t\t<div class=\"blog_add_icon\">\r\n\t\t\t\t\t\t\t\t\t\t\t\t\t<a href=\"https:\/\/www.newyorkinfo.nl\/de\/essen-und-trinken-in-new-york\/was-ist-die-beste-pizza-von-new-york\/\"><i class=\"icofont-link\"><\/i><\/a>\r\n\t\t\t\t\t\t\t\t\t\t\t\t<\/div>\r\n\t\t\t\t\t\t\t\t\t\t\t<\/div>\r\n\t\t\t\t\t\t\t\t\t\t\t<!-- BLOG TITLE -->\r\n\t\t\t\t\t\t\t\t\t\t\t<div class=\"blog-page-title_adn2 \">\r\n\t\t\t\t\t\t\t\t\t\t\t\t<h2><a href=\"https:\/\/www.newyorkinfo.nl\/de\/essen-und-trinken-in-new-york\/was-ist-die-beste-pizza-von-new-york\/\">Wo kann man in New York die beste Pizza essen?<\/a><\/h2>\t\t\t\r\n\t\t\t\t\t\t\t\t\t\t\t<\/div>\t\t\t\t\t\t\t\t\t\t\t\r\n\t\t\t\t\t\t\t\t\t\t<\/div>\r\n\t\t\t\t\t\t\t\t\t\t\t\t\t\t\t\t\t\t\t\t<div class=\"em-blog-content-area_adn \">\r\n\t\t\t\t\t\t\t\t\t\t\t<!-- content -->\r\n\t\t\t\t\t\t\t\t\t\t\t\t\t\t\t\t\t\t\t\t\t\t\t<p>Was ist die beste Pizza in New York? Diese Frage ist schwer zu beantworten, denn<\/p>\t\t\t\t\t\t\t\t\t\t\t\t\t\t\t\t\t\t\t\t\t\r\n\t\t\t\t\t\t\t\t\t\t\t\t\t\t\t\t\t\t\t\t\t\t\r\n\t\t\t\t\t\t\t\t\t\t\t\t<div class=\"learn_more_adn\">\r\n\t\t\t\t\t\t\t\t\t\t\t\t  <a class=\"learn_btn adnbtn2\" href=\"https:\/\/www.newyorkinfo.nl\/de\/essen-und-trinken-in-new-york\/was-ist-die-beste-pizza-von-new-york\/\">Mehr lesen <\/a>\r\n\t\t\t\t\t\t\t\t\t\t\t\t<\/div>\r\n\t\t\t\t\t\t\t\t\t\t\t\t\t\t\t\t\t\t\t\t\t<\/div>\t\t\r\n\t\t\t\t\t\t\t\t\t<\/div>\r\n\t\t\t\t\t\t\t\t<\/div> <!--  END SINGLE BLOG -->\r\n\t\r\n\t\t\t\t\t\t\t\t\t\r\n\t\t\t\t\t\t\t<\/div>\r\n\t\t\t\t\t\t<\/div>\r\n\t\t\t\t\t\t\t\t\t\t\t<!-- single blog -->\r\n\t\t\t\t\t\t<div class=\"col-lg-4  col-md-6 col-sm-8 grid-item  witr_all_mb_30\">\r\n\t\t\t\t\t\t\t<div class=\"single_blog_adn all_blog_color\">\r\n\t\t\t\t\t\t\t\t<div id=\"post-34751\" class=\"post-34751 post type-post status-publish format-standard has-post-thumbnail hentry category-essen-und-trinken-in-new-york\">\r\n\t\t\t\t\t\t\t\t\t<div class=\"poket-single-blog_adn \">\t\t\t\t\t\r\n\t\t\t\t\t\t\t\t\t\t<!-- BLOG THUMB -->\r\n\t\t\t\t\t\t\t\t\t\t\t\t\t\t\t\t\t\t\t\t<div class=\"blog_adn_thumb_inner\">\r\n\t\t\t\t\t\t\t\t\t\t\t<div class=\"poket-blog-thumb_adn \">\r\n\t\t\t\t\t\t\t\t\t\t\t\t<a href=\"https:\/\/www.newyorkinfo.nl\/de\/essen-und-trinken-in-new-york\/die-besten-food-trucks-in-new-york\/\"> <img loading=\"lazy\" decoding=\"async\" width=\"390\" height=\"350\" src=\"https:\/\/i0.wp.com\/www.newyorkinfo.nl\/wp-content\/uploads\/2024\/03\/De-beste-Food-Trucks-in-New-York-scaled.webp?resize=390%2C350&amp;ssl=1\" class=\"attachment-poket-blog-default size-poket-blog-default not-transparent wp-post-image\" alt=\"\" data-has-transparency=\"false\" data-dominant-color=\"7b6d56\" style=\"--dominant-color: #7b6d56;\" \/> <\/a>\r\n\t\t\t\t\t\t\t\t\t\t\t\t<div class=\"blog_add_icon\">\r\n\t\t\t\t\t\t\t\t\t\t\t\t\t<a href=\"https:\/\/www.newyorkinfo.nl\/de\/essen-und-trinken-in-new-york\/die-besten-food-trucks-in-new-york\/\"><i class=\"icofont-link\"><\/i><\/a>\r\n\t\t\t\t\t\t\t\t\t\t\t\t<\/div>\r\n\t\t\t\t\t\t\t\t\t\t\t<\/div>\r\n\t\t\t\t\t\t\t\t\t\t\t<!-- BLOG TITLE -->\r\n\t\t\t\t\t\t\t\t\t\t\t<div class=\"blog-page-title_adn2 \">\r\n\t\t\t\t\t\t\t\t\t\t\t\t<h2><a href=\"https:\/\/www.newyorkinfo.nl\/de\/essen-und-trinken-in-new-york\/die-besten-food-trucks-in-new-york\/\">Die besten Food Trucks in New York<\/a><\/h2>\t\t\t\r\n\t\t\t\t\t\t\t\t\t\t\t<\/div>\t\t\t\t\t\t\t\t\t\t\t\r\n\t\t\t\t\t\t\t\t\t\t<\/div>\r\n\t\t\t\t\t\t\t\t\t\t\t\t\t\t\t\t\t\t\t\t<div class=\"em-blog-content-area_adn \">\r\n\t\t\t\t\t\t\t\t\t\t\t<!-- content -->\r\n\t\t\t\t\t\t\t\t\t\t\t\t\t\t\t\t\t\t\t\t\t\t\t<p>New York ist eine der gro\u00dfartigsten kulinarischen St\u00e4dte der Welt. Es gibt viele Arten von<\/p>\t\t\t\t\t\t\t\t\t\t\t\t\t\t\t\t\t\t\t\t\t\r\n\t\t\t\t\t\t\t\t\t\t\t\t\t\t\t\t\t\t\t\t\t\t\r\n\t\t\t\t\t\t\t\t\t\t\t\t<div class=\"learn_more_adn\">\r\n\t\t\t\t\t\t\t\t\t\t\t\t  <a class=\"learn_btn adnbtn2\" href=\"https:\/\/www.newyorkinfo.nl\/de\/essen-und-trinken-in-new-york\/die-besten-food-trucks-in-new-york\/\">Mehr lesen <\/a>\r\n\t\t\t\t\t\t\t\t\t\t\t\t<\/div>\r\n\t\t\t\t\t\t\t\t\t\t\t\t\t\t\t\t\t\t\t\t\t<\/div>\t\t\r\n\t\t\t\t\t\t\t\t\t<\/div>\r\n\t\t\t\t\t\t\t\t<\/div> <!--  END SINGLE BLOG -->\r\n\t\r\n\t\t\t\t\t\t\t\t\t\r\n\t\t\t\t\t\t\t<\/div>\r\n\t\t\t\t\t\t<\/div>\r\n\t\t\t\t\t\t\r\n\t\t\t\t\t\r\n\t\t\t\t\t\r\n\t\t\t\t<\/div>\r\n\t\t\t<\/div>\t\t\t\t\t\t\t\t\t\r\n\t\t\t\t\t\r\n\t\t\t\t<\/div>\n\t\t\t\t<\/div>\n\t\t\t\t\t<\/div>\n\t\t\t\t<\/div>\n\t\t\t\t<\/div>\n\t\t","protected":false},"excerpt":{"rendered":"<p>Essen und Trinken in New York In New York gibt es Tausende von Orten zum Essen und Trinken. Nicht umsonst ist die Stadt eine der kulinarischsten St\u00e4dte der Welt, aber woher wei\u00df man, wo und wo man in New York am besten essen kann? Wir haben f\u00fcr Sie bereits einen \u00dcberblick \u00fcber die besten Speisem\u00f6glichkeiten [&hellip;]<\/p>\n","protected":false},"author":1,"featured_media":0,"parent":0,"menu_order":0,"comment_status":"closed","ping_status":"closed","template":"","meta":{"footnotes":""},"class_list":["post-33758","page","type-page","status-publish","hentry"],"aioseo_notices":[],"_links":{"self":[{"href":"https:\/\/www.newyorkinfo.nl\/de\/wp-json\/wp\/v2\/pages\/33758","targetHints":{"allow":["GET"]}}],"collection":[{"href":"https:\/\/www.newyorkinfo.nl\/de\/wp-json\/wp\/v2\/pages"}],"about":[{"href":"https:\/\/www.newyorkinfo.nl\/de\/wp-json\/wp\/v2\/types\/page"}],"author":[{"embeddable":true,"href":"https:\/\/www.newyorkinfo.nl\/de\/wp-json\/wp\/v2\/users\/1"}],"replies":[{"embeddable":true,"href":"https:\/\/www.newyorkinfo.nl\/de\/wp-json\/wp\/v2\/comments?post=33758"}],"version-history":[{"count":0,"href":"https:\/\/www.newyorkinfo.nl\/de\/wp-json\/wp\/v2\/pages\/33758\/revisions"}],"wp:attachment":[{"href":"https:\/\/www.newyorkinfo.nl\/de\/wp-json\/wp\/v2\/media?parent=33758"}],"curies":[{"name":"wp","href":"https:\/\/api.w.org\/{rel}","templated":true}]}}