{"id":33711,"date":"2024-06-25T18:27:31","date_gmt":"2024-06-25T18:27:31","guid":{"rendered":"https:\/\/www.newyorkinfo.nl\/haftungsausschluss\/"},"modified":"2025-12-03T16:02:33","modified_gmt":"2025-12-03T16:02:33","slug":"haftungsausschluss","status":"publish","type":"page","link":"https:\/\/www.newyorkinfo.nl\/de\/haftungsausschluss\/","title":{"rendered":"Haftungsausschluss"},"content":{"rendered":"\t\t<div data-elementor-type=\"wp-page\" data-elementor-id=\"33711\" class=\"elementor elementor-33711 elementor-28434\" data-elementor-post-type=\"page\">\n\t\t\t\t<div class=\"elementor-element elementor-element-c936002 e-flex e-con-boxed e-con e-parent\" data-id=\"c936002\" data-element_type=\"container\" data-e-type=\"container\">\n\t\t\t\t\t<div class=\"e-con-inner\">\n\t\t\t\t<div class=\"elementor-element elementor-element-42155c7 elementor-widget elementor-widget-heading\" data-id=\"42155c7\" data-element_type=\"widget\" data-e-type=\"widget\" data-widget_type=\"heading.default\">\n\t\t\t\t<div class=\"elementor-widget-container\">\n\t\t\t\t\t<h2 class=\"elementor-heading-title elementor-size-default\">Unsere Daten<\/h2>\t\t\t\t<\/div>\n\t\t\t\t<\/div>\n\t\t\t\t\t<\/div>\n\t\t\t\t<\/div>\n\t\t<div class=\"elementor-element elementor-element-47987d4 e-flex e-con-boxed e-con e-parent\" data-id=\"47987d4\" data-element_type=\"container\" data-e-type=\"container\">\n\t\t\t\t\t<div class=\"e-con-inner\">\n\t\t\t\t<div class=\"elementor-element elementor-element-9c64ecf elementor-widget elementor-widget-text-editor\" data-id=\"9c64ecf\" data-element_type=\"widget\" data-e-type=\"widget\" data-widget_type=\"text-editor.default\">\n\t\t\t\t<div class=\"elementor-widget-container\">\n\t\t\t\t\t\t\t\t\t<p><strong>New York Info<\/strong><br \/>Allersma 123<br \/>5655 CD Eindhoven<br \/>Nederland<br \/>info@newyorkinfo.nl<\/p>\n\t\t\t\t\t\t\t\t<\/div>\n\t\t\t\t<\/div>\n\t\t\t\t\t<\/div>\n\t\t\t\t<\/div>\n\t\t<div class=\"elementor-element elementor-element-4465e24 e-flex e-con-boxed e-con e-parent\" data-id=\"4465e24\" data-element_type=\"container\" data-e-type=\"container\">\n\t\t\t\t\t<div class=\"e-con-inner\">\n\t\t\t\t<div class=\"elementor-element elementor-element-6f15599 elementor-widget elementor-widget-heading\" data-id=\"6f15599\" data-element_type=\"widget\" data-e-type=\"widget\" data-widget_type=\"heading.default\">\n\t\t\t\t<div class=\"elementor-widget-container\">\n\t\t\t\t\t<h2 class=\"elementor-heading-title elementor-size-default\">Recht des geistigen Eigentums<\/h2>\t\t\t\t<\/div>\n\t\t\t\t<\/div>\n\t\t\t\t\t<\/div>\n\t\t\t\t<\/div>\n\t\t<div class=\"elementor-element elementor-element-2535bc6 e-flex e-con-boxed e-con e-parent\" data-id=\"2535bc6\" data-element_type=\"container\" data-e-type=\"container\">\n\t\t\t\t\t<div class=\"e-con-inner\">\n\t\t\t\t<div class=\"elementor-element elementor-element-d1a2137 elementor-widget elementor-widget-text-editor\" data-id=\"d1a2137\" data-element_type=\"widget\" data-e-type=\"widget\" data-widget_type=\"text-editor.default\">\n\t\t\t\t<div class=\"elementor-widget-container\">\n\t\t\t\t\t\t\t\t\t<p>New York Info beh\u00e4lt alle Rechte (einschlie\u00dflich Urheberrechte, Domainnamen, Markenrechte, Patente und andere Rechte an geistigem Eigentum) in Bezug auf die Website und die Produkte (einschlie\u00dflich aller Texte, Grafiken und Logos). Ohne vorherige schriftliche Genehmigung von New York Info oder des Urheberrechtsinhabers ist es nicht gestattet, Informationen auf der Website zu kopieren, herunterzuladen oder in irgendeiner Weise zu ver\u00f6ffentlichen, zu verbreiten oder zu reproduzieren.  Das Drucken und\/oder Herunterladen von Informationen auf der Website f\u00fcr den pers\u00f6nlichen Gebrauch ist gestattet.<\/p>\n\t\t\t\t\t\t\t\t<\/div>\n\t\t\t\t<\/div>\n\t\t\t\t\t<\/div>\n\t\t\t\t<\/div>\n\t\t<div class=\"elementor-element elementor-element-66a8ee3 e-flex e-con-boxed e-con e-parent\" data-id=\"66a8ee3\" data-element_type=\"container\" data-e-type=\"container\">\n\t\t\t\t\t<div class=\"e-con-inner\">\n\t\t\t\t<div class=\"elementor-element elementor-element-df02eb2 elementor-widget elementor-widget-heading\" data-id=\"df02eb2\" data-element_type=\"widget\" data-e-type=\"widget\" data-widget_type=\"heading.default\">\n\t\t\t\t<div class=\"elementor-widget-container\">\n\t\t\t\t\t<h2 class=\"elementor-heading-title elementor-size-default\">Affiliate-Links<\/h2>\t\t\t\t<\/div>\n\t\t\t\t<\/div>\n\t\t\t\t\t<\/div>\n\t\t\t\t<\/div>\n\t\t<div class=\"elementor-element elementor-element-6071d4f e-flex e-con-boxed e-con e-parent\" data-id=\"6071d4f\" data-element_type=\"container\" data-e-type=\"container\">\n\t\t\t\t\t<div class=\"e-con-inner\">\n\t\t\t\t<div class=\"elementor-element elementor-element-6feb89b elementor-widget elementor-widget-text-editor\" data-id=\"6feb89b\" data-element_type=\"widget\" data-e-type=\"widget\" data-widget_type=\"text-editor.default\">\n\t\t\t\t<div class=\"elementor-widget-container\">\n\t\t\t\t\t\t\t\t\t<p>Die Blogs auf unserer Webseite enthalten Affiliate-Links. Mit diesen Affiliate-Links verdienen wir einen kleinen Prozentsatz, wenn \u00fcber diese Links K\u00e4ufe get\u00e4tigt werden. <\/p>\n\t\t\t\t\t\t\t\t<\/div>\n\t\t\t\t<\/div>\n\t\t\t\t\t<\/div>\n\t\t\t\t<\/div>\n\t\t<div class=\"elementor-element elementor-element-9880711 e-flex e-con-boxed e-con e-parent\" data-id=\"9880711\" data-element_type=\"container\" data-e-type=\"container\">\n\t\t\t\t\t<div class=\"e-con-inner\">\n\t\t\t\t<div class=\"elementor-element elementor-element-44736c6 elementor-widget elementor-widget-heading\" data-id=\"44736c6\" data-element_type=\"widget\" data-e-type=\"widget\" data-widget_type=\"heading.default\">\n\t\t\t\t<div class=\"elementor-widget-container\">\n\t\t\t\t\t<h2 class=\"elementor-heading-title elementor-size-default\">\u00c4nderungen<\/h2>\t\t\t\t<\/div>\n\t\t\t\t<\/div>\n\t\t\t\t\t<\/div>\n\t\t\t\t<\/div>\n\t\t<div class=\"elementor-element elementor-element-a03cf0f e-flex e-con-boxed e-con e-parent\" data-id=\"a03cf0f\" data-element_type=\"container\" data-e-type=\"container\">\n\t\t\t\t\t<div class=\"e-con-inner\">\n\t\t\t\t<div class=\"elementor-element elementor-element-5a77643 elementor-widget elementor-widget-text-editor\" data-id=\"5a77643\" data-element_type=\"widget\" data-e-type=\"widget\" data-widget_type=\"text-editor.default\">\n\t\t\t\t<div class=\"elementor-widget-container\">\n\t\t\t\t\t\t\t\t\t<p>New York Info beh\u00e4lt sich das Recht vor, die auf oder \u00fcber diese Website angebotenen Informationen, einschlie\u00dflich des Textes dieses Haftungsausschlusses und der Datenschutzerkl\u00e4rung, jederzeit und ohne vorherige Ank\u00fcndigung zu \u00e4ndern. Es wird empfohlen, regelm\u00e4\u00dfig zu \u00fcberpr\u00fcfen, ob sich die auf oder \u00fcber diese Website angebotenen Informationen, einschlie\u00dflich des Textes dieses Haftungsausschlusses, ge\u00e4ndert haben. <\/p>\n\t\t\t\t\t\t\t\t<\/div>\n\t\t\t\t<\/div>\n\t\t\t\t\t<\/div>\n\t\t\t\t<\/div>\n\t\t<div class=\"elementor-element elementor-element-c105ef3 e-flex e-con-boxed e-con e-parent\" data-id=\"c105ef3\" data-element_type=\"container\" data-e-type=\"container\">\n\t\t\t\t\t<div class=\"e-con-inner\">\n\t\t\t\t<div class=\"elementor-element elementor-element-02f7571 elementor-widget elementor-widget-heading\" data-id=\"02f7571\" data-element_type=\"widget\" data-e-type=\"widget\" data-widget_type=\"heading.default\">\n\t\t\t\t<div class=\"elementor-widget-container\">\n\t\t\t\t\t<h2 class=\"elementor-heading-title elementor-size-default\">Fragen<\/h2>\t\t\t\t<\/div>\n\t\t\t\t<\/div>\n\t\t\t\t\t<\/div>\n\t\t\t\t<\/div>\n\t\t<div class=\"elementor-element elementor-element-c5e0cfc e-flex e-con-boxed e-con e-parent\" data-id=\"c5e0cfc\" data-element_type=\"container\" data-e-type=\"container\">\n\t\t\t\t\t<div class=\"e-con-inner\">\n\t\t\t\t<div class=\"elementor-element elementor-element-8d7ab2c elementor-widget elementor-widget-text-editor\" data-id=\"8d7ab2c\" data-element_type=\"widget\" data-e-type=\"widget\" data-widget_type=\"text-editor.default\">\n\t\t\t\t<div class=\"elementor-widget-container\">\n\t\t\t\t\t\t\t\t\t<p>Wenn Sie Fragen oder Beschwerden zu unserer Datenschutz- und Cookie-Richtlinie haben, senden Sie bitte eine E-Mail an info@newyorkinfo.nl.<\/p>\n\t\t\t\t\t\t\t\t<\/div>\n\t\t\t\t<\/div>\n\t\t\t\t\t<\/div>\n\t\t\t\t<\/div>\n\t\t\t\t<\/div>\n\t\t","protected":false},"excerpt":{"rendered":"<p>Unsere Daten New York InfoAllersma 1235655 CD EindhovenNederlandinfo@newyorkinfo.nl Recht des geistigen Eigentums New York Info beh\u00e4lt alle Rechte (einschlie\u00dflich Urheberrechte, Domainnamen, Markenrechte, Patente und andere Rechte an geistigem Eigentum) in Bezug auf die Website und die Produkte (einschlie\u00dflich aller Texte, Grafiken und Logos). Ohne vorherige schriftliche Genehmigung von New York Info oder des Urheberrechtsinhabers ist [&hellip;]<\/p>\n","protected":false},"author":1,"featured_media":0,"parent":0,"menu_order":0,"comment_status":"closed","ping_status":"closed","template":"","meta":{"footnotes":""},"class_list":["post-33711","page","type-page","status-publish","hentry"],"aioseo_notices":[],"_links":{"self":[{"href":"https:\/\/www.newyorkinfo.nl\/de\/wp-json\/wp\/v2\/pages\/33711","targetHints":{"allow":["GET"]}}],"collection":[{"href":"https:\/\/www.newyorkinfo.nl\/de\/wp-json\/wp\/v2\/pages"}],"about":[{"href":"https:\/\/www.newyorkinfo.nl\/de\/wp-json\/wp\/v2\/types\/page"}],"author":[{"embeddable":true,"href":"https:\/\/www.newyorkinfo.nl\/de\/wp-json\/wp\/v2\/users\/1"}],"replies":[{"embeddable":true,"href":"https:\/\/www.newyorkinfo.nl\/de\/wp-json\/wp\/v2\/comments?post=33711"}],"version-history":[{"count":0,"href":"https:\/\/www.newyorkinfo.nl\/de\/wp-json\/wp\/v2\/pages\/33711\/revisions"}],"wp:attachment":[{"href":"https:\/\/www.newyorkinfo.nl\/de\/wp-json\/wp\/v2\/media?parent=33711"}],"curies":[{"name":"wp","href":"https:\/\/api.w.org\/{rel}","templated":true}]}}