{"id":33706,"date":"2024-09-11T11:36:14","date_gmt":"2024-09-11T11:36:14","guid":{"rendered":"https:\/\/www.newyorkinfo.nl\/kontakt\/"},"modified":"2025-08-12T19:08:27","modified_gmt":"2025-08-12T19:08:27","slug":"kontakt","status":"publish","type":"page","link":"https:\/\/www.newyorkinfo.nl\/de\/kontakt\/","title":{"rendered":"Kontakt"},"content":{"rendered":"\t\t<div data-elementor-type=\"wp-page\" data-elementor-id=\"33706\" class=\"elementor elementor-33706 elementor-32369\" data-elementor-post-type=\"page\">\n\t\t\t\t<div class=\"elementor-element elementor-element-1c3b2e4 e-flex e-con-boxed e-con e-parent\" data-id=\"1c3b2e4\" data-element_type=\"container\" data-e-type=\"container\">\n\t\t\t\t\t<div class=\"e-con-inner\">\n\t\t\t\t<div class=\"elementor-element elementor-element-a30ffa3 elementor-widget elementor-widget-heading\" data-id=\"a30ffa3\" data-element_type=\"widget\" data-e-type=\"widget\" data-widget_type=\"heading.default\">\n\t\t\t\t<div class=\"elementor-widget-container\">\n\t\t\t\t\t<h2 class=\"elementor-heading-title elementor-size-default\">Kontaktieren Sie uns<\/h2>\t\t\t\t<\/div>\n\t\t\t\t<\/div>\n\t\t\t\t\t<\/div>\n\t\t\t\t<\/div>\n\t\t<div class=\"elementor-element elementor-element-5f1585c e-flex e-con-boxed e-con e-parent\" data-id=\"5f1585c\" data-element_type=\"container\" data-e-type=\"container\">\n\t\t\t\t\t<div class=\"e-con-inner\">\n\t\t\t\t<div class=\"elementor-element elementor-element-312d6ae elementor-widget elementor-widget-text-editor\" data-id=\"312d6ae\" data-element_type=\"widget\" data-e-type=\"widget\" data-widget_type=\"text-editor.default\">\n\t\t\t\t<div class=\"elementor-widget-container\">\n\t\t\t\t\t\t\t\t\t<p>Du hast eine Frage, m\u00f6chtest mir etwas mitteilen oder suchst einfach noch mehr Tipps f\u00fcr deinen St\u00e4dtetrip nach New York? Schreib mir gerne eine Nachricht \u2013 ich helfe dir gerne weiter. <\/p><p>Sie k\u00f6nnen mir eine E-Mail senden an: <a href=\"mailto:info@newyorkinfo.nl\">info@newyorkinfo.nl<\/a><\/p><p data-start=\"304\" data-end=\"406\">Ich gebe mein Bestes, immer innerhalb von 24 Stunden zu antworten, damit Sie Ihre Pl\u00e4ne schnell fortsetzen k\u00f6nnen.<\/p><p data-start=\"408\" data-end=\"448\">Ich freue mich darauf, von Ihnen zu h\u00f6ren!<\/p>\t\t\t\t\t\t\t\t<\/div>\n\t\t\t\t<\/div>\n\t\t\t\t<div class=\"elementor-element elementor-element-6bf380a elementor-widget elementor-widget-heading\" data-id=\"6bf380a\" data-element_type=\"widget\" data-e-type=\"widget\" data-widget_type=\"heading.default\">\n\t\t\t\t<div class=\"elementor-widget-container\">\n\t\t\t\t\t<h2 class=\"elementor-heading-title elementor-size-default\">Rechnungsadresse<\/h2>\t\t\t\t<\/div>\n\t\t\t\t<\/div>\n\t\t\t\t\t<\/div>\n\t\t\t\t<\/div>\n\t\t<div class=\"elementor-element elementor-element-73a21ca e-flex e-con-boxed e-con e-parent\" data-id=\"73a21ca\" data-element_type=\"container\" data-e-type=\"container\">\n\t\t\t\t\t<div class=\"e-con-inner\">\n\t\t<div class=\"elementor-element elementor-element-c81b78a e-con-full e-flex e-con e-child\" data-id=\"c81b78a\" data-element_type=\"container\" data-e-type=\"container\">\n\t\t\t\t<div class=\"elementor-element elementor-element-266d22f elementor-widget elementor-widget-image\" data-id=\"266d22f\" data-element_type=\"widget\" data-e-type=\"widget\" data-widget_type=\"image.default\">\n\t\t\t\t<div class=\"elementor-widget-container\">\n\t\t\t\t\t\t\t\t\t\t\t\t\t\t\t<img decoding=\"async\" width=\"150\" height=\"150\" src=\"https:\/\/i0.wp.com\/www.newyorkinfo.nl\/wp-content\/uploads\/2025\/05\/Logo-New-York-Info-2025.webp?resize=150%2C150&amp;ssl=1\" class=\"attachment-thumbnail size-thumbnail wp-image-47416\" alt=\"Logo New York Info\" srcset=\"https:\/\/i0.wp.com\/www.newyorkinfo.nl\/wp-content\/uploads\/2025\/05\/Logo-New-York-Info-2025.webp?w=1024&amp;ssl=1 1024w, https:\/\/i0.wp.com\/www.newyorkinfo.nl\/wp-content\/uploads\/2025\/05\/Logo-New-York-Info-2025.webp?resize=300%2C300&amp;ssl=1 300w, https:\/\/i0.wp.com\/www.newyorkinfo.nl\/wp-content\/uploads\/2025\/05\/Logo-New-York-Info-2025.webp?resize=150%2C150&amp;ssl=1 150w, https:\/\/i0.wp.com\/www.newyorkinfo.nl\/wp-content\/uploads\/2025\/05\/Logo-New-York-Info-2025.webp?resize=768%2C768&amp;ssl=1 768w, https:\/\/i0.wp.com\/www.newyorkinfo.nl\/wp-content\/uploads\/2025\/05\/Logo-New-York-Info-2025.webp?resize=450%2C450&amp;ssl=1 450w, https:\/\/i0.wp.com\/www.newyorkinfo.nl\/wp-content\/uploads\/2025\/05\/Logo-New-York-Info-2025.webp?resize=106%2C106&amp;ssl=1 106w, https:\/\/i0.wp.com\/www.newyorkinfo.nl\/wp-content\/uploads\/2025\/05\/Logo-New-York-Info-2025.webp?resize=560%2C560&amp;ssl=1 560w, https:\/\/i0.wp.com\/www.newyorkinfo.nl\/wp-content\/uploads\/2025\/05\/Logo-New-York-Info-2025.webp?resize=70%2C70&amp;ssl=1 70w, https:\/\/i0.wp.com\/www.newyorkinfo.nl\/wp-content\/uploads\/2025\/05\/Logo-New-York-Info-2025.webp?resize=120%2C120&amp;ssl=1 120w\" sizes=\"(max-width: 150px) 100vw, 150px\" \/>\t\t\t\t\t\t\t\t\t\t\t\t\t\t\t<\/div>\n\t\t\t\t<\/div>\n\t\t\t\t<div class=\"elementor-element elementor-element-00b5666 elementor-widget elementor-widget-text-editor\" data-id=\"00b5666\" data-element_type=\"widget\" data-e-type=\"widget\" data-widget_type=\"text-editor.default\">\n\t\t\t\t<div class=\"elementor-widget-container\">\n\t\t\t\t\t\t\t\t\t<p><strong>New York Info<\/strong><\/p><p><strong>Stra\u00dfe<\/strong>: Allersma 123<\/p><p><strong>Postleitzahl:<\/strong> 5655CD<\/p><p><strong>Standort:<\/strong> Eindhoven<\/p><p><strong>Land:<\/strong> Die Niederlande<\/p><p> <\/p>\t\t\t\t\t\t\t\t<\/div>\n\t\t\t\t<\/div>\n\t\t\t\t<\/div>\n\t\t\t\t\t<\/div>\n\t\t\t\t<\/div>\n\t\t\t\t<\/div>\n\t\t","protected":false},"excerpt":{"rendered":"<p>Kontaktieren Sie uns Du hast eine Frage, m\u00f6chtest mir etwas mitteilen oder suchst einfach noch mehr Tipps f\u00fcr deinen St\u00e4dtetrip nach New York? Schreib mir gerne eine Nachricht \u2013 ich helfe dir gerne weiter. Sie k\u00f6nnen mir eine E-Mail senden an: info@newyorkinfo.nl Ich gebe mein Bestes, immer innerhalb von 24 Stunden zu antworten, damit Sie [&hellip;]<\/p>\n","protected":false},"author":1,"featured_media":33707,"parent":0,"menu_order":0,"comment_status":"closed","ping_status":"closed","template":"","meta":{"footnotes":""},"class_list":["post-33706","page","type-page","status-publish","has-post-thumbnail","hentry"],"aioseo_notices":[],"_links":{"self":[{"href":"https:\/\/www.newyorkinfo.nl\/de\/wp-json\/wp\/v2\/pages\/33706","targetHints":{"allow":["GET"]}}],"collection":[{"href":"https:\/\/www.newyorkinfo.nl\/de\/wp-json\/wp\/v2\/pages"}],"about":[{"href":"https:\/\/www.newyorkinfo.nl\/de\/wp-json\/wp\/v2\/types\/page"}],"author":[{"embeddable":true,"href":"https:\/\/www.newyorkinfo.nl\/de\/wp-json\/wp\/v2\/users\/1"}],"replies":[{"embeddable":true,"href":"https:\/\/www.newyorkinfo.nl\/de\/wp-json\/wp\/v2\/comments?post=33706"}],"version-history":[{"count":0,"href":"https:\/\/www.newyorkinfo.nl\/de\/wp-json\/wp\/v2\/pages\/33706\/revisions"}],"wp:featuredmedia":[{"embeddable":true,"href":"https:\/\/www.newyorkinfo.nl\/de\/wp-json\/wp\/v2\/media\/33707"}],"wp:attachment":[{"href":"https:\/\/www.newyorkinfo.nl\/de\/wp-json\/wp\/v2\/media?parent=33706"}],"curies":[{"name":"wp","href":"https:\/\/api.w.org\/{rel}","templated":true}]}}